{"id":6108,"date":"2018-11-15T15:46:21","date_gmt":"2018-11-15T15:46:21","guid":{"rendered":"https:\/\/beta.foyerscadieux.com\/?page_id=6108"},"modified":"2018-11-16T20:46:30","modified_gmt":"2018-11-16T20:46:30","slug":"privacy-policy","status":"publish","type":"page","link":"https:\/\/foyerscadieux.com\/en\/privacy-policy\/","title":{"rendered":"Privacy policy"},"content":{"rendered":"<div class=\"wpb-content-wrapper\"><p>[vc_row el_class=&#8221;main-content x-infinite&#8221;][vc_column][vc_column_text]<\/p>\n<p class=\"ul-titre\"><strong>WE ARE COMMITTED TO RESPECTING THE PRIVACY OF OUR WEB SITE USERS. THE FOLLOWING STANDARDS ARE INTEGRAL COMPONENTS OF OUR PRIVACY POLICY:<\/strong><\/p>\n<ul>\n<li>We do not keep any personal information including your name, address, telephone number, or e-mail address when you visit our Web site. This information is only collected if you provide it voluntarily when you sign up to our mailing list (email Newsletter), when you submit a request for information, or fill out an online form.<\/li>\n<li>The personal information you provide is protected under the federal Privacy Act. This means that you will be notified when any information about you is collected, and informed of the purpose of the collection and your right to access the information.<\/li>\n<li>We however collect information about traffic on our Web site for purposes of improving the site to better suit your needs.<\/li>\n<\/ul>\n<p class=\"ul-titre\"><strong>WE COLLECT TECHNICAL DATA SUCH AS:<\/strong><\/p>\n<ul>\n<li>he name of your Internet service provider, its IP address, and the name of the services provided;<\/li>\n<li>the length of each visit;<\/li>\n<li>the number of requests per visit;<\/li>\n<li>your operating system (Windows, MacIntosh, Unix, etc.)<\/li>\n<li>our Web browser (Google Chrome, Microsoft Edge, Mozilla Firefox, etc.).<\/li>\n<\/ul>\n<p>Canadians are protected by two federal privacy protection Acts, namely the Privacy Act and the Personal Information Protection and Electronic Documents Act (PIPEDA). PIPEDA is based on the Canadian Standards Association&#8217;s model privacy code, which is incorporated into the Act. Organizations in Qu\u00e9bec are subject to the Qu\u00e9bec Private Sector Privacy Act. The authority for enforcing this Act is the Commission d&#8217;acc\u00e8s \u00e0 l&#8217;information.<\/p>\n<p class=\"ul-titre\"><strong>THE FOLLOWING STANDARDS ARE PART OF OUR PRIVACY POLICY:<\/strong><\/p>\n<ul>\n<li><strong><span class=\"new-line\">Accountability:<\/span><\/strong><br \/>\nWe are responsible for the personal information in our possession. Our chief executive officer is responsible for implementing and ensuring compliance with our privacy policies and practices.<\/li>\n<li><strong><span class=\"new-line\">Identifying Purposes:<\/span><\/strong><br \/>\nBefore or during collection of personal information about you, we will inform you of the purposes for which the information is collected, explain how the information will be used, and the circumstances under which it may be communicated.<\/li>\n<li><strong><span class=\"new-line\">Consent:<\/span><\/strong><br \/>\nWe will not collect, use, or disseminate personal information without your consent.<\/li>\n<li><strong><span class=\"new-line\">Limiting Collection:<\/span><\/strong><br \/>\nPersonal information about you will only be collected if it is necessary for the identified purpose and only if it is reasonable and appropriate to do so under the circumstances.<\/li>\n<li><strong><span class=\"new-line\">Limiting Use, Disclosure, and Retention:<\/span><\/strong><br \/>\nPersonal information shall not be used or disclosed for purposes other than those for which it was collected, except with your consent or as required by law. Personal information shall be retained only as long as necessary for the fulfilment of those purposes.<\/li>\n<li><strong><span class=\"new-line\">Accuracy:<\/span><\/strong><br \/>\nIt is important that the personal information about you in our possession be accurate, complete, and up-to-date. Please contact us if you believe that the information is not accurate.<\/li>\n<li><strong><span class=\"new-line\">Safeguards:<\/span><\/strong><br \/>\nPersonal information is protected by security safeguards appropriate to the sensitivity of the information.<\/li>\n<li><strong><span class=\"new-line\">Openness:<\/span><\/strong><br \/>\nWe will provide you with a copy of this Privacy Policy upon request.<\/li>\n<li><strong><span class=\"new-line\">Individual Access:<\/span><\/strong><br \/>\nYou have the right to request access to personal information about you in our possession. You may also challenge the accuracy and completeness of the information and have it amended as appropriate.<\/li>\n<li><strong><span class=\"new-line\">Challenging Compliance:<\/span><\/strong><br \/>\nYou may address challenges concerning compliance with any of the above principles to our CEO.<\/li>\n<\/ul>\n<p>[\/vc_column_text][\/vc_column][\/vc_row]<\/p>\n<\/div>","protected":false},"excerpt":{"rendered":"<p>[vc_row el_class=&#8221;main-content x-infinite&#8221;][vc_column][vc_column_text] WE ARE COMMITTED TO RESPECTING THE PRIVACY OF OUR WEB SITE USERS. THE FOLLOWING STANDARDS ARE INTEGRAL COMPONENTS OF OUR PRIVACY POLICY: We do not keep any personal information including your name, address, telephone number, or e-mail address when you visit our Web site. <\/p>\n","protected":false},"author":1,"featured_media":0,"parent":0,"menu_order":0,"comment_status":"closed","ping_status":"closed","template":"fullwidth.php","meta":{"_acf_changed":false,"footnotes":""},"class_list":["post-6108","page","type-page","status-publish","hentry"],"acf":[],"yoast_head":"<!-- This site is optimized with the Yoast SEO plugin v27.2 - https:\/\/yoast.com\/product\/yoast-seo-wordpress\/ -->\n<title>Foyers Cadieux | Privacy Policy<\/title>\n<meta name=\"description\" content=\"Please read our privacy policy for an optimal use of our website\" \/>\n<meta name=\"robots\" content=\"index, follow, max-snippet:-1, max-image-preview:large, max-video-preview:-1\" \/>\n<link rel=\"canonical\" href=\"https:\/\/foyerscadieux.com\/en\/privacy-policy\/\" \/>\n<meta property=\"og:locale\" content=\"en_US\" \/>\n<meta property=\"og:type\" content=\"article\" \/>\n<meta property=\"og:title\" content=\"Foyers Cadieux | Privacy Policy\" \/>\n<meta property=\"og:description\" content=\"Please read our privacy policy for an optimal use of our website\" \/>\n<meta property=\"og:url\" content=\"https:\/\/foyerscadieux.com\/en\/privacy-policy\/\" \/>\n<meta property=\"og:site_name\" content=\"Foyers Cadieux\" \/>\n<meta property=\"article:modified_time\" content=\"2018-11-16T20:46:30+00:00\" \/>\n<meta name=\"twitter:card\" content=\"summary_large_image\" \/>\n<meta name=\"twitter:label1\" content=\"Est. reading time\" \/>\n\t<meta name=\"twitter:data1\" content=\"3 minutes\" \/>\n<script type=\"application\/ld+json\" class=\"yoast-schema-graph\">{\"@context\":\"https:\/\/schema.org\",\"@graph\":[{\"@type\":\"WebPage\",\"@id\":\"https:\/\/foyerscadieux.com\/en\/privacy-policy\/\",\"url\":\"https:\/\/foyerscadieux.com\/en\/privacy-policy\/\",\"name\":\"Foyers Cadieux | Privacy Policy\",\"isPartOf\":{\"@id\":\"https:\/\/foyerscadieux.com\/fr\/#website\"},\"datePublished\":\"2018-11-15T15:46:21+00:00\",\"dateModified\":\"2018-11-16T20:46:30+00:00\",\"description\":\"Please read our privacy policy for an optimal use of our website\",\"breadcrumb\":{\"@id\":\"https:\/\/foyerscadieux.com\/en\/privacy-policy\/#breadcrumb\"},\"inLanguage\":\"en-US\",\"potentialAction\":[{\"@type\":\"ReadAction\",\"target\":[\"https:\/\/foyerscadieux.com\/en\/privacy-policy\/\"]}]},{\"@type\":\"BreadcrumbList\",\"@id\":\"https:\/\/foyerscadieux.com\/en\/privacy-policy\/#breadcrumb\",\"itemListElement\":[{\"@type\":\"ListItem\",\"position\":1,\"name\":\"Home\",\"item\":\"https:\/\/foyerscadieux.com\/en\/\"},{\"@type\":\"ListItem\",\"position\":2,\"name\":\"Privacy policy\"}]},{\"@type\":\"WebSite\",\"@id\":\"https:\/\/foyerscadieux.com\/fr\/#website\",\"url\":\"https:\/\/foyerscadieux.com\/fr\/\",\"name\":\"Foyers Cadieux\",\"description\":\"Foyers Cadieux\",\"potentialAction\":[{\"@type\":\"SearchAction\",\"target\":{\"@type\":\"EntryPoint\",\"urlTemplate\":\"https:\/\/foyerscadieux.com\/fr\/?s={search_term_string}\"},\"query-input\":{\"@type\":\"PropertyValueSpecification\",\"valueRequired\":true,\"valueName\":\"search_term_string\"}}],\"inLanguage\":\"en-US\"}]}<\/script>\n<!-- \/ Yoast SEO plugin. -->","yoast_head_json":{"title":"Foyers Cadieux | Privacy Policy","description":"Please read our privacy policy for an optimal use of our website","robots":{"index":"index","follow":"follow","max-snippet":"max-snippet:-1","max-image-preview":"max-image-preview:large","max-video-preview":"max-video-preview:-1"},"canonical":"https:\/\/foyerscadieux.com\/en\/privacy-policy\/","og_locale":"en_US","og_type":"article","og_title":"Foyers Cadieux | Privacy Policy","og_description":"Please read our privacy policy for an optimal use of our website","og_url":"https:\/\/foyerscadieux.com\/en\/privacy-policy\/","og_site_name":"Foyers Cadieux","article_modified_time":"2018-11-16T20:46:30+00:00","twitter_card":"summary_large_image","twitter_misc":{"Est. reading time":"3 minutes"},"schema":{"@context":"https:\/\/schema.org","@graph":[{"@type":"WebPage","@id":"https:\/\/foyerscadieux.com\/en\/privacy-policy\/","url":"https:\/\/foyerscadieux.com\/en\/privacy-policy\/","name":"Foyers Cadieux | Privacy Policy","isPartOf":{"@id":"https:\/\/foyerscadieux.com\/fr\/#website"},"datePublished":"2018-11-15T15:46:21+00:00","dateModified":"2018-11-16T20:46:30+00:00","description":"Please read our privacy policy for an optimal use of our website","breadcrumb":{"@id":"https:\/\/foyerscadieux.com\/en\/privacy-policy\/#breadcrumb"},"inLanguage":"en-US","potentialAction":[{"@type":"ReadAction","target":["https:\/\/foyerscadieux.com\/en\/privacy-policy\/"]}]},{"@type":"BreadcrumbList","@id":"https:\/\/foyerscadieux.com\/en\/privacy-policy\/#breadcrumb","itemListElement":[{"@type":"ListItem","position":1,"name":"Home","item":"https:\/\/foyerscadieux.com\/en\/"},{"@type":"ListItem","position":2,"name":"Privacy policy"}]},{"@type":"WebSite","@id":"https:\/\/foyerscadieux.com\/fr\/#website","url":"https:\/\/foyerscadieux.com\/fr\/","name":"Foyers Cadieux","description":"Foyers Cadieux","potentialAction":[{"@type":"SearchAction","target":{"@type":"EntryPoint","urlTemplate":"https:\/\/foyerscadieux.com\/fr\/?s={search_term_string}"},"query-input":{"@type":"PropertyValueSpecification","valueRequired":true,"valueName":"search_term_string"}}],"inLanguage":"en-US"}]}},"_links":{"self":[{"href":"https:\/\/foyerscadieux.com\/en\/wp-json\/wp\/v2\/pages\/6108","targetHints":{"allow":["GET"]}}],"collection":[{"href":"https:\/\/foyerscadieux.com\/en\/wp-json\/wp\/v2\/pages"}],"about":[{"href":"https:\/\/foyerscadieux.com\/en\/wp-json\/wp\/v2\/types\/page"}],"author":[{"embeddable":true,"href":"https:\/\/foyerscadieux.com\/en\/wp-json\/wp\/v2\/users\/1"}],"replies":[{"embeddable":true,"href":"https:\/\/foyerscadieux.com\/en\/wp-json\/wp\/v2\/comments?post=6108"}],"version-history":[{"count":0,"href":"https:\/\/foyerscadieux.com\/en\/wp-json\/wp\/v2\/pages\/6108\/revisions"}],"wp:attachment":[{"href":"https:\/\/foyerscadieux.com\/en\/wp-json\/wp\/v2\/media?parent=6108"}],"curies":[{"name":"wp","href":"https:\/\/api.w.org\/{rel}","templated":true}]}}