{"id":268,"date":"2018-10-23T18:54:46","date_gmt":"2018-10-23T18:54:46","guid":{"rendered":"https:\/\/beta.foyerscadieux.com\/?page_id=268"},"modified":"2021-08-24T11:55:10","modified_gmt":"2021-08-24T15:55:10","slug":"a-notre-sujet","status":"publish","type":"page","link":"https:\/\/foyerscadieux.com\/fr\/a-notre-sujet\/","title":{"rendered":"\u00c0 notre sujet"},"content":{"rendered":"<div class=\"wpb-content-wrapper\"><p>[vc_row el_class=\u00a0\u00bbmain-content x-infinite\u00a0\u00bb][vc_column][vc_column_text]<\/p>\n<div class=\"addthis_inline_share_toolbox_nz7g\"><\/div>\n<div class=\"text-img right\"><img src='https:\/\/foyerscadieux.com\/wp-content\/themes\/YannickWeb\/images\/magasin-img.jpg' class='text-img-img' alt='' \/><\/div>\n<h2>Notre mission<\/h2>\n<p>Notre mission est d\u2019abord de vous faire profiter de notre exp\u00e9rience en mati\u00e8re de solutions de chauffage d\u2019appoint \u00e0 travers nos conseils et notre service personnalis\u00e9.<\/p>\n<p>Depuis 1974, nous vous offrons les meilleurs produits disponibles et les toutes derni\u00e8res technologies du march\u00e9. Notre \u00e9quipe de professionnels s\u2019assure de bien vous conseiller avant, pendant et apr\u00e8s l\u2019installation pour que vous puissiez profiter au maximum de votre achat.<\/p>\n<p>Notre salle de montre offre une superficie de 3000 pieds carr\u00e9s et expose plus de 17 marques et 75 mod\u00e8les de po\u00eales et de foyers.<\/p>\n<h2>Notre \u00e9quipe<\/h2>\n<p>Foyers Cadieux a ouvert ses portes en 1974 sous le nom de \u00abMa\u00e7onnerie G. Cadieux\u00bb. Ma\u00e7on expert, Ga\u00e9tan Cadieux a fond\u00e9 son entreprise aid\u00e9e par ses fils Richard, Andr\u00e9, Alain et Raymond. Ce dernier a pris la rel\u00e8ve 10 ans plus tard.<\/p>\n<p>L\u2019entreprise compte maintenant plus de 10 employ\u00e9s \u00e0 temps plein dont son fils Patrik. Nous sommes certifi\u00e9s et licenci\u00e9s par l&rsquo;A.P.C. (Association des professionnels du chauffage), la R.B.Q. (R\u00e9gie du b\u00e2timent du Qu\u00e9bec), et la C.C.Q. (Commission de la construction du Qu\u00e9bec).<\/p>\n<p>Tous nos conseillers et nos installateurs ont aussi \u00e9t\u00e9 certifi\u00e9s et se tiennent \u00e0 jour sur les nouvelles technologies en mati\u00e8re de chauffage d&rsquo;appoint. Plusieurs compagnies d&rsquo;assurances, contracteurs, et experts en sinistres font appel \u00e0 notre expertise.<\/p>\n<h2>Services<\/h2>\n<p>En plus de vous offrir des produits de qualit\u00e9 aux meilleurs co\u00fbts, nous nous tenons \u00e0 vous faire b\u00e9n\u00e9ficier d\u2019un service hors pair avant, pendant et apr\u00e8s l\u2019installation de votre achat.<\/p>\n<p>Nos principaux services se r\u00e9sument \u00e0 quatre principes : Conseil \u2013 Vente \u2013 Installation &#8211; Service. Nos experts s\u2019assurent premi\u00e8rement que vous ayez choisi le produit le mieux adapt\u00e9 \u00e0 vos besoins et \u00e0 votre style. Rien n\u2019est laiss\u00e9 au hasard : la couleur, le look, les mat\u00e9riaux, les fonctions.<\/p>\n<p>Par la suite, nous vous offrons le produit d\u00e9sir\u00e9 au plus bas prix qui soit. Notre \u00e9quipe professionnelle et sp\u00e9cialis\u00e9e installe le tout pour vous et ne vous laissera jamais sans recours en vous assurant d\u2019un service apr\u00e8s-vente qui a fait ses preuves.<\/p>\n<a href='https:\/\/foyerscadieux.com\/fr\/nous-joindre\/' class='btn contact'>Contactez-nous d\u00e8s maintenant<\/a>\n<p>[\/vc_column_text][\/vc_column][\/vc_row]<\/p>\n<\/div>","protected":false},"excerpt":{"rendered":"<p>[vc_row el_class=\u00a0\u00bbmain-content x-infinite\u00a0\u00bb][vc_column][vc_column_text] Notre mission Notre mission est d\u2019abord de vous faire profiter de notre exp\u00e9rience en mati\u00e8re de solutions de chauffage d\u2019appoint \u00e0 travers nos conseils et notre service personnalis\u00e9. <\/p>\n","protected":false},"author":1,"featured_media":0,"parent":0,"menu_order":0,"comment_status":"closed","ping_status":"closed","template":"fullwidth.php","meta":{"_acf_changed":false,"footnotes":""},"class_list":["post-268","page","type-page","status-publish","hentry"],"acf":[],"yoast_head":"<!-- This site is optimized with the Yoast SEO plugin v27.2 - https:\/\/yoast.com\/product\/yoast-seo-wordpress\/ -->\n<title>Foyers Cadieux | Apprenez davantage \u00e0 propos de nous<\/title>\n<meta name=\"description\" content=\"Foyers Cadieux | Apprenez davantage sur notre mission et d\u00e9couvrez les membres qui constituent notre \u00e9quipe \u00e0 Gatineau, en Outaouais\" \/>\n<meta name=\"robots\" content=\"index, follow, max-snippet:-1, max-image-preview:large, max-video-preview:-1\" \/>\n<link rel=\"canonical\" href=\"https:\/\/foyerscadieux.com\/fr\/a-notre-sujet\/\" \/>\n<meta property=\"og:locale\" content=\"fr_FR\" \/>\n<meta property=\"og:type\" content=\"article\" \/>\n<meta property=\"og:title\" content=\"Foyers Cadieux | Apprenez davantage \u00e0 propos de nous\" \/>\n<meta property=\"og:description\" content=\"Foyers Cadieux | Apprenez davantage sur notre mission et d\u00e9couvrez les membres qui constituent notre \u00e9quipe \u00e0 Gatineau, en Outaouais\" \/>\n<meta property=\"og:url\" content=\"https:\/\/foyerscadieux.com\/fr\/a-notre-sujet\/\" \/>\n<meta property=\"og:site_name\" content=\"Foyers Cadieux\" \/>\n<meta property=\"article:modified_time\" content=\"2021-08-24T15:55:10+00:00\" \/>\n<meta name=\"twitter:card\" content=\"summary_large_image\" \/>\n<meta name=\"twitter:label1\" content=\"Dur\u00e9e de lecture estim\u00e9e\" \/>\n\t<meta name=\"twitter:data1\" content=\"2 minutes\" \/>\n<script type=\"application\/ld+json\" class=\"yoast-schema-graph\">{\"@context\":\"https:\/\/schema.org\",\"@graph\":[{\"@type\":\"WebPage\",\"@id\":\"https:\/\/foyerscadieux.com\/fr\/a-notre-sujet\/\",\"url\":\"https:\/\/foyerscadieux.com\/fr\/a-notre-sujet\/\",\"name\":\"Foyers Cadieux | Apprenez davantage \u00e0 propos de nous\",\"isPartOf\":{\"@id\":\"https:\/\/foyerscadieux.com\/fr\/#website\"},\"datePublished\":\"2018-10-23T18:54:46+00:00\",\"dateModified\":\"2021-08-24T15:55:10+00:00\",\"description\":\"Foyers Cadieux | Apprenez davantage sur notre mission et d\u00e9couvrez les membres qui constituent notre \u00e9quipe \u00e0 Gatineau, en Outaouais\",\"breadcrumb\":{\"@id\":\"https:\/\/foyerscadieux.com\/fr\/a-notre-sujet\/#breadcrumb\"},\"inLanguage\":\"fr-FR\",\"potentialAction\":[{\"@type\":\"ReadAction\",\"target\":[\"https:\/\/foyerscadieux.com\/fr\/a-notre-sujet\/\"]}]},{\"@type\":\"BreadcrumbList\",\"@id\":\"https:\/\/foyerscadieux.com\/fr\/a-notre-sujet\/#breadcrumb\",\"itemListElement\":[{\"@type\":\"ListItem\",\"position\":1,\"name\":\"Home\",\"item\":\"https:\/\/foyerscadieux.com\/fr\/\"},{\"@type\":\"ListItem\",\"position\":2,\"name\":\"\u00c0 notre sujet\"}]},{\"@type\":\"WebSite\",\"@id\":\"https:\/\/foyerscadieux.com\/fr\/#website\",\"url\":\"https:\/\/foyerscadieux.com\/fr\/\",\"name\":\"Foyers Cadieux\",\"description\":\"Foyers Cadieux\",\"potentialAction\":[{\"@type\":\"SearchAction\",\"target\":{\"@type\":\"EntryPoint\",\"urlTemplate\":\"https:\/\/foyerscadieux.com\/fr\/?s={search_term_string}\"},\"query-input\":{\"@type\":\"PropertyValueSpecification\",\"valueRequired\":true,\"valueName\":\"search_term_string\"}}],\"inLanguage\":\"fr-FR\"}]}<\/script>\n<!-- \/ Yoast SEO plugin. -->","yoast_head_json":{"title":"Foyers Cadieux | Apprenez davantage \u00e0 propos de nous","description":"Foyers Cadieux | Apprenez davantage sur notre mission et d\u00e9couvrez les membres qui constituent notre \u00e9quipe \u00e0 Gatineau, en Outaouais","robots":{"index":"index","follow":"follow","max-snippet":"max-snippet:-1","max-image-preview":"max-image-preview:large","max-video-preview":"max-video-preview:-1"},"canonical":"https:\/\/foyerscadieux.com\/fr\/a-notre-sujet\/","og_locale":"fr_FR","og_type":"article","og_title":"Foyers Cadieux | Apprenez davantage \u00e0 propos de nous","og_description":"Foyers Cadieux | Apprenez davantage sur notre mission et d\u00e9couvrez les membres qui constituent notre \u00e9quipe \u00e0 Gatineau, en Outaouais","og_url":"https:\/\/foyerscadieux.com\/fr\/a-notre-sujet\/","og_site_name":"Foyers Cadieux","article_modified_time":"2021-08-24T15:55:10+00:00","twitter_card":"summary_large_image","twitter_misc":{"Dur\u00e9e de lecture estim\u00e9e":"2 minutes"},"schema":{"@context":"https:\/\/schema.org","@graph":[{"@type":"WebPage","@id":"https:\/\/foyerscadieux.com\/fr\/a-notre-sujet\/","url":"https:\/\/foyerscadieux.com\/fr\/a-notre-sujet\/","name":"Foyers Cadieux | Apprenez davantage \u00e0 propos de nous","isPartOf":{"@id":"https:\/\/foyerscadieux.com\/fr\/#website"},"datePublished":"2018-10-23T18:54:46+00:00","dateModified":"2021-08-24T15:55:10+00:00","description":"Foyers Cadieux | Apprenez davantage sur notre mission et d\u00e9couvrez les membres qui constituent notre \u00e9quipe \u00e0 Gatineau, en Outaouais","breadcrumb":{"@id":"https:\/\/foyerscadieux.com\/fr\/a-notre-sujet\/#breadcrumb"},"inLanguage":"fr-FR","potentialAction":[{"@type":"ReadAction","target":["https:\/\/foyerscadieux.com\/fr\/a-notre-sujet\/"]}]},{"@type":"BreadcrumbList","@id":"https:\/\/foyerscadieux.com\/fr\/a-notre-sujet\/#breadcrumb","itemListElement":[{"@type":"ListItem","position":1,"name":"Home","item":"https:\/\/foyerscadieux.com\/fr\/"},{"@type":"ListItem","position":2,"name":"\u00c0 notre sujet"}]},{"@type":"WebSite","@id":"https:\/\/foyerscadieux.com\/fr\/#website","url":"https:\/\/foyerscadieux.com\/fr\/","name":"Foyers Cadieux","description":"Foyers Cadieux","potentialAction":[{"@type":"SearchAction","target":{"@type":"EntryPoint","urlTemplate":"https:\/\/foyerscadieux.com\/fr\/?s={search_term_string}"},"query-input":{"@type":"PropertyValueSpecification","valueRequired":true,"valueName":"search_term_string"}}],"inLanguage":"fr-FR"}]}},"_links":{"self":[{"href":"https:\/\/foyerscadieux.com\/fr\/wp-json\/wp\/v2\/pages\/268","targetHints":{"allow":["GET"]}}],"collection":[{"href":"https:\/\/foyerscadieux.com\/fr\/wp-json\/wp\/v2\/pages"}],"about":[{"href":"https:\/\/foyerscadieux.com\/fr\/wp-json\/wp\/v2\/types\/page"}],"author":[{"embeddable":true,"href":"https:\/\/foyerscadieux.com\/fr\/wp-json\/wp\/v2\/users\/1"}],"replies":[{"embeddable":true,"href":"https:\/\/foyerscadieux.com\/fr\/wp-json\/wp\/v2\/comments?post=268"}],"version-history":[{"count":0,"href":"https:\/\/foyerscadieux.com\/fr\/wp-json\/wp\/v2\/pages\/268\/revisions"}],"wp:attachment":[{"href":"https:\/\/foyerscadieux.com\/fr\/wp-json\/wp\/v2\/media?parent=268"}],"curies":[{"name":"wp","href":"https:\/\/api.w.org\/{rel}","templated":true}]}}