{"id":292,"date":"2018-10-25T13:02:25","date_gmt":"2018-10-25T13:02:25","guid":{"rendered":"https:\/\/beta.foyerscadieux.com\/?page_id=292"},"modified":"2021-08-24T12:39:08","modified_gmt":"2021-08-24T16:39:08","slug":"services","status":"publish","type":"page","link":"https:\/\/foyerscadieux.com\/fr\/services\/","title":{"rendered":"Services"},"content":{"rendered":"<div class=\"wpb-content-wrapper\"><p>[vc_row el_class=\u00a0\u00bbmain-content x-infinite\u00a0\u00bb][vc_column width=\u00a0\u00bb5\/6&Prime; el_class=\u00a0\u00bbmx-auto\u00a0\u00bb][vc_tta_accordion active_section=\u00a0\u00bb1&Prime; el_class=\u00a0\u00bblesServices\u00a0\u00bb][vc_tta_section title=\u00a0\u00bbInstallation\u00a0\u00bb tab_id=\u00a0\u00bbservice3&Prime;][vc_row_inner el_class=\u00a0\u00bbcol-12&Prime;][vc_column_inner el_class=\u00a0\u00bbd-none d-lg-block\u00a0\u00bb width=\u00a0\u00bb1\/3&Prime;][vc_single_image image=\u00a0\u00bb7337&Prime; img_size=\u00a0\u00bbfull\u00a0\u00bb][\/vc_column_inner][vc_column_inner width=\u00a0\u00bb2\/3&Prime;][vc_column_text]<\/p>\n<p lang=\"fr-CA\"><span style=\"font-size: medium;\">En plus de vous offrir des foyers de haute qualit\u00e9, nous vous aidons aussi \u00e0 les installer. Nous avons l\u2019exp\u00e9rience et l\u2019expertise n\u00e9cessaire qui vous permettra d\u2019avoir un foyer qui correspond \u00e0 vos besoins, tout en tenant compte de l\u2019environnement de votre maison.<\/span><\/p>\n<p lang=\"fr-CA\"><span style=\"font-size: medium;\">De plus, nous nous assurons de vous donner des astuces apr\u00e8s-installation qui vous permettront de maximiser l\u2019usage de votre foyer. Que ce soit un foyer \u00e9lectrique, un foyer \u00e0 gaz ou un foyer au bois, nous saurons quelles techniques employer pour chacun. Faites-nous confiance et n\u2019h\u00e9sitez pas \u00e0 nous contacter pour toutes vos installations.<\/span><\/p>\n<p lang=\"fr-CA\"><a href='https:\/\/foyerscadieux.com\/fr\/nous-joindre\/Installation' class='btn contact'>Demande d&rsquo;information<\/a><\/p>\n<p>[\/vc_column_text][\/vc_column_inner][\/vc_row_inner][\/vc_tta_section][vc_tta_section title=\u00a0\u00bbInspection\u00a0\u00bb tab_id=\u00a0\u00bbservice2&Prime;][vc_row_inner][vc_column_inner el_class=\u00a0\u00bbd-none d-lg-block\u00a0\u00bb width=\u00a0\u00bb1\/3&Prime;][vc_single_image image=\u00a0\u00bb7339&Prime; img_size=\u00a0\u00bbfull\u00a0\u00bb][\/vc_column_inner][vc_column_inner el_class=\u00a0\u00bbcol-12&Prime; width=\u00a0\u00bb2\/3&Prime;][vc_column_text]<\/p>\n<p lang=\"fr-CA\"><span style=\"font-size: medium;\">Il se peut que votre foyer vous envoie des signaux qui trahissent un probl\u00e8me dont vous ignorez l\u2019origine. Dans certains cas, ces signaux ne sont pas forc\u00e9ment \u00e9vidents.<\/span><\/p>\n<p lang=\"fr-CA\"><span style=\"font-size: medium;\">Par prudence, il est donc conseill\u00e9 de faire inspecter sa chemin\u00e9e au moins une fois par an, afin d&rsquo;\u00e9viter toute mauvaise surprise qui peut \u00eatre caus\u00e9e par une accumulation de poussi\u00e8re dans votre conduit d\u2019air et qui peut se transformer en incendie ou autre d\u00e9g\u00e2t majeur.<\/span><\/p>\n<p lang=\"fr-CA\"><span style=\"font-size: medium;\">Pour ce faire, nous vous encourageons \u00e0 recourir aux services de notre \u00e9quipe car l\u2019inspection est une t\u00e2che qui doit \u00eatre effectu\u00e9e avec beaucoup de pr\u00e9cision et de pr\u00e9cautions, \u00e0 \u00e9viter d\u2019effectuer soi-m\u00eame.<\/span><\/p>\n<p lang=\"fr-CA\"><a href='https:\/\/foyerscadieux.com\/fr\/nous-joindre\/Inspection' class='btn contact'>Demande d&rsquo;information<\/a><\/p>\n<p>[\/vc_column_text][\/vc_column_inner][\/vc_row_inner][\/vc_tta_section][vc_tta_section title=\u00a0\u00bbEntretien\u00a0\u00bb tab_id=\u00a0\u00bbservice1&Prime;][vc_row_inner][vc_column_inner el_class=\u00a0\u00bbd-none d-lg-block\u00a0\u00bb width=\u00a0\u00bb1\/3&Prime;][vc_single_image image=\u00a0\u00bb7347&Prime; img_size=\u00a0\u00bbfull\u00a0\u00bb][\/vc_column_inner][vc_column_inner width=\u00a0\u00bb2\/3&Prime;][vc_column_text]<\/p>\n<p lang=\"fr-CA\"><span style=\"font-size: medium;\">Le foyer \u00e9tant un \u00e9l\u00e9ment central dans votre maison, il est important d\u2019en prendre soin ad\u00e9quatement. Chez Foyers Cadieux, en plus de vous fournir des foyers de qualit\u00e9, nous nous sp\u00e9cialisons dans l\u2019entretien de votre foyer, car c\u2019est une t\u00e2che importante qui a le pouvoir d\u2019affecter votre environnement. D\u00e9pendamment du type de foyer que vous avez install\u00e9, nous saurons adapter le mode d\u2019entretien et vous offrir des conseils et astuces personnalis\u00e9s.<\/span><\/p>\n<p lang=\"fr-CA\"><span style=\"font-size: medium;\">Par exemple, un foyer en bois mal entretenu peut commencer par ab\u00eemer l\u2019\u00e9tat de votre maison et par la suite causer des d\u00e9g\u00e2ts plus graves tels que des incendies. Dans le but de conserver votre sant\u00e9, et de mettre vos bien-aim\u00e9s \u00e0 l\u2019abri, nous vous conseillons de faire affaire avec une \u00e9quipe professionnelle et certifi\u00e9e comme la n\u00f4tre.<\/span><\/p>\n<p lang=\"fr-CA\"><a href='https:\/\/foyerscadieux.com\/fr\/nous-joindre\/Entretien' class='btn contact'>Demande d&rsquo;information<\/a><\/p>\n<p>[\/vc_column_text][\/vc_column_inner][\/vc_row_inner][\/vc_tta_section][vc_tta_section title=\u00a0\u00bbRamonage\u00a0\u00bb tab_id=\u00a0\u00bbservice6&Prime;][vc_row_inner][vc_column_inner el_class=\u00a0\u00bbd-none d-lg-block\u00a0\u00bb width=\u00a0\u00bb1\/3&Prime;][vc_single_image image=\u00a0\u00bb7349&Prime; img_size=\u00a0\u00bbfull\u00a0\u00bb][\/vc_column_inner][vc_column_inner width=\u00a0\u00bb2\/3&Prime;][vc_column_text]<\/p>\n<p lang=\"fr-CA\"><span style=\"font-size: medium;\">Le ramonage est une activit\u00e9 indispensable pour le bon fonctionnement de votre chemin\u00e9e. En effet, votre chemin\u00e9e est un conduit d\u2019air et c\u2019est par elle que plusieurs \u00e9l\u00e9ments sont filtr\u00e9s, ce qui veut dire que si elle est mal entretenue, cela pourrait causer des d\u00e9g\u00e2ts tels que des incendies, ou affecter la sant\u00e9 des membres de votre famille.<\/span><\/p>\n<p lang=\"fr-CA\"><span style=\"font-size: medium;\">Pour cette raison, il est important de s&rsquo;assurer de ne pas attendre qu\u2019une situation grave se produise avant de commencer \u00e0 prendre en consid\u00e9ration le ramonage annuel. Toutefois, ce n\u2019est pas une t\u00e2che qui est facile \u00e0 effectuer et il n\u2019est pas conseill\u00e9 de l\u2019effectuer soi-m\u00eame, sans l\u2019aide de professionnels certifi\u00e9s.<\/span><\/p>\n<p lang=\"fr-CA\"><span style=\"font-size: medium;\">Pour que ce soit r\u00e9alis\u00e9 dans des conditions s\u00e9curitaires et de mani\u00e8re efficace, nous vous encourageons \u00e0 contacter des professionnels comme Foyers Cadieux qui sauront vous aider \u00e0 obtenir les meilleurs r\u00e9sultats.<\/span><\/p>\n<p lang=\"fr-CA\"><strong>Nous avons atteint notre capacit\u00e9 pour l&rsquo;ann\u00e9e 2020 et nous prenons plus de rendez-vous. Veuillez r\u00e9essayer ult\u00e9rieurement.<\/strong><\/p>\n<p lang=\"fr-CA\"><a href='https:\/\/foyerscadieux.com\/fr\/nous-joindre\/Ramonage' class='btn contact'>Demande d&rsquo;information<\/a><\/p>\n<p>[\/vc_column_text][\/vc_column_inner][\/vc_row_inner][\/vc_tta_section][vc_tta_section title=\u00a0\u00bbServices aux entrepreneurs\u00a0\u00bb tab_id=\u00a0\u00bbservice7&Prime;][vc_row_inner][vc_column_inner el_class=\u00a0\u00bbd-none d-lg-block\u00a0\u00bb width=\u00a0\u00bb1\/3&Prime;][vc_single_image image=\u00a0\u00bb7351&Prime; img_size=\u00a0\u00bbfull\u00a0\u00bb][\/vc_column_inner][vc_column_inner width=\u00a0\u00bb2\/3&Prime;][vc_column_text]<\/p>\n<p lang=\"zxx\"><span style=\"font-size: medium;\">Nos services ne sont pas seulement limit\u00e9s aux particuliers, mais nous offrons la possibilit\u00e9 aux entrepreneurs g\u00e9n\u00e9raux de b\u00e9n\u00e9ficier de nos services.<\/span><\/p>\n<p lang=\"zxx\"><span style=\"font-size: medium;\">Non seulement nous vous procurons des \u00e9quipements de haute qualit\u00e9 \u00e0 des prix abordables, notre expertise pourra aussi vous orienter lors de vos travaux. S&rsquo;il arrive un moment o\u00f9 vous avez besoin d&rsquo;aide pour quoi que ce soit au niveau de vos installations ou autres, nous serons plus qu&rsquo;heureux d&rsquo;intervenir et vous venir en aide. <\/span><\/p>\n<p lang=\"zxx\"><span style=\"font-size: medium;\">Nous avons des \u00e9quipements de qualit\u00e9 auxquels vous aurez acc\u00e8s facilement , ce qui est toujours un avantage, quel que soit le domaine dans lequel vous exercez.<\/span><\/p>\n<p lang=\"zxx\"><a href='https:\/\/foyerscadieux.com\/fr\/nous-joindre\/Services+aux+entrepreneurs' class='btn contact'>Demande d&rsquo;information<\/a><\/p>\n<p>[\/vc_column_text][\/vc_column_inner][\/vc_row_inner][\/vc_tta_section][vc_tta_section title=\u00a0\u00bbR\u00e9paration et restauration\u00a0\u00bb tab_id=\u00a0\u00bbservice4&Prime;][vc_row_inner][vc_column_inner el_class=\u00a0\u00bbd-none d-lg-block\u00a0\u00bb width=\u00a0\u00bb1\/3&Prime;][vc_single_image image=\u00a0\u00bb7353&Prime; img_size=\u00a0\u00bbfull\u00a0\u00bb][\/vc_column_inner][vc_column_inner width=\u00a0\u00bb2\/3&Prime;][vc_column_text]<\/p>\n<p lang=\"fr-CA\"><span style=\"font-size: medium;\">Il se peut que vous ayez remarqu\u00e9 que votre foyer n\u2019est plus aussi efficace ou performant, qu\u2019il rejette beaucoup de fum\u00e9e ou met du temps \u00e0 se mettre en marche. Si vous vous retrouvez avec un foyer ab\u00eem\u00e9 pour une raison quelconque, nous avons la solution!<\/span><\/p>\n<p lang=\"fr-CA\"><span style=\"font-size: medium;\">Notre \u00e9quipe d\u2019expert saura identifier le probl\u00e8me et le r\u00e9parer ou le restaurer selon la gravit\u00e9 du cas, afin que vous le retrouviez comme neuf! Nous employons des techniques pr\u00e9cises et d\u00e9licates qui seront en mesure de vous aider \u00e0 conserver votre foyer, quel que soit son \u00e9tat initial. <\/span><\/p>\n<p lang=\"fr-CA\"><span style=\"font-size: medium;\">Afin de b\u00e9n\u00e9ficier de nos services, contactez-nous d\u00e8s aujourd\u2019hui pour avoir plus d\u2019informations, il nous fera plaisir de r\u00e9pondre \u00e0 toutes vos questions.<\/span><\/p>\n<p lang=\"fr-CA\"><a href='https:\/\/foyerscadieux.com\/fr\/nous-joindre\/R%26eacute%3Bparation+et+restauration' class='btn contact'>Demande d&rsquo;information<\/a><\/p>\n<p>[\/vc_column_text][\/vc_column_inner][\/vc_row_inner][\/vc_tta_section][vc_tta_section title=\u00a0\u00bbApr\u00e8s sinistre\u00a0\u00bb tab_id=\u00a0\u00bbservice5&Prime;][vc_row_inner][vc_column_inner el_class=\u00a0\u00bbd-none d-lg-block\u00a0\u00bb width=\u00a0\u00bb1\/3&Prime;][vc_single_image image=\u00a0\u00bb7355&Prime; img_size=\u00a0\u00bbfull\u00a0\u00bb][\/vc_column_inner][vc_column_inner width=\u00a0\u00bb2\/3&Prime;][vc_column_text]<\/p>\n<p lang=\"fr-CA\"><span style=\"font-size: medium;\">La vie est souvent faite d\u2019impr\u00e9vus et il peut \u00eatre difficile de savoir par o\u00f9 commencer apr\u00e8s avoir fait face \u00e0 un d\u00e9sastre. Pour cette raison, Foyers Cadieux vous propose des services de r\u00e9paration apr\u00e8s-sinistre.<\/span><\/p>\n<p lang=\"fr-CA\"><span style=\"font-size: medium;\">Nous nous occupons de prendre les pr\u00e9cautions n\u00e9cessaires pour limiter tout d\u00e9g\u00e2t additionnel et adaptons nos techniques \u00e0 votre situation particuli\u00e8re afin que vous ne soyez pas expos\u00e9s \u00e0 plus de dangers qui ne sont pas forc\u00e9ment \u00e9vidents.<\/span><\/p>\n<p lang=\"fr-CA\"><span style=\"font-size: medium;\">Avec notre \u00e9quipe de professionnels, nous allons proc\u00e9der \u00e0 faire des inspections, des r\u00e9parations et des restaurations s\u2019il peut y avoir lieu.<\/span><\/p>\n<p lang=\"fr-CA\"><a href='https:\/\/foyerscadieux.com\/fr\/nous-joindre\/Apr%26egrave%3Bs+sinistre' class='btn contact'>Demande d&rsquo;information<\/a><\/p>\n<p>[\/vc_column_text][\/vc_column_inner][\/vc_row_inner][\/vc_tta_section][\/vc_tta_accordion][\/vc_column][\/vc_row]<\/p>\n<\/div>","protected":false},"excerpt":{"rendered":"<p>[vc_row el_class=\u00a0\u00bbmain-content x-infinite\u00a0\u00bb][vc_column width=\u00a0\u00bb5\/6&Prime; el_class=\u00a0\u00bbmx-auto\u00a0\u00bb][vc_tta_accordion active_section=\u00a0\u00bb1&Prime; el_class=\u00a0\u00bblesServices\u00a0\u00bb][vc_tta_section title=\u00a0\u00bbInstallation\u00a0\u00bb tab_id=\u00a0\u00bbservice3&Prime;][vc_row_inner el_class=\u00a0\u00bbcol-12&Prime;][vc_column_inner el_class=\u00a0\u00bbd-none d-lg-block\u00a0\u00bb width=\u00a0\u00bb1\/3&Prime;][vc_single_image image=\u00a0\u00bb7337&Prime; <\/p>\n","protected":false},"author":1,"featured_media":0,"parent":0,"menu_order":0,"comment_status":"closed","ping_status":"closed","template":"fullwidth.php","meta":{"_acf_changed":false,"footnotes":""},"class_list":["post-292","page","type-page","status-publish","hentry"],"acf":[],"yoast_head":"<!-- This site is optimized with the Yoast SEO plugin v27.2 - https:\/\/yoast.com\/product\/yoast-seo-wordpress\/ -->\n<title>Foyers Cadieux | Profitez de nos services \u00e0 Gatineau, Outaouais<\/title>\n<meta name=\"description\" content=\"Foyers Cadieux | Nous vous proposons plusieurs services pour que vous profitiez de vos po\u00eales, foyers \u00e0 bois, \u00e0 gaz ou \u00e9lectriques, \u00e0 Gatineau, en Outaouais\" \/>\n<meta name=\"robots\" content=\"index, follow, max-snippet:-1, max-image-preview:large, max-video-preview:-1\" \/>\n<link rel=\"canonical\" href=\"https:\/\/foyerscadieux.com\/fr\/services\/\" \/>\n<meta property=\"og:locale\" content=\"fr_FR\" \/>\n<meta property=\"og:type\" content=\"article\" \/>\n<meta property=\"og:title\" content=\"Foyers Cadieux | Profitez de nos services \u00e0 Gatineau, Outaouais\" \/>\n<meta property=\"og:description\" content=\"Foyers Cadieux | Nous vous proposons plusieurs services pour que vous profitiez de vos po\u00eales, foyers \u00e0 bois, \u00e0 gaz ou \u00e9lectriques, \u00e0 Gatineau, en Outaouais\" \/>\n<meta property=\"og:url\" content=\"https:\/\/foyerscadieux.com\/fr\/services\/\" \/>\n<meta property=\"og:site_name\" content=\"Foyers Cadieux\" \/>\n<meta property=\"article:modified_time\" content=\"2021-08-24T16:39:08+00:00\" \/>\n<meta name=\"twitter:card\" content=\"summary_large_image\" \/>\n<meta name=\"twitter:label1\" content=\"Dur\u00e9e de lecture estim\u00e9e\" \/>\n\t<meta name=\"twitter:data1\" content=\"7 minutes\" \/>\n<script type=\"application\/ld+json\" class=\"yoast-schema-graph\">{\"@context\":\"https:\/\/schema.org\",\"@graph\":[{\"@type\":\"WebPage\",\"@id\":\"https:\/\/foyerscadieux.com\/fr\/services\/\",\"url\":\"https:\/\/foyerscadieux.com\/fr\/services\/\",\"name\":\"Foyers Cadieux | Profitez de nos services \u00e0 Gatineau, Outaouais\",\"isPartOf\":{\"@id\":\"https:\/\/foyerscadieux.com\/fr\/#website\"},\"datePublished\":\"2018-10-25T13:02:25+00:00\",\"dateModified\":\"2021-08-24T16:39:08+00:00\",\"description\":\"Foyers Cadieux | Nous vous proposons plusieurs services pour que vous profitiez de vos po\u00eales, foyers \u00e0 bois, \u00e0 gaz ou \u00e9lectriques, \u00e0 Gatineau, en Outaouais\",\"breadcrumb\":{\"@id\":\"https:\/\/foyerscadieux.com\/fr\/services\/#breadcrumb\"},\"inLanguage\":\"fr-FR\",\"potentialAction\":[{\"@type\":\"ReadAction\",\"target\":[\"https:\/\/foyerscadieux.com\/fr\/services\/\"]}]},{\"@type\":\"BreadcrumbList\",\"@id\":\"https:\/\/foyerscadieux.com\/fr\/services\/#breadcrumb\",\"itemListElement\":[{\"@type\":\"ListItem\",\"position\":1,\"name\":\"Home\",\"item\":\"https:\/\/foyerscadieux.com\/fr\/\"},{\"@type\":\"ListItem\",\"position\":2,\"name\":\"Services\"}]},{\"@type\":\"WebSite\",\"@id\":\"https:\/\/foyerscadieux.com\/fr\/#website\",\"url\":\"https:\/\/foyerscadieux.com\/fr\/\",\"name\":\"Foyers Cadieux\",\"description\":\"Foyers Cadieux\",\"potentialAction\":[{\"@type\":\"SearchAction\",\"target\":{\"@type\":\"EntryPoint\",\"urlTemplate\":\"https:\/\/foyerscadieux.com\/fr\/?s={search_term_string}\"},\"query-input\":{\"@type\":\"PropertyValueSpecification\",\"valueRequired\":true,\"valueName\":\"search_term_string\"}}],\"inLanguage\":\"fr-FR\"}]}<\/script>\n<!-- \/ Yoast SEO plugin. -->","yoast_head_json":{"title":"Foyers Cadieux | Profitez de nos services \u00e0 Gatineau, Outaouais","description":"Foyers Cadieux | Nous vous proposons plusieurs services pour que vous profitiez de vos po\u00eales, foyers \u00e0 bois, \u00e0 gaz ou \u00e9lectriques, \u00e0 Gatineau, en Outaouais","robots":{"index":"index","follow":"follow","max-snippet":"max-snippet:-1","max-image-preview":"max-image-preview:large","max-video-preview":"max-video-preview:-1"},"canonical":"https:\/\/foyerscadieux.com\/fr\/services\/","og_locale":"fr_FR","og_type":"article","og_title":"Foyers Cadieux | Profitez de nos services \u00e0 Gatineau, Outaouais","og_description":"Foyers Cadieux | Nous vous proposons plusieurs services pour que vous profitiez de vos po\u00eales, foyers \u00e0 bois, \u00e0 gaz ou \u00e9lectriques, \u00e0 Gatineau, en Outaouais","og_url":"https:\/\/foyerscadieux.com\/fr\/services\/","og_site_name":"Foyers Cadieux","article_modified_time":"2021-08-24T16:39:08+00:00","twitter_card":"summary_large_image","twitter_misc":{"Dur\u00e9e de lecture estim\u00e9e":"7 minutes"},"schema":{"@context":"https:\/\/schema.org","@graph":[{"@type":"WebPage","@id":"https:\/\/foyerscadieux.com\/fr\/services\/","url":"https:\/\/foyerscadieux.com\/fr\/services\/","name":"Foyers Cadieux | Profitez de nos services \u00e0 Gatineau, Outaouais","isPartOf":{"@id":"https:\/\/foyerscadieux.com\/fr\/#website"},"datePublished":"2018-10-25T13:02:25+00:00","dateModified":"2021-08-24T16:39:08+00:00","description":"Foyers Cadieux | Nous vous proposons plusieurs services pour que vous profitiez de vos po\u00eales, foyers \u00e0 bois, \u00e0 gaz ou \u00e9lectriques, \u00e0 Gatineau, en Outaouais","breadcrumb":{"@id":"https:\/\/foyerscadieux.com\/fr\/services\/#breadcrumb"},"inLanguage":"fr-FR","potentialAction":[{"@type":"ReadAction","target":["https:\/\/foyerscadieux.com\/fr\/services\/"]}]},{"@type":"BreadcrumbList","@id":"https:\/\/foyerscadieux.com\/fr\/services\/#breadcrumb","itemListElement":[{"@type":"ListItem","position":1,"name":"Home","item":"https:\/\/foyerscadieux.com\/fr\/"},{"@type":"ListItem","position":2,"name":"Services"}]},{"@type":"WebSite","@id":"https:\/\/foyerscadieux.com\/fr\/#website","url":"https:\/\/foyerscadieux.com\/fr\/","name":"Foyers Cadieux","description":"Foyers Cadieux","potentialAction":[{"@type":"SearchAction","target":{"@type":"EntryPoint","urlTemplate":"https:\/\/foyerscadieux.com\/fr\/?s={search_term_string}"},"query-input":{"@type":"PropertyValueSpecification","valueRequired":true,"valueName":"search_term_string"}}],"inLanguage":"fr-FR"}]}},"_links":{"self":[{"href":"https:\/\/foyerscadieux.com\/fr\/wp-json\/wp\/v2\/pages\/292","targetHints":{"allow":["GET"]}}],"collection":[{"href":"https:\/\/foyerscadieux.com\/fr\/wp-json\/wp\/v2\/pages"}],"about":[{"href":"https:\/\/foyerscadieux.com\/fr\/wp-json\/wp\/v2\/types\/page"}],"author":[{"embeddable":true,"href":"https:\/\/foyerscadieux.com\/fr\/wp-json\/wp\/v2\/users\/1"}],"replies":[{"embeddable":true,"href":"https:\/\/foyerscadieux.com\/fr\/wp-json\/wp\/v2\/comments?post=292"}],"version-history":[{"count":0,"href":"https:\/\/foyerscadieux.com\/fr\/wp-json\/wp\/v2\/pages\/292\/revisions"}],"wp:attachment":[{"href":"https:\/\/foyerscadieux.com\/fr\/wp-json\/wp\/v2\/media?parent=292"}],"curies":[{"name":"wp","href":"https:\/\/api.w.org\/{rel}","templated":true}]}}