{"id":370,"date":"2018-11-02T14:22:01","date_gmt":"2018-11-02T14:22:01","guid":{"rendered":"https:\/\/beta.foyerscadieux.com\/?page_id=370"},"modified":"2018-11-09T20:39:42","modified_gmt":"2018-11-09T20:39:42","slug":"politique-de-confidentialite","status":"publish","type":"page","link":"https:\/\/foyerscadieux.com\/fr\/politique-de-confidentialite\/","title":{"rendered":"Politique de confidentialit\u00e9"},"content":{"rendered":"<div class=\"wpb-content-wrapper\"><p>[vc_row el_class=\u00a0\u00bbmain-content x-infinite\u00a0\u00bb][vc_column][vc_column_text]<\/p>\n<p class=\"ul-titre\"><strong>Nous sommes d\u00e9di\u00e9s \u00e0 respecter la vie priv\u00e9e des personnes qui consultent notre site web. Les standards ci-dessous sont parties int\u00e9grantes de notre politique de confidentialit\u00e9 :<\/strong><\/p>\n<ul>\n<li>Nous ne conservons aucun renseignement personnel comme votre nom, adresse, num\u00e9ro de t\u00e9l\u00e9phone ou adresse \u00e9lectronique lorsque vous visitez notre site Web Ces renseignements ne sont recueillis que si vous les fournissez de votre propre chef lorsque vous vous inscrivez sur la liste d&rsquo;envoi (cyber-bulletin), lorsque vous nous pr\u00e9sentez une demande de renseignements ou remplissez un formulaire sur le site.<\/li>\n<li>Les renseignements personnels que vous nous donnez sont prot\u00e9g\u00e9s en vertu de la loi f\u00e9d\u00e9rale sur la protection des renseignements personnels. Cela signifie que vous serez inform\u00e9 de toute collecte de renseignements vous concernant ainsi que des raisons de la collecte et de votre droit d&rsquo;acc\u00e9der \u00e0 l&rsquo;information.<\/li>\n<li>Nous recueillons cependant des donn\u00e9es sur la fr\u00e9quentation de notre site Web et ce, afin d&rsquo;am\u00e9liorer ce dernier et de mieux r\u00e9pondre \u00e0 vos besoins. Aucun renseignement personnel vous concernant n&rsquo;est ainsi collect\u00e9, les donn\u00e9es qui nous int\u00e9ressent \u00e9tant plut\u00f4t de nature technique.<\/li>\n<\/ul>\n<p class=\"ul-titre\"><strong>Nous voulons par exemple savoir :<\/strong><\/p>\n<ul>\n<li>le nom de votre fournisseur de service Internet, son adresse IP et l&rsquo;appellation du service fourni;<\/li>\n<li>la dur\u00e9e de chaque visite;<\/li>\n<li>le nombre de demandes de renseignements formul\u00e9es par visite;<\/li>\n<li>le type de syst\u00e8me d&rsquo;exploitation (Windows, MacIntosh, Unix, etc.) dont vous vous servez;<\/li>\n<li>le type de navigateur (Google Chrome, Microsoft Edge, Mozilla Firefox, etc.) que vous employez.<\/li>\n<\/ul>\n<p>Les Canadiens sont prot\u00e9g\u00e9s par les deux lois f\u00e9d\u00e9rales suivantes en mati\u00e8re de protection des renseignements personnels : la Loi sur la protection des renseignements personnels et la Loi sur la protection des renseignements personnels et les documents \u00e9lectroniques (LPRPD\u00c9). La LPRPD\u00c9 se fonde sur le Code type sur la protection des renseignements personnels de l&rsquo;Association canadienne de normalisation, qui y est incorpor\u00e9. Au Qu\u00e9bec, les organisations sont assujetties \u00e0 la Loi sur la protection des renseignements personnels dans le secteur priv\u00e9. La Commission d&rsquo;acc\u00e8s \u00e0 l&rsquo;information veille \u00e0 l&rsquo;application de cette Loi.<\/p>\n<p class=\"ul-titre\"><strong>Les standards ci-dessous sont les fonctions de notre politique de confidentialit\u00e9 :<\/strong><\/p>\n<ul>\n<li><strong><span class=\"new-line\">Responsabilit\u00e9:<\/span><\/strong><br \/>\nNous sommes responsables des renseignements personnels en notre possession. Il est de la responsabilit\u00e9 de notre chef de la direction de mettre en \u0153uvre des politiques et des pratiques en mati\u00e8re de protection des renseignements personnels et d&rsquo;en assurer le respect.<\/li>\n<li><strong><span class=\"new-line\">D\u00e9termination des fins de la collecte:<\/span><\/strong><br \/>\nAvant de recueillir des renseignements personnels \u00e0 votre sujet, ou au moment de le faire, nous vous informerons des raisons qui nous am\u00e8nent \u00e0 le faire, de la fa\u00e7on dont les renseignements seront utilis\u00e9s et des circonstances dans lesquelles ces derniers pourraient \u00eatre communiqu\u00e9s.<\/li>\n<li><strong><span class=\"new-line\">Consentement:<\/span><\/strong><br \/>\nAucun renseignement personnel vous concernant ne sera collect\u00e9, utilis\u00e9 ou communiqu\u00e9 sans votre consentement.<\/li>\n<li><strong><span class=\"new-line\">Limitation de la collecte:<\/span><\/strong><br \/>\nDes renseignements personnels \u00e0 votre sujet ne seront collect\u00e9s que s&rsquo;ils sont n\u00e9cessaires aux fins d\u00e9termin\u00e9es et uniquement s&rsquo;il est raisonnable et appropri\u00e9 de le faire dans les circonstances.<\/li>\n<li><strong><span class=\"new-line\">Limitation de l&rsquo;utilisation, de la communication et de la conservation des renseignements personnels:<\/span><\/strong><br \/>\nLes renseignements personnels \u00e0 votre sujet ne seront ni utilis\u00e9s ni communiqu\u00e9s \u00e0 des fins autres que celles pour lesquelles ils ont \u00e9t\u00e9 recueillis, \u00e0 moins que vous n&rsquo;y ayez consenti ou que la loi ne l&rsquo;exige. L&rsquo;information ne sera conserv\u00e9e qu&rsquo;aussi longtemps que n\u00e9cessaire pour la r\u00e9alisation des fins d\u00e9termin\u00e9es.<\/li>\n<li><strong><span class=\"new-line\">Exactitude:<\/span><\/strong><br \/>\nIl est important que les renseignements personnels que nous d\u00e9tenons \u00e0 votre sujet soient exacts, complets et \u00e0 jour. Si vous croyez qu&rsquo;ils sont inexacts, contactez-nous.<\/li>\n<li><strong><span class=\"new-line\">Mesures de s\u00e9curit\u00e9:<\/span><\/strong><br \/>\nLes renseignements personnels sont prot\u00e9g\u00e9s au moyen de mesures de s\u00e9curit\u00e9 correspondant \u00e0 leur degr\u00e9 de sensibilit\u00e9. Les m\u00e9thodes de protection comprendront des moyens mat\u00e9riels, des mesures administratives et des mesures techniques.<\/li>\n<li><strong><span class=\"new-line\">Transparence:<\/span><\/strong><br \/>\nToute personne int\u00e9ress\u00e9e se verra remettre sur demande un exemplaire de la pr\u00e9sente politique de confidentialit\u00e9.<\/li>\n<li><strong><span class=\"new-line\">Acc\u00e8s aux renseignements personnels:<\/span><\/strong><br \/>\nVous avez le droit de demander l&rsquo;acc\u00e8s aux renseignements personnels que nous d\u00e9tenons \u00e0 votre sujet. Vous pouvez aussi contester l&rsquo;exactitude et l&rsquo;int\u00e9gralit\u00e9 de cette information et y faire apporter des corrections.<\/li>\n<li><strong><span class=\"new-line\">Plainte \u00e0 l&rsquo;\u00e9gard du non-respect des principes:<br \/>\n<\/span><\/strong>Vous pouvez vous plaindre du non-respect des principes \u00e9nonc\u00e9s ci-dessus aupr\u00e8s du chef de la direction.<\/li>\n<\/ul>\n<p>[\/vc_column_text][\/vc_column][\/vc_row]<\/p>\n<\/div>","protected":false},"excerpt":{"rendered":"<p>[vc_row el_class=\u00a0\u00bbmain-content x-infinite\u00a0\u00bb][vc_column][vc_column_text] Nous sommes d\u00e9di\u00e9s \u00e0 respecter la vie priv\u00e9e des personnes qui consultent notre site web. Les standards ci-dessous sont parties int\u00e9grantes de notre politique de confidentialit\u00e9 : Nous ne conservons aucun renseignement personnel comme votre nom, adresse, num\u00e9ro de t\u00e9l\u00e9phone ou adresse \u00e9lectronique lorsque vous visitez notre site Web Ces renseignements ne sont recueillis que si vous les fournissez de votre propre chef lorsque vous vous inscrivez sur la liste d&rsquo;envoi (cyber-bulletin), lorsque vous nous pr\u00e9sentez une demande de renseignements ou remplissez un formulaire sur le site. <\/p>\n","protected":false},"author":1,"featured_media":0,"parent":0,"menu_order":0,"comment_status":"closed","ping_status":"closed","template":"fullwidth.php","meta":{"_acf_changed":false,"footnotes":""},"class_list":["post-370","page","type-page","status-publish","hentry"],"acf":[],"yoast_head":"<!-- This site is optimized with the Yoast SEO plugin v27.2 - https:\/\/yoast.com\/product\/yoast-seo-wordpress\/ -->\n<title>Foyers Cadieux | Politique de confidentialit\u00e9<\/title>\n<meta name=\"description\" content=\"Prenez connaissance de notre politique de confidentialit\u00e9 pour mieux profiter de notre site web et de nos produits \u00e0 Gatineau\" \/>\n<meta name=\"robots\" content=\"index, follow, max-snippet:-1, max-image-preview:large, max-video-preview:-1\" \/>\n<link rel=\"canonical\" href=\"https:\/\/foyerscadieux.com\/fr\/politique-de-confidentialite\/\" \/>\n<meta property=\"og:locale\" content=\"fr_FR\" \/>\n<meta property=\"og:type\" content=\"article\" \/>\n<meta property=\"og:title\" content=\"Foyers Cadieux | Politique de confidentialit\u00e9\" \/>\n<meta property=\"og:description\" content=\"Prenez connaissance de notre politique de confidentialit\u00e9 pour mieux profiter de notre site web et de nos produits \u00e0 Gatineau\" \/>\n<meta property=\"og:url\" content=\"https:\/\/foyerscadieux.com\/fr\/politique-de-confidentialite\/\" \/>\n<meta property=\"og:site_name\" content=\"Foyers Cadieux\" \/>\n<meta property=\"article:modified_time\" content=\"2018-11-09T20:39:42+00:00\" \/>\n<meta name=\"twitter:card\" content=\"summary_large_image\" \/>\n<meta name=\"twitter:label1\" content=\"Dur\u00e9e de lecture estim\u00e9e\" \/>\n\t<meta name=\"twitter:data1\" content=\"4 minutes\" \/>\n<script type=\"application\/ld+json\" class=\"yoast-schema-graph\">{\"@context\":\"https:\/\/schema.org\",\"@graph\":[{\"@type\":\"WebPage\",\"@id\":\"https:\/\/foyerscadieux.com\/fr\/politique-de-confidentialite\/\",\"url\":\"https:\/\/foyerscadieux.com\/fr\/politique-de-confidentialite\/\",\"name\":\"Foyers Cadieux | Politique de confidentialit\u00e9\",\"isPartOf\":{\"@id\":\"https:\/\/foyerscadieux.com\/fr\/#website\"},\"datePublished\":\"2018-11-02T14:22:01+00:00\",\"dateModified\":\"2018-11-09T20:39:42+00:00\",\"description\":\"Prenez connaissance de notre politique de confidentialit\u00e9 pour mieux profiter de notre site web et de nos produits \u00e0 Gatineau\",\"breadcrumb\":{\"@id\":\"https:\/\/foyerscadieux.com\/fr\/politique-de-confidentialite\/#breadcrumb\"},\"inLanguage\":\"fr-FR\",\"potentialAction\":[{\"@type\":\"ReadAction\",\"target\":[\"https:\/\/foyerscadieux.com\/fr\/politique-de-confidentialite\/\"]}]},{\"@type\":\"BreadcrumbList\",\"@id\":\"https:\/\/foyerscadieux.com\/fr\/politique-de-confidentialite\/#breadcrumb\",\"itemListElement\":[{\"@type\":\"ListItem\",\"position\":1,\"name\":\"Home\",\"item\":\"https:\/\/foyerscadieux.com\/fr\/\"},{\"@type\":\"ListItem\",\"position\":2,\"name\":\"Politique de confidentialit\u00e9\"}]},{\"@type\":\"WebSite\",\"@id\":\"https:\/\/foyerscadieux.com\/fr\/#website\",\"url\":\"https:\/\/foyerscadieux.com\/fr\/\",\"name\":\"Foyers Cadieux\",\"description\":\"Foyers Cadieux\",\"potentialAction\":[{\"@type\":\"SearchAction\",\"target\":{\"@type\":\"EntryPoint\",\"urlTemplate\":\"https:\/\/foyerscadieux.com\/fr\/?s={search_term_string}\"},\"query-input\":{\"@type\":\"PropertyValueSpecification\",\"valueRequired\":true,\"valueName\":\"search_term_string\"}}],\"inLanguage\":\"fr-FR\"}]}<\/script>\n<!-- \/ Yoast SEO plugin. -->","yoast_head_json":{"title":"Foyers Cadieux | Politique de confidentialit\u00e9","description":"Prenez connaissance de notre politique de confidentialit\u00e9 pour mieux profiter de notre site web et de nos produits \u00e0 Gatineau","robots":{"index":"index","follow":"follow","max-snippet":"max-snippet:-1","max-image-preview":"max-image-preview:large","max-video-preview":"max-video-preview:-1"},"canonical":"https:\/\/foyerscadieux.com\/fr\/politique-de-confidentialite\/","og_locale":"fr_FR","og_type":"article","og_title":"Foyers Cadieux | Politique de confidentialit\u00e9","og_description":"Prenez connaissance de notre politique de confidentialit\u00e9 pour mieux profiter de notre site web et de nos produits \u00e0 Gatineau","og_url":"https:\/\/foyerscadieux.com\/fr\/politique-de-confidentialite\/","og_site_name":"Foyers Cadieux","article_modified_time":"2018-11-09T20:39:42+00:00","twitter_card":"summary_large_image","twitter_misc":{"Dur\u00e9e de lecture estim\u00e9e":"4 minutes"},"schema":{"@context":"https:\/\/schema.org","@graph":[{"@type":"WebPage","@id":"https:\/\/foyerscadieux.com\/fr\/politique-de-confidentialite\/","url":"https:\/\/foyerscadieux.com\/fr\/politique-de-confidentialite\/","name":"Foyers Cadieux | Politique de confidentialit\u00e9","isPartOf":{"@id":"https:\/\/foyerscadieux.com\/fr\/#website"},"datePublished":"2018-11-02T14:22:01+00:00","dateModified":"2018-11-09T20:39:42+00:00","description":"Prenez connaissance de notre politique de confidentialit\u00e9 pour mieux profiter de notre site web et de nos produits \u00e0 Gatineau","breadcrumb":{"@id":"https:\/\/foyerscadieux.com\/fr\/politique-de-confidentialite\/#breadcrumb"},"inLanguage":"fr-FR","potentialAction":[{"@type":"ReadAction","target":["https:\/\/foyerscadieux.com\/fr\/politique-de-confidentialite\/"]}]},{"@type":"BreadcrumbList","@id":"https:\/\/foyerscadieux.com\/fr\/politique-de-confidentialite\/#breadcrumb","itemListElement":[{"@type":"ListItem","position":1,"name":"Home","item":"https:\/\/foyerscadieux.com\/fr\/"},{"@type":"ListItem","position":2,"name":"Politique de confidentialit\u00e9"}]},{"@type":"WebSite","@id":"https:\/\/foyerscadieux.com\/fr\/#website","url":"https:\/\/foyerscadieux.com\/fr\/","name":"Foyers Cadieux","description":"Foyers Cadieux","potentialAction":[{"@type":"SearchAction","target":{"@type":"EntryPoint","urlTemplate":"https:\/\/foyerscadieux.com\/fr\/?s={search_term_string}"},"query-input":{"@type":"PropertyValueSpecification","valueRequired":true,"valueName":"search_term_string"}}],"inLanguage":"fr-FR"}]}},"_links":{"self":[{"href":"https:\/\/foyerscadieux.com\/fr\/wp-json\/wp\/v2\/pages\/370","targetHints":{"allow":["GET"]}}],"collection":[{"href":"https:\/\/foyerscadieux.com\/fr\/wp-json\/wp\/v2\/pages"}],"about":[{"href":"https:\/\/foyerscadieux.com\/fr\/wp-json\/wp\/v2\/types\/page"}],"author":[{"embeddable":true,"href":"https:\/\/foyerscadieux.com\/fr\/wp-json\/wp\/v2\/users\/1"}],"replies":[{"embeddable":true,"href":"https:\/\/foyerscadieux.com\/fr\/wp-json\/wp\/v2\/comments?post=370"}],"version-history":[{"count":0,"href":"https:\/\/foyerscadieux.com\/fr\/wp-json\/wp\/v2\/pages\/370\/revisions"}],"wp:attachment":[{"href":"https:\/\/foyerscadieux.com\/fr\/wp-json\/wp\/v2\/media?parent=370"}],"curies":[{"name":"wp","href":"https:\/\/api.w.org\/{rel}","templated":true}]}}