{"id":6150,"date":"2018-11-16T14:27:08","date_gmt":"2018-11-16T14:27:08","guid":{"rendered":"https:\/\/beta.foyerscadieux.com\/produit\/ws54\/"},"modified":"2018-11-30T16:54:05","modified_gmt":"2018-11-30T16:54:05","slug":"ws54","status":"publish","type":"product","link":"https:\/\/foyerscadieux.com\/fr\/produit\/ws54\/","title":{"rendered":"WS54"},"content":{"rendered":"<p>Le foyer au gaz WS54 offre un vaste paysage flamboyant de profondeur et d&rsquo;abondance sur un lit de pierres de rivi\u00e8re et de sable blanc. Il ajoute aux plus grandes pi\u00e8ces cette impression parfaite de foyer fabriqu\u00e9 sur mesure. L&rsquo;effet tridimensionnel produit ar ses flammes attire toute l&rsquo;attention dans la pi\u00e8ce, quel que soit l&rsquo;angle d&rsquo;observation. C&rsquo;est un v\u00e9ritable \u00e9cran g\u00e9ant \u00e0 facade \u00e9pur\u00e9e sans persienne, con\u00e7u par les designers du foyers au gaz \u00e0 facade \u00e9pur\u00e9e DDV original. Ses panneaux de porcelaine moderne, lisse et r\u00e9flextive sont offerts en noir ou brun caf\u00e9. Caract\u00e9ristiques du foyer : &#8211; V\u00e9ritable \u00e9cran g\u00e9ant \u00e0 facade \u00e9pur\u00e9e; &#8211; \u00c9norme vitre invisible en c\u00e9ramique; &#8211; Panneau de porcelaine r\u00e9flexive noir ou brun caf\u00e9; &#8211; Syst\u00e8me de contr\u00f4le Maestro, gagnant d&rsquo;un prix, sa discr\u00e8te prise murale on\/off, son contr\u00f4le de flamme et son \u00e9l\u00e9gante t\u00e9l\u00e9commande dprogrammable sont inclus avec votre foyer Town &#038; Country; &#8211; Allumage \u00e9lectronique converti au pilote standard en appuyant sur un bouton; &#8211; Gaz naturel ou propane; &#8211; Installation possible jusqu&rsquo;\u00e0 100&prime; d&rsquo;un mur ext\u00e9rieur avec l&rsquo;\u00e9vacuation m\u00e9canique optionnelle; &#8211; Fabrication et mat\u00e9riaux de qualit\u00e9 sup\u00e9rieure;<\/p>\n","protected":false},"excerpt":{"rendered":"<p>Le foyer au gaz WS54 offre un vaste paysage flamboyant de profondeur et d&rsquo;abondance sur un lit de pierres de rivi\u00e8re et de sable blanc. Il ajoute aux plus grandes pi\u00e8ces cette impression parfaite de foyer fabriqu\u00e9 sur mesure. <\/p>\n","protected":false},"featured_media":6148,"template":"","meta":{"_acf_changed":false},"pwb-brand":[43],"product_brand":[],"product_cat":[33,24],"product_tag":[],"class_list":{"0":"post-6150","1":"product","2":"type-product","3":"status-publish","4":"has-post-thumbnail","6":"pwb-brand-town-country","7":"product_cat-foyers","8":"product_cat-gaz","10":"first","11":"instock","12":"shipping-taxable","13":"product-type-simple"},"acf":[],"yoast_head":"<!-- This site is optimized with the Yoast SEO plugin v27.2 - https:\/\/yoast.com\/product\/yoast-seo-wordpress\/ -->\n<title>Foyers Cadieux | Foyers, Gaz | WS54<\/title>\n<meta name=\"description\" content=\"Foyers Cadieux | Foyers, Gaz | Le foyer au gaz WS54 offre un vaste paysage flamboyant de profondeur et d&#039;abondance sur un lit de pierres de rivi\u00e8re et de sable blanc. Il ajoute aux plus\" \/>\n<meta name=\"robots\" content=\"index, follow, max-snippet:-1, max-image-preview:large, max-video-preview:-1\" \/>\n<link rel=\"canonical\" href=\"https:\/\/foyerscadieux.com\/fr\/produit\/ws54\/\" \/>\n<meta property=\"og:locale\" content=\"fr_FR\" \/>\n<meta property=\"og:type\" content=\"article\" \/>\n<meta property=\"og:title\" content=\"Foyers Cadieux | Foyers, Gaz | WS54\" \/>\n<meta property=\"og:description\" content=\"Foyers Cadieux | Foyers, Gaz | Le foyer au gaz WS54 offre un vaste paysage flamboyant de profondeur et d&#039;abondance sur un lit de pierres de rivi\u00e8re et de sable blanc. Il ajoute aux plus\" \/>\n<meta property=\"og:url\" content=\"https:\/\/foyerscadieux.com\/fr\/produit\/ws54\/\" \/>\n<meta property=\"og:site_name\" content=\"Foyers Cadieux\" \/>\n<meta property=\"article:modified_time\" content=\"2018-11-30T16:54:05+00:00\" \/>\n<meta property=\"og:image\" content=\"https:\/\/foyerscadieux.com\/wp-content\/uploads\/2018\/11\/ws54_02.jpg\" \/>\n\t<meta property=\"og:image:width\" content=\"700\" \/>\n\t<meta property=\"og:image:height\" content=\"500\" \/>\n\t<meta property=\"og:image:type\" content=\"image\/jpeg\" \/>\n<meta name=\"twitter:card\" content=\"summary_large_image\" \/>\n<meta name=\"twitter:label1\" content=\"Dur\u00e9e de lecture estim\u00e9e\" \/>\n\t<meta name=\"twitter:data1\" content=\"1 minute\" \/>\n<script type=\"application\/ld+json\" class=\"yoast-schema-graph\">{\"@context\":\"https:\/\/schema.org\",\"@graph\":[{\"@type\":\"WebPage\",\"@id\":\"https:\/\/foyerscadieux.com\/fr\/produit\/ws54\/\",\"url\":\"https:\/\/foyerscadieux.com\/fr\/produit\/ws54\/\",\"name\":\"Foyers Cadieux | Foyers, Gaz | WS54\",\"isPartOf\":{\"@id\":\"https:\/\/foyerscadieux.com\/fr\/#website\"},\"primaryImageOfPage\":{\"@id\":\"https:\/\/foyerscadieux.com\/fr\/produit\/ws54\/#primaryimage\"},\"image\":{\"@id\":\"https:\/\/foyerscadieux.com\/fr\/produit\/ws54\/#primaryimage\"},\"thumbnailUrl\":\"https:\/\/foyerscadieux.com\/wp-content\/uploads\/2018\/11\/ws54_02.jpg\",\"datePublished\":\"2018-11-16T14:27:08+00:00\",\"dateModified\":\"2018-11-30T16:54:05+00:00\",\"description\":\"Foyers Cadieux | Foyers, Gaz | Le foyer au gaz WS54 offre un vaste paysage flamboyant de profondeur et d'abondance sur un lit de pierres de rivi\u00e8re et de sable blanc. Il ajoute aux plus\",\"breadcrumb\":{\"@id\":\"https:\/\/foyerscadieux.com\/fr\/produit\/ws54\/#breadcrumb\"},\"inLanguage\":\"fr-FR\",\"potentialAction\":[{\"@type\":\"ReadAction\",\"target\":[\"https:\/\/foyerscadieux.com\/fr\/produit\/ws54\/\"]}]},{\"@type\":\"ImageObject\",\"inLanguage\":\"fr-FR\",\"@id\":\"https:\/\/foyerscadieux.com\/fr\/produit\/ws54\/#primaryimage\",\"url\":\"https:\/\/foyerscadieux.com\/wp-content\/uploads\/2018\/11\/ws54_02.jpg\",\"contentUrl\":\"https:\/\/foyerscadieux.com\/wp-content\/uploads\/2018\/11\/ws54_02.jpg\",\"width\":700,\"height\":500},{\"@type\":\"BreadcrumbList\",\"@id\":\"https:\/\/foyerscadieux.com\/fr\/produit\/ws54\/#breadcrumb\",\"itemListElement\":[{\"@type\":\"ListItem\",\"position\":1,\"name\":\"Home\",\"item\":\"https:\/\/foyerscadieux.com\/fr\/\"},{\"@type\":\"ListItem\",\"position\":2,\"name\":\"produits\",\"item\":\"https:\/\/foyerscadieux.com\/fr\/produits\/\"},{\"@type\":\"ListItem\",\"position\":3,\"name\":\"WS54\"}]},{\"@type\":\"WebSite\",\"@id\":\"https:\/\/foyerscadieux.com\/fr\/#website\",\"url\":\"https:\/\/foyerscadieux.com\/fr\/\",\"name\":\"Foyers Cadieux\",\"description\":\"Foyers Cadieux\",\"potentialAction\":[{\"@type\":\"SearchAction\",\"target\":{\"@type\":\"EntryPoint\",\"urlTemplate\":\"https:\/\/foyerscadieux.com\/fr\/?s={search_term_string}\"},\"query-input\":{\"@type\":\"PropertyValueSpecification\",\"valueRequired\":true,\"valueName\":\"search_term_string\"}}],\"inLanguage\":\"fr-FR\"}]}<\/script>\n<!-- \/ Yoast SEO plugin. -->","yoast_head_json":{"title":"Foyers Cadieux | Foyers, Gaz | WS54","description":"Foyers Cadieux | Foyers, Gaz | Le foyer au gaz WS54 offre un vaste paysage flamboyant de profondeur et d'abondance sur un lit de pierres de rivi\u00e8re et de sable blanc. Il ajoute aux plus","robots":{"index":"index","follow":"follow","max-snippet":"max-snippet:-1","max-image-preview":"max-image-preview:large","max-video-preview":"max-video-preview:-1"},"canonical":"https:\/\/foyerscadieux.com\/fr\/produit\/ws54\/","og_locale":"fr_FR","og_type":"article","og_title":"Foyers Cadieux | Foyers, Gaz | WS54","og_description":"Foyers Cadieux | Foyers, Gaz | Le foyer au gaz WS54 offre un vaste paysage flamboyant de profondeur et d'abondance sur un lit de pierres de rivi\u00e8re et de sable blanc. Il ajoute aux plus","og_url":"https:\/\/foyerscadieux.com\/fr\/produit\/ws54\/","og_site_name":"Foyers Cadieux","article_modified_time":"2018-11-30T16:54:05+00:00","og_image":[{"width":700,"height":500,"url":"https:\/\/foyerscadieux.com\/wp-content\/uploads\/2018\/11\/ws54_02.jpg","type":"image\/jpeg"}],"twitter_card":"summary_large_image","twitter_misc":{"Dur\u00e9e de lecture estim\u00e9e":"1 minute"},"schema":{"@context":"https:\/\/schema.org","@graph":[{"@type":"WebPage","@id":"https:\/\/foyerscadieux.com\/fr\/produit\/ws54\/","url":"https:\/\/foyerscadieux.com\/fr\/produit\/ws54\/","name":"Foyers Cadieux | Foyers, Gaz | WS54","isPartOf":{"@id":"https:\/\/foyerscadieux.com\/fr\/#website"},"primaryImageOfPage":{"@id":"https:\/\/foyerscadieux.com\/fr\/produit\/ws54\/#primaryimage"},"image":{"@id":"https:\/\/foyerscadieux.com\/fr\/produit\/ws54\/#primaryimage"},"thumbnailUrl":"https:\/\/foyerscadieux.com\/wp-content\/uploads\/2018\/11\/ws54_02.jpg","datePublished":"2018-11-16T14:27:08+00:00","dateModified":"2018-11-30T16:54:05+00:00","description":"Foyers Cadieux | Foyers, Gaz | Le foyer au gaz WS54 offre un vaste paysage flamboyant de profondeur et d'abondance sur un lit de pierres de rivi\u00e8re et de sable blanc. Il ajoute aux plus","breadcrumb":{"@id":"https:\/\/foyerscadieux.com\/fr\/produit\/ws54\/#breadcrumb"},"inLanguage":"fr-FR","potentialAction":[{"@type":"ReadAction","target":["https:\/\/foyerscadieux.com\/fr\/produit\/ws54\/"]}]},{"@type":"ImageObject","inLanguage":"fr-FR","@id":"https:\/\/foyerscadieux.com\/fr\/produit\/ws54\/#primaryimage","url":"https:\/\/foyerscadieux.com\/wp-content\/uploads\/2018\/11\/ws54_02.jpg","contentUrl":"https:\/\/foyerscadieux.com\/wp-content\/uploads\/2018\/11\/ws54_02.jpg","width":700,"height":500},{"@type":"BreadcrumbList","@id":"https:\/\/foyerscadieux.com\/fr\/produit\/ws54\/#breadcrumb","itemListElement":[{"@type":"ListItem","position":1,"name":"Home","item":"https:\/\/foyerscadieux.com\/fr\/"},{"@type":"ListItem","position":2,"name":"produits","item":"https:\/\/foyerscadieux.com\/fr\/produits\/"},{"@type":"ListItem","position":3,"name":"WS54"}]},{"@type":"WebSite","@id":"https:\/\/foyerscadieux.com\/fr\/#website","url":"https:\/\/foyerscadieux.com\/fr\/","name":"Foyers Cadieux","description":"Foyers Cadieux","potentialAction":[{"@type":"SearchAction","target":{"@type":"EntryPoint","urlTemplate":"https:\/\/foyerscadieux.com\/fr\/?s={search_term_string}"},"query-input":{"@type":"PropertyValueSpecification","valueRequired":true,"valueName":"search_term_string"}}],"inLanguage":"fr-FR"}]}},"brands":[{"id":43,"name":"Town &amp; Country","slug":"town-country"}],"_links":{"self":[{"href":"https:\/\/foyerscadieux.com\/fr\/wp-json\/wp\/v2\/product\/6150","targetHints":{"allow":["GET"]}}],"collection":[{"href":"https:\/\/foyerscadieux.com\/fr\/wp-json\/wp\/v2\/product"}],"about":[{"href":"https:\/\/foyerscadieux.com\/fr\/wp-json\/wp\/v2\/types\/product"}],"wp:featuredmedia":[{"embeddable":true,"href":"https:\/\/foyerscadieux.com\/fr\/wp-json\/wp\/v2\/media\/6148"}],"wp:attachment":[{"href":"https:\/\/foyerscadieux.com\/fr\/wp-json\/wp\/v2\/media?parent=6150"}],"wp:term":[{"taxonomy":"pwb-brand","embeddable":true,"href":"https:\/\/foyerscadieux.com\/fr\/wp-json\/wp\/v2\/pwb-brand?post=6150"},{"taxonomy":"product_brand","embeddable":true,"href":"https:\/\/foyerscadieux.com\/fr\/wp-json\/wp\/v2\/product_brand?post=6150"},{"taxonomy":"product_cat","embeddable":true,"href":"https:\/\/foyerscadieux.com\/fr\/wp-json\/wp\/v2\/product_cat?post=6150"},{"taxonomy":"product_tag","embeddable":true,"href":"https:\/\/foyerscadieux.com\/fr\/wp-json\/wp\/v2\/product_tag?post=6150"}],"curies":[{"name":"wp","href":"https:\/\/api.w.org\/{rel}","templated":true}]}}