{"id":6326,"date":"2018-11-16T14:29:57","date_gmt":"2018-11-16T14:29:57","guid":{"rendered":"https:\/\/beta.foyerscadieux.com\/produit\/le-vista\/"},"modified":"2018-11-30T16:50:54","modified_gmt":"2018-11-30T16:50:54","slug":"le-vista","status":"publish","type":"product","link":"https:\/\/foyerscadieux.com\/fr\/produit\/le-vista\/","title":{"rendered":"Le Vista"},"content":{"rendered":"<p>Le Vista Ne vous laissez pas tromper par sa taille modeste. M\u00eame s\u2019il est con\u00e7u pour chauffer efficacement les maisons plus petites, sa performance et ses fonctions remarquables le rapprochent beaucoup des plus gros po\u00eales de la s\u00e9rie Super : puissance \u00e9lev\u00e9e, haute efficacit\u00e9 et fonctionnement convivial. Caract\u00e9ristiques Technologie non catalytique fiable et durable; Utilisation conviviale par simple touche; Vitre c\u00e9ramique nettoy\u00e9e en continu par balayage d\u2019air; Syst\u00e8me d\u2019injection d\u2019air de combustion \u00e0 orifices multiples; Compatible avec prise d\u2019air ext\u00e9rieure et int\u00e9rieure. Caisson flottant pour une dur\u00e9e de vie prolong\u00e9e du po\u00eale; Contour en fonte noir m\u00e9tallique riche; Dessus de po\u00eale en acier \u00e9pais; D\u00e9flecteur en acier et couvercle isolant en acier inox 304; Jet d\u2019air propuls\u00e9 pour faciliter l\u2019allumage; Homologu\u00e9 pour maisons mobiles; Disponible Base de pi\u00e9destal noir m\u00e9tallique; Pattes en quatre finis; Porte arqu\u00e9e en quatre finis;<\/p>\n","protected":false},"excerpt":{"rendered":"<p>Le Vista Ne vous laissez pas tromper par sa taille modeste. M\u00eame s\u2019il est con\u00e7u pour chauffer efficacement les maisons plus petites, sa performance et ses fonctions remarquables le rapprochent beaucoup des plus gros po\u00eales de la s\u00e9rie Super : puissance \u00e9lev\u00e9e, haute efficacit\u00e9 et fonctionnement convivial. <\/p>\n","protected":false},"featured_media":6324,"template":"","meta":{"_acf_changed":false},"pwb-brand":[57],"product_brand":[],"product_cat":[25,34],"product_tag":[],"class_list":{"0":"post-6326","1":"product","2":"type-product","3":"status-publish","4":"has-post-thumbnail","6":"pwb-brand-pacific-energy","7":"product_cat-bois","8":"product_cat-poeles","10":"first","11":"instock","12":"shipping-taxable","13":"product-type-simple"},"acf":[],"yoast_head":"<!-- This site is optimized with the Yoast SEO plugin v27.2 - https:\/\/yoast.com\/product\/yoast-seo-wordpress\/ -->\n<title>Foyers Cadieux | Bois, Po\u00eales | Le Vista<\/title>\n<meta name=\"description\" content=\"Foyers Cadieux | Bois, Po\u00eales | Le Vista Ne vous laissez pas tromper par sa taille modeste. M\u00eame s\u2019il est con\u00e7u pour chauffer efficacement les maisons plus petites, sa performance et ses\" \/>\n<meta name=\"robots\" content=\"index, follow, max-snippet:-1, max-image-preview:large, max-video-preview:-1\" \/>\n<link rel=\"canonical\" href=\"https:\/\/foyerscadieux.com\/fr\/produit\/le-vista\/\" \/>\n<meta property=\"og:locale\" content=\"fr_FR\" \/>\n<meta property=\"og:type\" content=\"article\" \/>\n<meta property=\"og:title\" content=\"Foyers Cadieux | Bois, Po\u00eales | Le Vista\" \/>\n<meta property=\"og:description\" content=\"Foyers Cadieux | Bois, Po\u00eales | Le Vista Ne vous laissez pas tromper par sa taille modeste. M\u00eame s\u2019il est con\u00e7u pour chauffer efficacement les maisons plus petites, sa performance et ses\" \/>\n<meta property=\"og:url\" content=\"https:\/\/foyerscadieux.com\/fr\/produit\/le-vista\/\" \/>\n<meta property=\"og:site_name\" content=\"Foyers Cadieux\" \/>\n<meta property=\"article:modified_time\" content=\"2018-11-30T16:50:54+00:00\" \/>\n<meta property=\"og:image\" content=\"https:\/\/foyerscadieux.com\/wp-content\/uploads\/2018\/11\/vista_thumb.jpg\" \/>\n\t<meta property=\"og:image:width\" content=\"195\" \/>\n\t<meta property=\"og:image:height\" content=\"190\" \/>\n\t<meta property=\"og:image:type\" content=\"image\/jpeg\" \/>\n<meta name=\"twitter:card\" content=\"summary_large_image\" \/>\n<meta name=\"twitter:label1\" content=\"Dur\u00e9e de lecture estim\u00e9e\" \/>\n\t<meta name=\"twitter:data1\" content=\"1 minute\" \/>\n<script type=\"application\/ld+json\" class=\"yoast-schema-graph\">{\"@context\":\"https:\/\/schema.org\",\"@graph\":[{\"@type\":\"WebPage\",\"@id\":\"https:\/\/foyerscadieux.com\/fr\/produit\/le-vista\/\",\"url\":\"https:\/\/foyerscadieux.com\/fr\/produit\/le-vista\/\",\"name\":\"Foyers Cadieux | Bois, Po\u00eales | Le Vista\",\"isPartOf\":{\"@id\":\"https:\/\/foyerscadieux.com\/fr\/#website\"},\"primaryImageOfPage\":{\"@id\":\"https:\/\/foyerscadieux.com\/fr\/produit\/le-vista\/#primaryimage\"},\"image\":{\"@id\":\"https:\/\/foyerscadieux.com\/fr\/produit\/le-vista\/#primaryimage\"},\"thumbnailUrl\":\"https:\/\/foyerscadieux.com\/wp-content\/uploads\/2018\/11\/vista_thumb.jpg\",\"datePublished\":\"2018-11-16T14:29:57+00:00\",\"dateModified\":\"2018-11-30T16:50:54+00:00\",\"description\":\"Foyers Cadieux | Bois, Po\u00eales | Le Vista Ne vous laissez pas tromper par sa taille modeste. M\u00eame s\u2019il est con\u00e7u pour chauffer efficacement les maisons plus petites, sa performance et ses\",\"breadcrumb\":{\"@id\":\"https:\/\/foyerscadieux.com\/fr\/produit\/le-vista\/#breadcrumb\"},\"inLanguage\":\"fr-FR\",\"potentialAction\":[{\"@type\":\"ReadAction\",\"target\":[\"https:\/\/foyerscadieux.com\/fr\/produit\/le-vista\/\"]}]},{\"@type\":\"ImageObject\",\"inLanguage\":\"fr-FR\",\"@id\":\"https:\/\/foyerscadieux.com\/fr\/produit\/le-vista\/#primaryimage\",\"url\":\"https:\/\/foyerscadieux.com\/wp-content\/uploads\/2018\/11\/vista_thumb.jpg\",\"contentUrl\":\"https:\/\/foyerscadieux.com\/wp-content\/uploads\/2018\/11\/vista_thumb.jpg\",\"width\":195,\"height\":190},{\"@type\":\"BreadcrumbList\",\"@id\":\"https:\/\/foyerscadieux.com\/fr\/produit\/le-vista\/#breadcrumb\",\"itemListElement\":[{\"@type\":\"ListItem\",\"position\":1,\"name\":\"Home\",\"item\":\"https:\/\/foyerscadieux.com\/fr\/\"},{\"@type\":\"ListItem\",\"position\":2,\"name\":\"produits\",\"item\":\"https:\/\/foyerscadieux.com\/fr\/produits\/\"},{\"@type\":\"ListItem\",\"position\":3,\"name\":\"Le Vista\"}]},{\"@type\":\"WebSite\",\"@id\":\"https:\/\/foyerscadieux.com\/fr\/#website\",\"url\":\"https:\/\/foyerscadieux.com\/fr\/\",\"name\":\"Foyers Cadieux\",\"description\":\"Foyers Cadieux\",\"potentialAction\":[{\"@type\":\"SearchAction\",\"target\":{\"@type\":\"EntryPoint\",\"urlTemplate\":\"https:\/\/foyerscadieux.com\/fr\/?s={search_term_string}\"},\"query-input\":{\"@type\":\"PropertyValueSpecification\",\"valueRequired\":true,\"valueName\":\"search_term_string\"}}],\"inLanguage\":\"fr-FR\"}]}<\/script>\n<!-- \/ Yoast SEO plugin. -->","yoast_head_json":{"title":"Foyers Cadieux | Bois, Po\u00eales | Le Vista","description":"Foyers Cadieux | Bois, Po\u00eales | Le Vista Ne vous laissez pas tromper par sa taille modeste. M\u00eame s\u2019il est con\u00e7u pour chauffer efficacement les maisons plus petites, sa performance et ses","robots":{"index":"index","follow":"follow","max-snippet":"max-snippet:-1","max-image-preview":"max-image-preview:large","max-video-preview":"max-video-preview:-1"},"canonical":"https:\/\/foyerscadieux.com\/fr\/produit\/le-vista\/","og_locale":"fr_FR","og_type":"article","og_title":"Foyers Cadieux | Bois, Po\u00eales | Le Vista","og_description":"Foyers Cadieux | Bois, Po\u00eales | Le Vista Ne vous laissez pas tromper par sa taille modeste. M\u00eame s\u2019il est con\u00e7u pour chauffer efficacement les maisons plus petites, sa performance et ses","og_url":"https:\/\/foyerscadieux.com\/fr\/produit\/le-vista\/","og_site_name":"Foyers Cadieux","article_modified_time":"2018-11-30T16:50:54+00:00","og_image":[{"width":195,"height":190,"url":"https:\/\/foyerscadieux.com\/wp-content\/uploads\/2018\/11\/vista_thumb.jpg","type":"image\/jpeg"}],"twitter_card":"summary_large_image","twitter_misc":{"Dur\u00e9e de lecture estim\u00e9e":"1 minute"},"schema":{"@context":"https:\/\/schema.org","@graph":[{"@type":"WebPage","@id":"https:\/\/foyerscadieux.com\/fr\/produit\/le-vista\/","url":"https:\/\/foyerscadieux.com\/fr\/produit\/le-vista\/","name":"Foyers Cadieux | Bois, Po\u00eales | Le Vista","isPartOf":{"@id":"https:\/\/foyerscadieux.com\/fr\/#website"},"primaryImageOfPage":{"@id":"https:\/\/foyerscadieux.com\/fr\/produit\/le-vista\/#primaryimage"},"image":{"@id":"https:\/\/foyerscadieux.com\/fr\/produit\/le-vista\/#primaryimage"},"thumbnailUrl":"https:\/\/foyerscadieux.com\/wp-content\/uploads\/2018\/11\/vista_thumb.jpg","datePublished":"2018-11-16T14:29:57+00:00","dateModified":"2018-11-30T16:50:54+00:00","description":"Foyers Cadieux | Bois, Po\u00eales | Le Vista Ne vous laissez pas tromper par sa taille modeste. M\u00eame s\u2019il est con\u00e7u pour chauffer efficacement les maisons plus petites, sa performance et ses","breadcrumb":{"@id":"https:\/\/foyerscadieux.com\/fr\/produit\/le-vista\/#breadcrumb"},"inLanguage":"fr-FR","potentialAction":[{"@type":"ReadAction","target":["https:\/\/foyerscadieux.com\/fr\/produit\/le-vista\/"]}]},{"@type":"ImageObject","inLanguage":"fr-FR","@id":"https:\/\/foyerscadieux.com\/fr\/produit\/le-vista\/#primaryimage","url":"https:\/\/foyerscadieux.com\/wp-content\/uploads\/2018\/11\/vista_thumb.jpg","contentUrl":"https:\/\/foyerscadieux.com\/wp-content\/uploads\/2018\/11\/vista_thumb.jpg","width":195,"height":190},{"@type":"BreadcrumbList","@id":"https:\/\/foyerscadieux.com\/fr\/produit\/le-vista\/#breadcrumb","itemListElement":[{"@type":"ListItem","position":1,"name":"Home","item":"https:\/\/foyerscadieux.com\/fr\/"},{"@type":"ListItem","position":2,"name":"produits","item":"https:\/\/foyerscadieux.com\/fr\/produits\/"},{"@type":"ListItem","position":3,"name":"Le Vista"}]},{"@type":"WebSite","@id":"https:\/\/foyerscadieux.com\/fr\/#website","url":"https:\/\/foyerscadieux.com\/fr\/","name":"Foyers Cadieux","description":"Foyers Cadieux","potentialAction":[{"@type":"SearchAction","target":{"@type":"EntryPoint","urlTemplate":"https:\/\/foyerscadieux.com\/fr\/?s={search_term_string}"},"query-input":{"@type":"PropertyValueSpecification","valueRequired":true,"valueName":"search_term_string"}}],"inLanguage":"fr-FR"}]}},"brands":[{"id":57,"name":"Pacific Energy","slug":"pacific-energy"}],"_links":{"self":[{"href":"https:\/\/foyerscadieux.com\/fr\/wp-json\/wp\/v2\/product\/6326","targetHints":{"allow":["GET"]}}],"collection":[{"href":"https:\/\/foyerscadieux.com\/fr\/wp-json\/wp\/v2\/product"}],"about":[{"href":"https:\/\/foyerscadieux.com\/fr\/wp-json\/wp\/v2\/types\/product"}],"wp:featuredmedia":[{"embeddable":true,"href":"https:\/\/foyerscadieux.com\/fr\/wp-json\/wp\/v2\/media\/6324"}],"wp:attachment":[{"href":"https:\/\/foyerscadieux.com\/fr\/wp-json\/wp\/v2\/media?parent=6326"}],"wp:term":[{"taxonomy":"pwb-brand","embeddable":true,"href":"https:\/\/foyerscadieux.com\/fr\/wp-json\/wp\/v2\/pwb-brand?post=6326"},{"taxonomy":"product_brand","embeddable":true,"href":"https:\/\/foyerscadieux.com\/fr\/wp-json\/wp\/v2\/product_brand?post=6326"},{"taxonomy":"product_cat","embeddable":true,"href":"https:\/\/foyerscadieux.com\/fr\/wp-json\/wp\/v2\/product_cat?post=6326"},{"taxonomy":"product_tag","embeddable":true,"href":"https:\/\/foyerscadieux.com\/fr\/wp-json\/wp\/v2\/product_tag?post=6326"}],"curies":[{"name":"wp","href":"https:\/\/api.w.org\/{rel}","templated":true}]}}