{"id":6411,"date":"2018-11-16T14:31:11","date_gmt":"2018-11-16T14:31:11","guid":{"rendered":"https:\/\/beta.foyerscadieux.com\/produit\/le-summit-encastrable\/"},"modified":"2020-06-08T15:26:28","modified_gmt":"2020-06-08T19:26:28","slug":"le-summit-encastrable","status":"publish","type":"product","link":"https:\/\/foyerscadieux.com\/fr\/produit\/le-summit-encastrable\/","title":{"rendered":"Summit LE encastrable"},"content":{"rendered":"<p>Affrontez le d\u00e9fi de chauffer votre plus grand espace avec le Summit encastrable de Pacific Energy. Le Summit est le seul encastrable avec la technologie de chauffage prolong\u00e9 EBT qui vous donne jusqu\u2019\u00e0 10 heures de chauffage, une nuit compl\u00e8te de chaleur. Le syst\u00e8me d\u2019extraction de la chaleur extr\u00eamement efficace du Summit encastrable transfert le maximum de chaleur dans votre pi\u00e8ce pendant le plus longtemps. Caract\u00e9ristiques Technologie non catalytique fiable et durable; Utilisation conviviale par simple touche; Vitre c\u00e9ramique nettoy\u00e9e en continu par balayage d\u2019air; Syst\u00e8me d\u2019injection d\u2019air de combustion \u00e0 orifices multiples; Compatible avec prise d\u2019air ext\u00e9rieure et int\u00e9rieure; Caisson flottant pour une dur\u00e9e de vie prolong\u00e9e du po\u00eale; Chargement du bois facile et s\u00e9curitaire, de l\u2019avant \u00e0 l\u2019arri\u00e8re; Contour en fonte noir m\u00e9tallique riche; Dessus de po\u00eale en acier \u00e9pais; D\u00e9flecteur en acier et couvercle isolant en acier inox 304; Jet d\u2019air propuls\u00e9 pour faciliter l\u2019allumage; Disponible Porte grillag\u00e9e; Porte arqu\u00e9e en quatre finis; Contour gaufr\u00e9 de format standard; Contour lisse, grand format; Bordure du contour en 3 finis : or, nickel ou noir m\u00e9tallique;<\/p>\n","protected":false},"excerpt":{"rendered":"<p>Affrontez le d\u00e9fi de chauffer votre plus grand espace avec le Summit encastrable de Pacific Energy. Le Summit est le seul encastrable avec la technologie de chauffage prolong\u00e9 EBT qui vous donne jusqu\u2019\u00e0 10 heures de chauffage, une nuit compl\u00e8te de chaleur. <\/p>\n","protected":false},"featured_media":6409,"template":"","meta":{"_acf_changed":false},"pwb-brand":[57],"product_brand":[],"product_cat":[25,30],"product_tag":[],"class_list":{"0":"post-6411","1":"product","2":"type-product","3":"status-publish","4":"has-post-thumbnail","6":"pwb-brand-pacific-energy","7":"product_cat-bois","8":"product_cat-encastrables","10":"first","11":"instock","12":"shipping-taxable","13":"product-type-simple"},"acf":[],"yoast_head":"<!-- This site is optimized with the Yoast SEO plugin v27.2 - https:\/\/yoast.com\/product\/yoast-seo-wordpress\/ -->\n<title>Foyers Cadieux | Bois, Encastrables | Summit LE encastrable<\/title>\n<meta name=\"description\" content=\"Foyers Cadieux | Bois, Encastrables | Affrontez le d\u00e9fi de chauffer votre plus grand espace avec le Summit encastrable de Pacific Energy. Le Summit est le seul encastrable avec la technologie\" \/>\n<meta name=\"robots\" content=\"index, follow, max-snippet:-1, max-image-preview:large, max-video-preview:-1\" \/>\n<link rel=\"canonical\" href=\"https:\/\/foyerscadieux.com\/fr\/produit\/le-summit-encastrable\/\" \/>\n<meta property=\"og:locale\" content=\"fr_FR\" \/>\n<meta property=\"og:type\" content=\"article\" \/>\n<meta property=\"og:title\" content=\"Foyers Cadieux | Bois, Encastrables | Summit LE encastrable\" \/>\n<meta property=\"og:description\" content=\"Foyers Cadieux | Bois, Encastrables | Affrontez le d\u00e9fi de chauffer votre plus grand espace avec le Summit encastrable de Pacific Energy. Le Summit est le seul encastrable avec la technologie\" \/>\n<meta property=\"og:url\" content=\"https:\/\/foyerscadieux.com\/fr\/produit\/le-summit-encastrable\/\" \/>\n<meta property=\"og:site_name\" content=\"Foyers Cadieux\" \/>\n<meta property=\"article:modified_time\" content=\"2020-06-08T19:26:28+00:00\" \/>\n<meta property=\"og:image\" content=\"https:\/\/foyerscadieux.com\/wp-content\/uploads\/2018\/11\/summit_insert_side.jpg\" \/>\n\t<meta property=\"og:image:width\" content=\"275\" \/>\n\t<meta property=\"og:image:height\" content=\"600\" \/>\n\t<meta property=\"og:image:type\" content=\"image\/jpeg\" \/>\n<meta name=\"twitter:card\" content=\"summary_large_image\" \/>\n<meta name=\"twitter:label1\" content=\"Dur\u00e9e de lecture estim\u00e9e\" \/>\n\t<meta name=\"twitter:data1\" content=\"1 minute\" \/>\n<script type=\"application\/ld+json\" class=\"yoast-schema-graph\">{\"@context\":\"https:\/\/schema.org\",\"@graph\":[{\"@type\":\"WebPage\",\"@id\":\"https:\/\/foyerscadieux.com\/fr\/produit\/le-summit-encastrable\/\",\"url\":\"https:\/\/foyerscadieux.com\/fr\/produit\/le-summit-encastrable\/\",\"name\":\"Foyers Cadieux | Bois, Encastrables | Summit LE encastrable\",\"isPartOf\":{\"@id\":\"https:\/\/foyerscadieux.com\/fr\/#website\"},\"primaryImageOfPage\":{\"@id\":\"https:\/\/foyerscadieux.com\/fr\/produit\/le-summit-encastrable\/#primaryimage\"},\"image\":{\"@id\":\"https:\/\/foyerscadieux.com\/fr\/produit\/le-summit-encastrable\/#primaryimage\"},\"thumbnailUrl\":\"https:\/\/foyerscadieux.com\/wp-content\/uploads\/2018\/11\/summit_insert_side.jpg\",\"datePublished\":\"2018-11-16T14:31:11+00:00\",\"dateModified\":\"2020-06-08T19:26:28+00:00\",\"description\":\"Foyers Cadieux | Bois, Encastrables | Affrontez le d\u00e9fi de chauffer votre plus grand espace avec le Summit encastrable de Pacific Energy. Le Summit est le seul encastrable avec la technologie\",\"breadcrumb\":{\"@id\":\"https:\/\/foyerscadieux.com\/fr\/produit\/le-summit-encastrable\/#breadcrumb\"},\"inLanguage\":\"fr-FR\",\"potentialAction\":[{\"@type\":\"ReadAction\",\"target\":[\"https:\/\/foyerscadieux.com\/fr\/produit\/le-summit-encastrable\/\"]}]},{\"@type\":\"ImageObject\",\"inLanguage\":\"fr-FR\",\"@id\":\"https:\/\/foyerscadieux.com\/fr\/produit\/le-summit-encastrable\/#primaryimage\",\"url\":\"https:\/\/foyerscadieux.com\/wp-content\/uploads\/2018\/11\/summit_insert_side.jpg\",\"contentUrl\":\"https:\/\/foyerscadieux.com\/wp-content\/uploads\/2018\/11\/summit_insert_side.jpg\",\"width\":275,\"height\":600},{\"@type\":\"BreadcrumbList\",\"@id\":\"https:\/\/foyerscadieux.com\/fr\/produit\/le-summit-encastrable\/#breadcrumb\",\"itemListElement\":[{\"@type\":\"ListItem\",\"position\":1,\"name\":\"Home\",\"item\":\"https:\/\/foyerscadieux.com\/fr\/\"},{\"@type\":\"ListItem\",\"position\":2,\"name\":\"produits\",\"item\":\"https:\/\/foyerscadieux.com\/fr\/produits\/\"},{\"@type\":\"ListItem\",\"position\":3,\"name\":\"Summit LE encastrable\"}]},{\"@type\":\"WebSite\",\"@id\":\"https:\/\/foyerscadieux.com\/fr\/#website\",\"url\":\"https:\/\/foyerscadieux.com\/fr\/\",\"name\":\"Foyers Cadieux\",\"description\":\"Foyers Cadieux\",\"potentialAction\":[{\"@type\":\"SearchAction\",\"target\":{\"@type\":\"EntryPoint\",\"urlTemplate\":\"https:\/\/foyerscadieux.com\/fr\/?s={search_term_string}\"},\"query-input\":{\"@type\":\"PropertyValueSpecification\",\"valueRequired\":true,\"valueName\":\"search_term_string\"}}],\"inLanguage\":\"fr-FR\"}]}<\/script>\n<!-- \/ Yoast SEO plugin. -->","yoast_head_json":{"title":"Foyers Cadieux | Bois, Encastrables | Summit LE encastrable","description":"Foyers Cadieux | Bois, Encastrables | Affrontez le d\u00e9fi de chauffer votre plus grand espace avec le Summit encastrable de Pacific Energy. Le Summit est le seul encastrable avec la technologie","robots":{"index":"index","follow":"follow","max-snippet":"max-snippet:-1","max-image-preview":"max-image-preview:large","max-video-preview":"max-video-preview:-1"},"canonical":"https:\/\/foyerscadieux.com\/fr\/produit\/le-summit-encastrable\/","og_locale":"fr_FR","og_type":"article","og_title":"Foyers Cadieux | Bois, Encastrables | Summit LE encastrable","og_description":"Foyers Cadieux | Bois, Encastrables | Affrontez le d\u00e9fi de chauffer votre plus grand espace avec le Summit encastrable de Pacific Energy. Le Summit est le seul encastrable avec la technologie","og_url":"https:\/\/foyerscadieux.com\/fr\/produit\/le-summit-encastrable\/","og_site_name":"Foyers Cadieux","article_modified_time":"2020-06-08T19:26:28+00:00","og_image":[{"width":275,"height":600,"url":"https:\/\/foyerscadieux.com\/wp-content\/uploads\/2018\/11\/summit_insert_side.jpg","type":"image\/jpeg"}],"twitter_card":"summary_large_image","twitter_misc":{"Dur\u00e9e de lecture estim\u00e9e":"1 minute"},"schema":{"@context":"https:\/\/schema.org","@graph":[{"@type":"WebPage","@id":"https:\/\/foyerscadieux.com\/fr\/produit\/le-summit-encastrable\/","url":"https:\/\/foyerscadieux.com\/fr\/produit\/le-summit-encastrable\/","name":"Foyers Cadieux | Bois, Encastrables | Summit LE encastrable","isPartOf":{"@id":"https:\/\/foyerscadieux.com\/fr\/#website"},"primaryImageOfPage":{"@id":"https:\/\/foyerscadieux.com\/fr\/produit\/le-summit-encastrable\/#primaryimage"},"image":{"@id":"https:\/\/foyerscadieux.com\/fr\/produit\/le-summit-encastrable\/#primaryimage"},"thumbnailUrl":"https:\/\/foyerscadieux.com\/wp-content\/uploads\/2018\/11\/summit_insert_side.jpg","datePublished":"2018-11-16T14:31:11+00:00","dateModified":"2020-06-08T19:26:28+00:00","description":"Foyers Cadieux | Bois, Encastrables | Affrontez le d\u00e9fi de chauffer votre plus grand espace avec le Summit encastrable de Pacific Energy. Le Summit est le seul encastrable avec la technologie","breadcrumb":{"@id":"https:\/\/foyerscadieux.com\/fr\/produit\/le-summit-encastrable\/#breadcrumb"},"inLanguage":"fr-FR","potentialAction":[{"@type":"ReadAction","target":["https:\/\/foyerscadieux.com\/fr\/produit\/le-summit-encastrable\/"]}]},{"@type":"ImageObject","inLanguage":"fr-FR","@id":"https:\/\/foyerscadieux.com\/fr\/produit\/le-summit-encastrable\/#primaryimage","url":"https:\/\/foyerscadieux.com\/wp-content\/uploads\/2018\/11\/summit_insert_side.jpg","contentUrl":"https:\/\/foyerscadieux.com\/wp-content\/uploads\/2018\/11\/summit_insert_side.jpg","width":275,"height":600},{"@type":"BreadcrumbList","@id":"https:\/\/foyerscadieux.com\/fr\/produit\/le-summit-encastrable\/#breadcrumb","itemListElement":[{"@type":"ListItem","position":1,"name":"Home","item":"https:\/\/foyerscadieux.com\/fr\/"},{"@type":"ListItem","position":2,"name":"produits","item":"https:\/\/foyerscadieux.com\/fr\/produits\/"},{"@type":"ListItem","position":3,"name":"Summit LE encastrable"}]},{"@type":"WebSite","@id":"https:\/\/foyerscadieux.com\/fr\/#website","url":"https:\/\/foyerscadieux.com\/fr\/","name":"Foyers Cadieux","description":"Foyers Cadieux","potentialAction":[{"@type":"SearchAction","target":{"@type":"EntryPoint","urlTemplate":"https:\/\/foyerscadieux.com\/fr\/?s={search_term_string}"},"query-input":{"@type":"PropertyValueSpecification","valueRequired":true,"valueName":"search_term_string"}}],"inLanguage":"fr-FR"}]}},"brands":[{"id":57,"name":"Pacific Energy","slug":"pacific-energy"}],"_links":{"self":[{"href":"https:\/\/foyerscadieux.com\/fr\/wp-json\/wp\/v2\/product\/6411","targetHints":{"allow":["GET"]}}],"collection":[{"href":"https:\/\/foyerscadieux.com\/fr\/wp-json\/wp\/v2\/product"}],"about":[{"href":"https:\/\/foyerscadieux.com\/fr\/wp-json\/wp\/v2\/types\/product"}],"wp:featuredmedia":[{"embeddable":true,"href":"https:\/\/foyerscadieux.com\/fr\/wp-json\/wp\/v2\/media\/6409"}],"wp:attachment":[{"href":"https:\/\/foyerscadieux.com\/fr\/wp-json\/wp\/v2\/media?parent=6411"}],"wp:term":[{"taxonomy":"pwb-brand","embeddable":true,"href":"https:\/\/foyerscadieux.com\/fr\/wp-json\/wp\/v2\/pwb-brand?post=6411"},{"taxonomy":"product_brand","embeddable":true,"href":"https:\/\/foyerscadieux.com\/fr\/wp-json\/wp\/v2\/product_brand?post=6411"},{"taxonomy":"product_cat","embeddable":true,"href":"https:\/\/foyerscadieux.com\/fr\/wp-json\/wp\/v2\/product_cat?post=6411"},{"taxonomy":"product_tag","embeddable":true,"href":"https:\/\/foyerscadieux.com\/fr\/wp-json\/wp\/v2\/product_tag?post=6411"}],"curies":[{"name":"wp","href":"https:\/\/api.w.org\/{rel}","templated":true}]}}