{"id":6465,"date":"2018-11-16T14:31:55","date_gmt":"2018-11-16T14:31:55","guid":{"rendered":"https:\/\/beta.foyerscadieux.com\/produit\/tc36\/"},"modified":"2018-11-30T16:49:33","modified_gmt":"2018-11-30T16:49:33","slug":"tc36","status":"publish","type":"product","link":"https:\/\/foyerscadieux.com\/fr\/produit\/tc36\/","title":{"rendered":"TC36"},"content":{"rendered":"<p>Fa\u00e7ade \u00e9pur\u00e9e \u00e0 vitre c\u00e9ramique panoramique invisible; Foyer affleurant pour feu de bois d&rsquo;apparence r\u00e9elle; Design-A-Fire vous permet de combiner et d&rsquo;agencer les \u00e9l\u00e9ments de votre foyer; Allumage \u00e9lectronique ou allumage continu (convertible du bout des doigts); Gaz naturel ou propane; Batterie de secours (utile lors des pannes de courant); Installation flexible gr\u00e2ce au kit optionnel d&rsquo;\u00e9vacuation Power Vent (jusqu&rsquo;\u00e0 110 pieds du mur ext\u00e9rieur); Mat\u00e9riaux et fabrication de qualit\u00e9 sup\u00e9rieure; Compatible avec le syst\u00e8me de contr\u00f4le Smart Home;<\/p>\n","protected":false},"excerpt":{"rendered":"<p>Fa\u00e7ade \u00e9pur\u00e9e \u00e0 vitre c\u00e9ramique panoramique invisible; Foyer affleurant pour feu de bois d&rsquo;apparence r\u00e9elle; Design-A-Fire vous permet de combiner et d&rsquo;agencer les \u00e9l\u00e9ments de votre foyer; Allumage \u00e9lectronique ou allumage continu (convertible du bout des doigts); <\/p>\n","protected":false},"featured_media":6463,"template":"","meta":{"_acf_changed":false},"pwb-brand":[43],"product_brand":[],"product_cat":[33,24],"product_tag":[],"class_list":{"0":"post-6465","1":"product","2":"type-product","3":"status-publish","4":"has-post-thumbnail","6":"pwb-brand-town-country","7":"product_cat-foyers","8":"product_cat-gaz","10":"first","11":"instock","12":"shipping-taxable","13":"product-type-simple"},"acf":[],"yoast_head":"<!-- This site is optimized with the Yoast SEO plugin v27.2 - https:\/\/yoast.com\/product\/yoast-seo-wordpress\/ -->\n<title>Foyers Cadieux | Foyers, Gaz | TC36<\/title>\n<meta name=\"description\" content=\"Foyers Cadieux | Foyers, Gaz | Fa\u00e7ade \u00e9pur\u00e9e \u00e0 vitre c\u00e9ramique panoramique invisible; Foyer affleurant pour feu de bois d&#039;apparence r\u00e9elle; Design-A-Fire vous permet de combiner et\" \/>\n<meta name=\"robots\" content=\"index, follow, max-snippet:-1, max-image-preview:large, max-video-preview:-1\" \/>\n<link rel=\"canonical\" href=\"https:\/\/foyerscadieux.com\/fr\/produit\/tc36\/\" \/>\n<meta property=\"og:locale\" content=\"fr_FR\" \/>\n<meta property=\"og:type\" content=\"article\" \/>\n<meta property=\"og:title\" content=\"Foyers Cadieux | Foyers, Gaz | TC36\" \/>\n<meta property=\"og:description\" content=\"Foyers Cadieux | Foyers, Gaz | Fa\u00e7ade \u00e9pur\u00e9e \u00e0 vitre c\u00e9ramique panoramique invisible; Foyer affleurant pour feu de bois d&#039;apparence r\u00e9elle; Design-A-Fire vous permet de combiner et\" \/>\n<meta property=\"og:url\" content=\"https:\/\/foyerscadieux.com\/fr\/produit\/tc36\/\" \/>\n<meta property=\"og:site_name\" content=\"Foyers Cadieux\" \/>\n<meta property=\"article:modified_time\" content=\"2018-11-30T16:49:33+00:00\" \/>\n<meta property=\"og:image\" content=\"https:\/\/foyerscadieux.com\/wp-content\/uploads\/2018\/11\/tc36_03.jpg\" \/>\n\t<meta property=\"og:image:width\" content=\"700\" \/>\n\t<meta property=\"og:image:height\" content=\"500\" \/>\n\t<meta property=\"og:image:type\" content=\"image\/jpeg\" \/>\n<meta name=\"twitter:card\" content=\"summary_large_image\" \/>\n<script type=\"application\/ld+json\" class=\"yoast-schema-graph\">{\"@context\":\"https:\/\/schema.org\",\"@graph\":[{\"@type\":\"WebPage\",\"@id\":\"https:\/\/foyerscadieux.com\/fr\/produit\/tc36\/\",\"url\":\"https:\/\/foyerscadieux.com\/fr\/produit\/tc36\/\",\"name\":\"Foyers Cadieux | Foyers, Gaz | TC36\",\"isPartOf\":{\"@id\":\"https:\/\/foyerscadieux.com\/fr\/#website\"},\"primaryImageOfPage\":{\"@id\":\"https:\/\/foyerscadieux.com\/fr\/produit\/tc36\/#primaryimage\"},\"image\":{\"@id\":\"https:\/\/foyerscadieux.com\/fr\/produit\/tc36\/#primaryimage\"},\"thumbnailUrl\":\"https:\/\/foyerscadieux.com\/wp-content\/uploads\/2018\/11\/tc36_03.jpg\",\"datePublished\":\"2018-11-16T14:31:55+00:00\",\"dateModified\":\"2018-11-30T16:49:33+00:00\",\"description\":\"Foyers Cadieux | Foyers, Gaz | Fa\u00e7ade \u00e9pur\u00e9e \u00e0 vitre c\u00e9ramique panoramique invisible; Foyer affleurant pour feu de bois d'apparence r\u00e9elle; Design-A-Fire vous permet de combiner et\",\"breadcrumb\":{\"@id\":\"https:\/\/foyerscadieux.com\/fr\/produit\/tc36\/#breadcrumb\"},\"inLanguage\":\"fr-FR\",\"potentialAction\":[{\"@type\":\"ReadAction\",\"target\":[\"https:\/\/foyerscadieux.com\/fr\/produit\/tc36\/\"]}]},{\"@type\":\"ImageObject\",\"inLanguage\":\"fr-FR\",\"@id\":\"https:\/\/foyerscadieux.com\/fr\/produit\/tc36\/#primaryimage\",\"url\":\"https:\/\/foyerscadieux.com\/wp-content\/uploads\/2018\/11\/tc36_03.jpg\",\"contentUrl\":\"https:\/\/foyerscadieux.com\/wp-content\/uploads\/2018\/11\/tc36_03.jpg\",\"width\":700,\"height\":500},{\"@type\":\"BreadcrumbList\",\"@id\":\"https:\/\/foyerscadieux.com\/fr\/produit\/tc36\/#breadcrumb\",\"itemListElement\":[{\"@type\":\"ListItem\",\"position\":1,\"name\":\"Home\",\"item\":\"https:\/\/foyerscadieux.com\/fr\/\"},{\"@type\":\"ListItem\",\"position\":2,\"name\":\"produits\",\"item\":\"https:\/\/foyerscadieux.com\/fr\/produits\/\"},{\"@type\":\"ListItem\",\"position\":3,\"name\":\"TC36\"}]},{\"@type\":\"WebSite\",\"@id\":\"https:\/\/foyerscadieux.com\/fr\/#website\",\"url\":\"https:\/\/foyerscadieux.com\/fr\/\",\"name\":\"Foyers Cadieux\",\"description\":\"Foyers Cadieux\",\"potentialAction\":[{\"@type\":\"SearchAction\",\"target\":{\"@type\":\"EntryPoint\",\"urlTemplate\":\"https:\/\/foyerscadieux.com\/fr\/?s={search_term_string}\"},\"query-input\":{\"@type\":\"PropertyValueSpecification\",\"valueRequired\":true,\"valueName\":\"search_term_string\"}}],\"inLanguage\":\"fr-FR\"}]}<\/script>\n<!-- \/ Yoast SEO plugin. -->","yoast_head_json":{"title":"Foyers Cadieux | Foyers, Gaz | TC36","description":"Foyers Cadieux | Foyers, Gaz | Fa\u00e7ade \u00e9pur\u00e9e \u00e0 vitre c\u00e9ramique panoramique invisible; Foyer affleurant pour feu de bois d'apparence r\u00e9elle; Design-A-Fire vous permet de combiner et","robots":{"index":"index","follow":"follow","max-snippet":"max-snippet:-1","max-image-preview":"max-image-preview:large","max-video-preview":"max-video-preview:-1"},"canonical":"https:\/\/foyerscadieux.com\/fr\/produit\/tc36\/","og_locale":"fr_FR","og_type":"article","og_title":"Foyers Cadieux | Foyers, Gaz | TC36","og_description":"Foyers Cadieux | Foyers, Gaz | Fa\u00e7ade \u00e9pur\u00e9e \u00e0 vitre c\u00e9ramique panoramique invisible; Foyer affleurant pour feu de bois d'apparence r\u00e9elle; Design-A-Fire vous permet de combiner et","og_url":"https:\/\/foyerscadieux.com\/fr\/produit\/tc36\/","og_site_name":"Foyers Cadieux","article_modified_time":"2018-11-30T16:49:33+00:00","og_image":[{"width":700,"height":500,"url":"https:\/\/foyerscadieux.com\/wp-content\/uploads\/2018\/11\/tc36_03.jpg","type":"image\/jpeg"}],"twitter_card":"summary_large_image","schema":{"@context":"https:\/\/schema.org","@graph":[{"@type":"WebPage","@id":"https:\/\/foyerscadieux.com\/fr\/produit\/tc36\/","url":"https:\/\/foyerscadieux.com\/fr\/produit\/tc36\/","name":"Foyers Cadieux | Foyers, Gaz | TC36","isPartOf":{"@id":"https:\/\/foyerscadieux.com\/fr\/#website"},"primaryImageOfPage":{"@id":"https:\/\/foyerscadieux.com\/fr\/produit\/tc36\/#primaryimage"},"image":{"@id":"https:\/\/foyerscadieux.com\/fr\/produit\/tc36\/#primaryimage"},"thumbnailUrl":"https:\/\/foyerscadieux.com\/wp-content\/uploads\/2018\/11\/tc36_03.jpg","datePublished":"2018-11-16T14:31:55+00:00","dateModified":"2018-11-30T16:49:33+00:00","description":"Foyers Cadieux | Foyers, Gaz | Fa\u00e7ade \u00e9pur\u00e9e \u00e0 vitre c\u00e9ramique panoramique invisible; Foyer affleurant pour feu de bois d'apparence r\u00e9elle; Design-A-Fire vous permet de combiner et","breadcrumb":{"@id":"https:\/\/foyerscadieux.com\/fr\/produit\/tc36\/#breadcrumb"},"inLanguage":"fr-FR","potentialAction":[{"@type":"ReadAction","target":["https:\/\/foyerscadieux.com\/fr\/produit\/tc36\/"]}]},{"@type":"ImageObject","inLanguage":"fr-FR","@id":"https:\/\/foyerscadieux.com\/fr\/produit\/tc36\/#primaryimage","url":"https:\/\/foyerscadieux.com\/wp-content\/uploads\/2018\/11\/tc36_03.jpg","contentUrl":"https:\/\/foyerscadieux.com\/wp-content\/uploads\/2018\/11\/tc36_03.jpg","width":700,"height":500},{"@type":"BreadcrumbList","@id":"https:\/\/foyerscadieux.com\/fr\/produit\/tc36\/#breadcrumb","itemListElement":[{"@type":"ListItem","position":1,"name":"Home","item":"https:\/\/foyerscadieux.com\/fr\/"},{"@type":"ListItem","position":2,"name":"produits","item":"https:\/\/foyerscadieux.com\/fr\/produits\/"},{"@type":"ListItem","position":3,"name":"TC36"}]},{"@type":"WebSite","@id":"https:\/\/foyerscadieux.com\/fr\/#website","url":"https:\/\/foyerscadieux.com\/fr\/","name":"Foyers Cadieux","description":"Foyers Cadieux","potentialAction":[{"@type":"SearchAction","target":{"@type":"EntryPoint","urlTemplate":"https:\/\/foyerscadieux.com\/fr\/?s={search_term_string}"},"query-input":{"@type":"PropertyValueSpecification","valueRequired":true,"valueName":"search_term_string"}}],"inLanguage":"fr-FR"}]}},"brands":[{"id":43,"name":"Town &amp; Country","slug":"town-country"}],"_links":{"self":[{"href":"https:\/\/foyerscadieux.com\/fr\/wp-json\/wp\/v2\/product\/6465","targetHints":{"allow":["GET"]}}],"collection":[{"href":"https:\/\/foyerscadieux.com\/fr\/wp-json\/wp\/v2\/product"}],"about":[{"href":"https:\/\/foyerscadieux.com\/fr\/wp-json\/wp\/v2\/types\/product"}],"wp:featuredmedia":[{"embeddable":true,"href":"https:\/\/foyerscadieux.com\/fr\/wp-json\/wp\/v2\/media\/6463"}],"wp:attachment":[{"href":"https:\/\/foyerscadieux.com\/fr\/wp-json\/wp\/v2\/media?parent=6465"}],"wp:term":[{"taxonomy":"pwb-brand","embeddable":true,"href":"https:\/\/foyerscadieux.com\/fr\/wp-json\/wp\/v2\/pwb-brand?post=6465"},{"taxonomy":"product_brand","embeddable":true,"href":"https:\/\/foyerscadieux.com\/fr\/wp-json\/wp\/v2\/product_brand?post=6465"},{"taxonomy":"product_cat","embeddable":true,"href":"https:\/\/foyerscadieux.com\/fr\/wp-json\/wp\/v2\/product_cat?post=6465"},{"taxonomy":"product_tag","embeddable":true,"href":"https:\/\/foyerscadieux.com\/fr\/wp-json\/wp\/v2\/product_tag?post=6465"}],"curies":[{"name":"wp","href":"https:\/\/api.w.org\/{rel}","templated":true}]}}