{"id":6526,"date":"2020-06-08T13:38:51","date_gmt":"2020-06-08T17:38:51","guid":{"rendered":"https:\/\/beta.foyerscadieux.com\/produit\/opel-3\/"},"modified":"2020-06-08T13:46:25","modified_gmt":"2020-06-08T17:46:25","slug":"opel-3-plus","status":"publish","type":"product","link":"https:\/\/foyerscadieux.com\/fr\/produit\/opel-3-plus\/","title":{"rendered":"Opel 3 Plus"},"content":{"rendered":"<p><span style=\"color: #252525;font-family: 'Open Sans', Helvetica, Arial, sans-serif;font-size: 14px\">La s\u00e9rie Opel Plus repr\u00e9sente la toute derni\u00e8re perc\u00e9e au sein de la famille de foyers Opel. Conservant son style classique tout en offrant un taux d\u2019\u00e9missions de 0.7g\/h tel que certifi\u00e9 par l\u2019EPA, le mod\u00e8le Opel Plus est l\u2019un des appareils les plus avanc\u00e9s et les plus propres que l\u2019on trouve sur le march\u00e9. Dans le pass\u00e9, la revue Popular Science Magazine recommandait le mod\u00e8le Opel \u00e0 ses lecteurs en vertu de son haut taux de rendement et de son faible taux d\u2019\u00e9missions. Au fil des ann\u00e9es, de nombreuses innovations ont \u00e9t\u00e9 apport\u00e9es \u00e0 la technologie du mod\u00e8le Opel pour cr\u00e9er le mod\u00e8le raffin\u00e9 que l\u2019on vous propose aujourd\u2019hui sous le nom d\u2019Opel Plus.<\/span><\/p>\n","protected":false},"excerpt":{"rendered":"<p>La s\u00e9rie Opel Plus repr\u00e9sente la toute derni\u00e8re perc\u00e9e au sein de la famille de foyers Opel. Conservant son style classique tout en offrant un taux d\u2019\u00e9missions de 0.7g\/h tel que certifi\u00e9 par l\u2019EPA, le mod\u00e8le Opel Plus est l\u2019un des appareils les plus avanc\u00e9s et les plus propres que l\u2019on trouve sur le march\u00e9. <\/p>\n","protected":false},"featured_media":7668,"template":"","meta":{"_acf_changed":false},"pwb-brand":[38],"product_brand":[],"product_cat":[25,33],"product_tag":[],"class_list":{"0":"post-6526","1":"product","2":"type-product","3":"status-publish","4":"has-post-thumbnail","6":"pwb-brand-rsf","7":"product_cat-bois","8":"product_cat-foyers","10":"first","11":"instock","12":"shipping-taxable","13":"product-type-simple"},"acf":[],"yoast_head":"<!-- This site is optimized with the Yoast SEO plugin v27.2 - https:\/\/yoast.com\/product\/yoast-seo-wordpress\/ -->\n<title>Foyers Cadieux | Bois, Foyers | Opel 3 Plus<\/title>\n<meta name=\"description\" content=\"Foyers Cadieux | Bois, Foyers | La s\u00e9rie Opel Plus repr\u00e9sente la toute derni\u00e8re perc\u00e9e au sein de la famille de foyers Opel. Conservant son style classique tout en offrant un taux\" \/>\n<meta name=\"robots\" content=\"index, follow, max-snippet:-1, max-image-preview:large, max-video-preview:-1\" \/>\n<link rel=\"canonical\" href=\"https:\/\/foyerscadieux.com\/fr\/produit\/opel-3-plus\/\" \/>\n<meta property=\"og:locale\" content=\"fr_FR\" \/>\n<meta property=\"og:type\" content=\"article\" \/>\n<meta property=\"og:title\" content=\"Foyers Cadieux | Bois, Foyers | Opel 3 Plus\" \/>\n<meta property=\"og:description\" content=\"Foyers Cadieux | Bois, Foyers | La s\u00e9rie Opel Plus repr\u00e9sente la toute derni\u00e8re perc\u00e9e au sein de la famille de foyers Opel. Conservant son style classique tout en offrant un taux\" \/>\n<meta property=\"og:url\" content=\"https:\/\/foyerscadieux.com\/fr\/produit\/opel-3-plus\/\" \/>\n<meta property=\"og:site_name\" content=\"Foyers Cadieux\" \/>\n<meta property=\"article:modified_time\" content=\"2020-06-08T17:46:25+00:00\" \/>\n<meta property=\"og:image\" content=\"https:\/\/foyerscadieux.com\/wp-content\/uploads\/2020\/06\/opel3-white.jpg\" \/>\n\t<meta property=\"og:image:width\" content=\"650\" \/>\n\t<meta property=\"og:image:height\" content=\"650\" \/>\n\t<meta property=\"og:image:type\" content=\"image\/jpeg\" \/>\n<meta name=\"twitter:card\" content=\"summary_large_image\" \/>\n<meta name=\"twitter:label1\" content=\"Dur\u00e9e de lecture estim\u00e9e\" \/>\n\t<meta name=\"twitter:data1\" content=\"1 minute\" \/>\n<script type=\"application\/ld+json\" class=\"yoast-schema-graph\">{\"@context\":\"https:\/\/schema.org\",\"@graph\":[{\"@type\":\"WebPage\",\"@id\":\"https:\/\/foyerscadieux.com\/fr\/produit\/opel-3-plus\/\",\"url\":\"https:\/\/foyerscadieux.com\/fr\/produit\/opel-3-plus\/\",\"name\":\"Foyers Cadieux | Bois, Foyers | Opel 3 Plus\",\"isPartOf\":{\"@id\":\"https:\/\/foyerscadieux.com\/fr\/#website\"},\"primaryImageOfPage\":{\"@id\":\"https:\/\/foyerscadieux.com\/fr\/produit\/opel-3-plus\/#primaryimage\"},\"image\":{\"@id\":\"https:\/\/foyerscadieux.com\/fr\/produit\/opel-3-plus\/#primaryimage\"},\"thumbnailUrl\":\"https:\/\/foyerscadieux.com\/wp-content\/uploads\/2020\/06\/opel3-white.jpg\",\"datePublished\":\"2020-06-08T17:38:51+00:00\",\"dateModified\":\"2020-06-08T17:46:25+00:00\",\"description\":\"Foyers Cadieux | Bois, Foyers | La s\u00e9rie Opel Plus repr\u00e9sente la toute derni\u00e8re perc\u00e9e au sein de la famille de foyers Opel. Conservant son style classique tout en offrant un taux\",\"breadcrumb\":{\"@id\":\"https:\/\/foyerscadieux.com\/fr\/produit\/opel-3-plus\/#breadcrumb\"},\"inLanguage\":\"fr-FR\",\"potentialAction\":[{\"@type\":\"ReadAction\",\"target\":[\"https:\/\/foyerscadieux.com\/fr\/produit\/opel-3-plus\/\"]}]},{\"@type\":\"ImageObject\",\"inLanguage\":\"fr-FR\",\"@id\":\"https:\/\/foyerscadieux.com\/fr\/produit\/opel-3-plus\/#primaryimage\",\"url\":\"https:\/\/foyerscadieux.com\/wp-content\/uploads\/2020\/06\/opel3-white.jpg\",\"contentUrl\":\"https:\/\/foyerscadieux.com\/wp-content\/uploads\/2020\/06\/opel3-white.jpg\",\"width\":650,\"height\":650},{\"@type\":\"BreadcrumbList\",\"@id\":\"https:\/\/foyerscadieux.com\/fr\/produit\/opel-3-plus\/#breadcrumb\",\"itemListElement\":[{\"@type\":\"ListItem\",\"position\":1,\"name\":\"Home\",\"item\":\"https:\/\/foyerscadieux.com\/fr\/\"},{\"@type\":\"ListItem\",\"position\":2,\"name\":\"produits\",\"item\":\"https:\/\/foyerscadieux.com\/fr\/produits\/\"},{\"@type\":\"ListItem\",\"position\":3,\"name\":\"Opel 3 Plus\"}]},{\"@type\":\"WebSite\",\"@id\":\"https:\/\/foyerscadieux.com\/fr\/#website\",\"url\":\"https:\/\/foyerscadieux.com\/fr\/\",\"name\":\"Foyers Cadieux\",\"description\":\"Foyers Cadieux\",\"potentialAction\":[{\"@type\":\"SearchAction\",\"target\":{\"@type\":\"EntryPoint\",\"urlTemplate\":\"https:\/\/foyerscadieux.com\/fr\/?s={search_term_string}\"},\"query-input\":{\"@type\":\"PropertyValueSpecification\",\"valueRequired\":true,\"valueName\":\"search_term_string\"}}],\"inLanguage\":\"fr-FR\"}]}<\/script>\n<!-- \/ Yoast SEO plugin. -->","yoast_head_json":{"title":"Foyers Cadieux | Bois, Foyers | Opel 3 Plus","description":"Foyers Cadieux | Bois, Foyers | La s\u00e9rie Opel Plus repr\u00e9sente la toute derni\u00e8re perc\u00e9e au sein de la famille de foyers Opel. Conservant son style classique tout en offrant un taux","robots":{"index":"index","follow":"follow","max-snippet":"max-snippet:-1","max-image-preview":"max-image-preview:large","max-video-preview":"max-video-preview:-1"},"canonical":"https:\/\/foyerscadieux.com\/fr\/produit\/opel-3-plus\/","og_locale":"fr_FR","og_type":"article","og_title":"Foyers Cadieux | Bois, Foyers | Opel 3 Plus","og_description":"Foyers Cadieux | Bois, Foyers | La s\u00e9rie Opel Plus repr\u00e9sente la toute derni\u00e8re perc\u00e9e au sein de la famille de foyers Opel. Conservant son style classique tout en offrant un taux","og_url":"https:\/\/foyerscadieux.com\/fr\/produit\/opel-3-plus\/","og_site_name":"Foyers Cadieux","article_modified_time":"2020-06-08T17:46:25+00:00","og_image":[{"width":650,"height":650,"url":"https:\/\/foyerscadieux.com\/wp-content\/uploads\/2020\/06\/opel3-white.jpg","type":"image\/jpeg"}],"twitter_card":"summary_large_image","twitter_misc":{"Dur\u00e9e de lecture estim\u00e9e":"1 minute"},"schema":{"@context":"https:\/\/schema.org","@graph":[{"@type":"WebPage","@id":"https:\/\/foyerscadieux.com\/fr\/produit\/opel-3-plus\/","url":"https:\/\/foyerscadieux.com\/fr\/produit\/opel-3-plus\/","name":"Foyers Cadieux | Bois, Foyers | Opel 3 Plus","isPartOf":{"@id":"https:\/\/foyerscadieux.com\/fr\/#website"},"primaryImageOfPage":{"@id":"https:\/\/foyerscadieux.com\/fr\/produit\/opel-3-plus\/#primaryimage"},"image":{"@id":"https:\/\/foyerscadieux.com\/fr\/produit\/opel-3-plus\/#primaryimage"},"thumbnailUrl":"https:\/\/foyerscadieux.com\/wp-content\/uploads\/2020\/06\/opel3-white.jpg","datePublished":"2020-06-08T17:38:51+00:00","dateModified":"2020-06-08T17:46:25+00:00","description":"Foyers Cadieux | Bois, Foyers | La s\u00e9rie Opel Plus repr\u00e9sente la toute derni\u00e8re perc\u00e9e au sein de la famille de foyers Opel. Conservant son style classique tout en offrant un taux","breadcrumb":{"@id":"https:\/\/foyerscadieux.com\/fr\/produit\/opel-3-plus\/#breadcrumb"},"inLanguage":"fr-FR","potentialAction":[{"@type":"ReadAction","target":["https:\/\/foyerscadieux.com\/fr\/produit\/opel-3-plus\/"]}]},{"@type":"ImageObject","inLanguage":"fr-FR","@id":"https:\/\/foyerscadieux.com\/fr\/produit\/opel-3-plus\/#primaryimage","url":"https:\/\/foyerscadieux.com\/wp-content\/uploads\/2020\/06\/opel3-white.jpg","contentUrl":"https:\/\/foyerscadieux.com\/wp-content\/uploads\/2020\/06\/opel3-white.jpg","width":650,"height":650},{"@type":"BreadcrumbList","@id":"https:\/\/foyerscadieux.com\/fr\/produit\/opel-3-plus\/#breadcrumb","itemListElement":[{"@type":"ListItem","position":1,"name":"Home","item":"https:\/\/foyerscadieux.com\/fr\/"},{"@type":"ListItem","position":2,"name":"produits","item":"https:\/\/foyerscadieux.com\/fr\/produits\/"},{"@type":"ListItem","position":3,"name":"Opel 3 Plus"}]},{"@type":"WebSite","@id":"https:\/\/foyerscadieux.com\/fr\/#website","url":"https:\/\/foyerscadieux.com\/fr\/","name":"Foyers Cadieux","description":"Foyers Cadieux","potentialAction":[{"@type":"SearchAction","target":{"@type":"EntryPoint","urlTemplate":"https:\/\/foyerscadieux.com\/fr\/?s={search_term_string}"},"query-input":{"@type":"PropertyValueSpecification","valueRequired":true,"valueName":"search_term_string"}}],"inLanguage":"fr-FR"}]}},"brands":[{"id":38,"name":"RSF","slug":"rsf"}],"_links":{"self":[{"href":"https:\/\/foyerscadieux.com\/fr\/wp-json\/wp\/v2\/product\/6526","targetHints":{"allow":["GET"]}}],"collection":[{"href":"https:\/\/foyerscadieux.com\/fr\/wp-json\/wp\/v2\/product"}],"about":[{"href":"https:\/\/foyerscadieux.com\/fr\/wp-json\/wp\/v2\/types\/product"}],"wp:featuredmedia":[{"embeddable":true,"href":"https:\/\/foyerscadieux.com\/fr\/wp-json\/wp\/v2\/media\/7668"}],"wp:attachment":[{"href":"https:\/\/foyerscadieux.com\/fr\/wp-json\/wp\/v2\/media?parent=6526"}],"wp:term":[{"taxonomy":"pwb-brand","embeddable":true,"href":"https:\/\/foyerscadieux.com\/fr\/wp-json\/wp\/v2\/pwb-brand?post=6526"},{"taxonomy":"product_brand","embeddable":true,"href":"https:\/\/foyerscadieux.com\/fr\/wp-json\/wp\/v2\/product_brand?post=6526"},{"taxonomy":"product_cat","embeddable":true,"href":"https:\/\/foyerscadieux.com\/fr\/wp-json\/wp\/v2\/product_cat?post=6526"},{"taxonomy":"product_tag","embeddable":true,"href":"https:\/\/foyerscadieux.com\/fr\/wp-json\/wp\/v2\/product_tag?post=6526"}],"curies":[{"name":"wp","href":"https:\/\/api.w.org\/{rel}","templated":true}]}}