{"id":6541,"date":"2018-11-16T14:33:07","date_gmt":"2018-11-16T14:33:07","guid":{"rendered":"https:\/\/beta.foyerscadieux.com\/produit\/monia\/"},"modified":"2018-11-30T16:48:25","modified_gmt":"2018-11-30T16:48:25","slug":"monia","status":"publish","type":"product","link":"https:\/\/foyerscadieux.com\/fr\/produit\/monia\/","title":{"rendered":"MONIA"},"content":{"rendered":"<p>DURABILIT\u00c9 Encadrement en haut gauge d\u2019 acier , la grille en fonte et le po\u00eale sont exceptionnellement robustes, fiables et durables. STRUCTURE \u2022 haut en fonte, chambre de combustion, ventilation \u00e0 air chaud, porte et ventilateur d\u2019extraction encastr\u00e9s \u2022 Joints de porte en fibres m\u00e9talliques \u2022 vitre en c\u00e9ramique r\u00e9sistant jusqu\u2019au 1380\u00b0 F\/ 750\u00b0 C \u2022 Piquets \u00e9pais et r\u00e9glables en caoutchouc pour le nivellement au sol \u2022 haute gauge avec ch\u00e2ssis en acier<\/p>\n","protected":false},"excerpt":{"rendered":"<p>DURABILIT\u00c9 Encadrement en haut gauge d\u2019 acier , la grille en fonte et le po\u00eale sont exceptionnellement robustes, fiables et durables. STRUCTURE \u2022 haut en fonte, chambre de combustion, ventilation \u00e0 air chaud, porte et ventilateur d\u2019extraction encastr\u00e9s \u2022 Joints de porte en fibres m\u00e9talliques \u2022 vitre en c\u00e9ramique r\u00e9sistant jusqu\u2019au 1380\u00b0 F\/ 750\u00b0 C \u2022 Piquets \u00e9pais et r\u00e9glables en caoutchouc pour le nivellement au sol \u2022 haute gauge avec ch\u00e2ssis en acier <\/p>\n","protected":false},"featured_media":6539,"template":"","meta":{"_acf_changed":false},"pwb-brand":[39],"product_brand":[],"product_cat":[29,34],"product_tag":[],"class_list":{"0":"post-6541","1":"product","2":"type-product","3":"status-publish","4":"has-post-thumbnail","6":"pwb-brand-piazzetta","7":"product_cat-granules","8":"product_cat-poeles","10":"first","11":"instock","12":"shipping-taxable","13":"product-type-simple"},"acf":[],"yoast_head":"<!-- This site is optimized with the Yoast SEO plugin v27.2 - https:\/\/yoast.com\/product\/yoast-seo-wordpress\/ -->\n<title>Foyers Cadieux | Granules, Po\u00eales | MONIA<\/title>\n<meta name=\"description\" content=\"Foyers Cadieux | Granules, Po\u00eales | DURABILIT\u00c9 Encadrement en haut gauge d\u2019 acier , la grille en fonte et le po\u00eale sont exceptionnellement robustes, fiables et durables. STRUCTURE \u2022 haut en\" \/>\n<meta name=\"robots\" content=\"index, follow, max-snippet:-1, max-image-preview:large, max-video-preview:-1\" \/>\n<link rel=\"canonical\" href=\"https:\/\/foyerscadieux.com\/fr\/produit\/monia\/\" \/>\n<meta property=\"og:locale\" content=\"fr_FR\" \/>\n<meta property=\"og:type\" content=\"article\" \/>\n<meta property=\"og:title\" content=\"Foyers Cadieux | Granules, Po\u00eales | MONIA\" \/>\n<meta property=\"og:description\" content=\"Foyers Cadieux | Granules, Po\u00eales | DURABILIT\u00c9 Encadrement en haut gauge d\u2019 acier , la grille en fonte et le po\u00eale sont exceptionnellement robustes, fiables et durables. STRUCTURE \u2022 haut en\" \/>\n<meta property=\"og:url\" content=\"https:\/\/foyerscadieux.com\/fr\/produit\/monia\/\" \/>\n<meta property=\"og:site_name\" content=\"Foyers Cadieux\" \/>\n<meta property=\"article:modified_time\" content=\"2018-11-30T16:48:25+00:00\" \/>\n<meta property=\"og:image\" content=\"https:\/\/foyerscadieux.com\/wp-content\/uploads\/2018\/11\/monia__bordeaux_LR.jpg\" \/>\n\t<meta property=\"og:image:width\" content=\"800\" \/>\n\t<meta property=\"og:image:height\" content=\"850\" \/>\n\t<meta property=\"og:image:type\" content=\"image\/jpeg\" \/>\n<meta name=\"twitter:card\" content=\"summary_large_image\" \/>\n<script type=\"application\/ld+json\" class=\"yoast-schema-graph\">{\"@context\":\"https:\/\/schema.org\",\"@graph\":[{\"@type\":\"WebPage\",\"@id\":\"https:\/\/foyerscadieux.com\/fr\/produit\/monia\/\",\"url\":\"https:\/\/foyerscadieux.com\/fr\/produit\/monia\/\",\"name\":\"Foyers Cadieux | Granules, Po\u00eales | MONIA\",\"isPartOf\":{\"@id\":\"https:\/\/foyerscadieux.com\/fr\/#website\"},\"primaryImageOfPage\":{\"@id\":\"https:\/\/foyerscadieux.com\/fr\/produit\/monia\/#primaryimage\"},\"image\":{\"@id\":\"https:\/\/foyerscadieux.com\/fr\/produit\/monia\/#primaryimage\"},\"thumbnailUrl\":\"https:\/\/foyerscadieux.com\/wp-content\/uploads\/2018\/11\/monia__bordeaux_LR.jpg\",\"datePublished\":\"2018-11-16T14:33:07+00:00\",\"dateModified\":\"2018-11-30T16:48:25+00:00\",\"description\":\"Foyers Cadieux | Granules, Po\u00eales | DURABILIT\u00c9 Encadrement en haut gauge d\u2019 acier , la grille en fonte et le po\u00eale sont exceptionnellement robustes, fiables et durables. STRUCTURE \u2022 haut en\",\"breadcrumb\":{\"@id\":\"https:\/\/foyerscadieux.com\/fr\/produit\/monia\/#breadcrumb\"},\"inLanguage\":\"fr-FR\",\"potentialAction\":[{\"@type\":\"ReadAction\",\"target\":[\"https:\/\/foyerscadieux.com\/fr\/produit\/monia\/\"]}]},{\"@type\":\"ImageObject\",\"inLanguage\":\"fr-FR\",\"@id\":\"https:\/\/foyerscadieux.com\/fr\/produit\/monia\/#primaryimage\",\"url\":\"https:\/\/foyerscadieux.com\/wp-content\/uploads\/2018\/11\/monia__bordeaux_LR.jpg\",\"contentUrl\":\"https:\/\/foyerscadieux.com\/wp-content\/uploads\/2018\/11\/monia__bordeaux_LR.jpg\",\"width\":800,\"height\":850},{\"@type\":\"BreadcrumbList\",\"@id\":\"https:\/\/foyerscadieux.com\/fr\/produit\/monia\/#breadcrumb\",\"itemListElement\":[{\"@type\":\"ListItem\",\"position\":1,\"name\":\"Home\",\"item\":\"https:\/\/foyerscadieux.com\/fr\/\"},{\"@type\":\"ListItem\",\"position\":2,\"name\":\"produits\",\"item\":\"https:\/\/foyerscadieux.com\/fr\/produits\/\"},{\"@type\":\"ListItem\",\"position\":3,\"name\":\"MONIA\"}]},{\"@type\":\"WebSite\",\"@id\":\"https:\/\/foyerscadieux.com\/fr\/#website\",\"url\":\"https:\/\/foyerscadieux.com\/fr\/\",\"name\":\"Foyers Cadieux\",\"description\":\"Foyers Cadieux\",\"potentialAction\":[{\"@type\":\"SearchAction\",\"target\":{\"@type\":\"EntryPoint\",\"urlTemplate\":\"https:\/\/foyerscadieux.com\/fr\/?s={search_term_string}\"},\"query-input\":{\"@type\":\"PropertyValueSpecification\",\"valueRequired\":true,\"valueName\":\"search_term_string\"}}],\"inLanguage\":\"fr-FR\"}]}<\/script>\n<!-- \/ Yoast SEO plugin. -->","yoast_head_json":{"title":"Foyers Cadieux | Granules, Po\u00eales | MONIA","description":"Foyers Cadieux | Granules, Po\u00eales | DURABILIT\u00c9 Encadrement en haut gauge d\u2019 acier , la grille en fonte et le po\u00eale sont exceptionnellement robustes, fiables et durables. STRUCTURE \u2022 haut en","robots":{"index":"index","follow":"follow","max-snippet":"max-snippet:-1","max-image-preview":"max-image-preview:large","max-video-preview":"max-video-preview:-1"},"canonical":"https:\/\/foyerscadieux.com\/fr\/produit\/monia\/","og_locale":"fr_FR","og_type":"article","og_title":"Foyers Cadieux | Granules, Po\u00eales | MONIA","og_description":"Foyers Cadieux | Granules, Po\u00eales | DURABILIT\u00c9 Encadrement en haut gauge d\u2019 acier , la grille en fonte et le po\u00eale sont exceptionnellement robustes, fiables et durables. STRUCTURE \u2022 haut en","og_url":"https:\/\/foyerscadieux.com\/fr\/produit\/monia\/","og_site_name":"Foyers Cadieux","article_modified_time":"2018-11-30T16:48:25+00:00","og_image":[{"width":800,"height":850,"url":"https:\/\/foyerscadieux.com\/wp-content\/uploads\/2018\/11\/monia__bordeaux_LR.jpg","type":"image\/jpeg"}],"twitter_card":"summary_large_image","schema":{"@context":"https:\/\/schema.org","@graph":[{"@type":"WebPage","@id":"https:\/\/foyerscadieux.com\/fr\/produit\/monia\/","url":"https:\/\/foyerscadieux.com\/fr\/produit\/monia\/","name":"Foyers Cadieux | Granules, Po\u00eales | MONIA","isPartOf":{"@id":"https:\/\/foyerscadieux.com\/fr\/#website"},"primaryImageOfPage":{"@id":"https:\/\/foyerscadieux.com\/fr\/produit\/monia\/#primaryimage"},"image":{"@id":"https:\/\/foyerscadieux.com\/fr\/produit\/monia\/#primaryimage"},"thumbnailUrl":"https:\/\/foyerscadieux.com\/wp-content\/uploads\/2018\/11\/monia__bordeaux_LR.jpg","datePublished":"2018-11-16T14:33:07+00:00","dateModified":"2018-11-30T16:48:25+00:00","description":"Foyers Cadieux | Granules, Po\u00eales | DURABILIT\u00c9 Encadrement en haut gauge d\u2019 acier , la grille en fonte et le po\u00eale sont exceptionnellement robustes, fiables et durables. STRUCTURE \u2022 haut en","breadcrumb":{"@id":"https:\/\/foyerscadieux.com\/fr\/produit\/monia\/#breadcrumb"},"inLanguage":"fr-FR","potentialAction":[{"@type":"ReadAction","target":["https:\/\/foyerscadieux.com\/fr\/produit\/monia\/"]}]},{"@type":"ImageObject","inLanguage":"fr-FR","@id":"https:\/\/foyerscadieux.com\/fr\/produit\/monia\/#primaryimage","url":"https:\/\/foyerscadieux.com\/wp-content\/uploads\/2018\/11\/monia__bordeaux_LR.jpg","contentUrl":"https:\/\/foyerscadieux.com\/wp-content\/uploads\/2018\/11\/monia__bordeaux_LR.jpg","width":800,"height":850},{"@type":"BreadcrumbList","@id":"https:\/\/foyerscadieux.com\/fr\/produit\/monia\/#breadcrumb","itemListElement":[{"@type":"ListItem","position":1,"name":"Home","item":"https:\/\/foyerscadieux.com\/fr\/"},{"@type":"ListItem","position":2,"name":"produits","item":"https:\/\/foyerscadieux.com\/fr\/produits\/"},{"@type":"ListItem","position":3,"name":"MONIA"}]},{"@type":"WebSite","@id":"https:\/\/foyerscadieux.com\/fr\/#website","url":"https:\/\/foyerscadieux.com\/fr\/","name":"Foyers Cadieux","description":"Foyers Cadieux","potentialAction":[{"@type":"SearchAction","target":{"@type":"EntryPoint","urlTemplate":"https:\/\/foyerscadieux.com\/fr\/?s={search_term_string}"},"query-input":{"@type":"PropertyValueSpecification","valueRequired":true,"valueName":"search_term_string"}}],"inLanguage":"fr-FR"}]}},"brands":[{"id":39,"name":"Piazzetta","slug":"piazzetta"}],"_links":{"self":[{"href":"https:\/\/foyerscadieux.com\/fr\/wp-json\/wp\/v2\/product\/6541","targetHints":{"allow":["GET"]}}],"collection":[{"href":"https:\/\/foyerscadieux.com\/fr\/wp-json\/wp\/v2\/product"}],"about":[{"href":"https:\/\/foyerscadieux.com\/fr\/wp-json\/wp\/v2\/types\/product"}],"wp:featuredmedia":[{"embeddable":true,"href":"https:\/\/foyerscadieux.com\/fr\/wp-json\/wp\/v2\/media\/6539"}],"wp:attachment":[{"href":"https:\/\/foyerscadieux.com\/fr\/wp-json\/wp\/v2\/media?parent=6541"}],"wp:term":[{"taxonomy":"pwb-brand","embeddable":true,"href":"https:\/\/foyerscadieux.com\/fr\/wp-json\/wp\/v2\/pwb-brand?post=6541"},{"taxonomy":"product_brand","embeddable":true,"href":"https:\/\/foyerscadieux.com\/fr\/wp-json\/wp\/v2\/product_brand?post=6541"},{"taxonomy":"product_cat","embeddable":true,"href":"https:\/\/foyerscadieux.com\/fr\/wp-json\/wp\/v2\/product_cat?post=6541"},{"taxonomy":"product_tag","embeddable":true,"href":"https:\/\/foyerscadieux.com\/fr\/wp-json\/wp\/v2\/product_tag?post=6541"}],"curies":[{"name":"wp","href":"https:\/\/api.w.org\/{rel}","templated":true}]}}