{"id":6572,"date":"2018-11-16T14:33:49","date_gmt":"2018-11-16T14:33:49","guid":{"rendered":"https:\/\/beta.foyerscadieux.com\/produit\/cuisine-exterieure-sur-mesure\/"},"modified":"2018-11-30T16:48:15","modified_gmt":"2018-11-30T16:48:15","slug":"cuisine-exterieure-sur-mesure","status":"publish","type":"product","link":"https:\/\/foyerscadieux.com\/fr\/produit\/cuisine-exterieure-sur-mesure\/","title":{"rendered":"Cuisine ext\u00e9rieure sur mesure"},"content":{"rendered":"<p>Foyers Cadieux vous offre un service de conception sur mesure pour vos cuisines ext\u00e9rieures, BBQ encastrables, r\u00e9frig\u00e9rateurs en acier inoxydable, et autres accessoires provenant de divers fabriquants, faciles \u00e0 installer et pr\u00eats \u00e0 \u00eatre int\u00e9gr\u00e9s \u00e0 votre choix de design.<\/p>\n","protected":false},"excerpt":{"rendered":"<p>Foyers Cadieux vous offre un service de conception sur mesure pour vos cuisines ext\u00e9rieures, BBQ encastrables, r\u00e9frig\u00e9rateurs en acier inoxydable, et autres accessoires provenant de divers fabriquants, faciles \u00e0 installer et pr\u00eats \u00e0 \u00eatre int\u00e9gr\u00e9s \u00e0 votre choix de design. <\/p>\n","protected":false},"featured_media":6570,"template":"","meta":{"_acf_changed":false},"pwb-brand":[50],"product_brand":[],"product_cat":[85],"product_tag":[],"class_list":{"0":"post-6572","1":"product","2":"type-product","3":"status-publish","4":"has-post-thumbnail","6":"pwb-brand-sur-mesure","7":"product_cat-cuisine-exterieure","9":"first","10":"instock","11":"shipping-taxable","12":"product-type-simple"},"acf":[],"yoast_head":"<!-- This site is optimized with the Yoast SEO plugin v27.2 - https:\/\/yoast.com\/product\/yoast-seo-wordpress\/ -->\n<title>Foyers Cadieux | Cuisine ext\u00e9rieure | Cuisine ext\u00e9rieure sur mesure<\/title>\n<meta name=\"description\" content=\"Foyers Cadieux | Cuisine ext\u00e9rieure | Foyers Cadieux vous offre un service de conception sur mesure pour vos cuisines ext\u00e9rieures, BBQ encastrables, r\u00e9frig\u00e9rateurs en acier inoxydable, et\" \/>\n<meta name=\"robots\" content=\"index, follow, max-snippet:-1, max-image-preview:large, max-video-preview:-1\" \/>\n<link rel=\"canonical\" href=\"https:\/\/foyerscadieux.com\/fr\/produit\/cuisine-exterieure-sur-mesure\/\" \/>\n<meta property=\"og:locale\" content=\"fr_FR\" \/>\n<meta property=\"og:type\" content=\"article\" \/>\n<meta property=\"og:title\" content=\"Foyers Cadieux | Cuisine ext\u00e9rieure | Cuisine ext\u00e9rieure sur mesure\" \/>\n<meta property=\"og:description\" content=\"Foyers Cadieux | Cuisine ext\u00e9rieure | Foyers Cadieux vous offre un service de conception sur mesure pour vos cuisines ext\u00e9rieures, BBQ encastrables, r\u00e9frig\u00e9rateurs en acier inoxydable, et\" \/>\n<meta property=\"og:url\" content=\"https:\/\/foyerscadieux.com\/fr\/produit\/cuisine-exterieure-sur-mesure\/\" \/>\n<meta property=\"og:site_name\" content=\"Foyers Cadieux\" \/>\n<meta property=\"article:modified_time\" content=\"2018-11-30T16:48:15+00:00\" \/>\n<meta property=\"og:image\" content=\"https:\/\/foyerscadieux.com\/wp-content\/uploads\/2018\/11\/aog_built-in_lifestyle_sm.jpg\" \/>\n\t<meta property=\"og:image:width\" content=\"447\" \/>\n\t<meta property=\"og:image:height\" content=\"246\" \/>\n\t<meta property=\"og:image:type\" content=\"image\/jpeg\" \/>\n<meta name=\"twitter:card\" content=\"summary_large_image\" \/>\n<script type=\"application\/ld+json\" class=\"yoast-schema-graph\">{\"@context\":\"https:\/\/schema.org\",\"@graph\":[{\"@type\":\"WebPage\",\"@id\":\"https:\/\/foyerscadieux.com\/fr\/produit\/cuisine-exterieure-sur-mesure\/\",\"url\":\"https:\/\/foyerscadieux.com\/fr\/produit\/cuisine-exterieure-sur-mesure\/\",\"name\":\"Foyers Cadieux | Cuisine ext\u00e9rieure | Cuisine ext\u00e9rieure sur mesure\",\"isPartOf\":{\"@id\":\"https:\/\/foyerscadieux.com\/fr\/#website\"},\"primaryImageOfPage\":{\"@id\":\"https:\/\/foyerscadieux.com\/fr\/produit\/cuisine-exterieure-sur-mesure\/#primaryimage\"},\"image\":{\"@id\":\"https:\/\/foyerscadieux.com\/fr\/produit\/cuisine-exterieure-sur-mesure\/#primaryimage\"},\"thumbnailUrl\":\"https:\/\/foyerscadieux.com\/wp-content\/uploads\/2018\/11\/aog_built-in_lifestyle_sm.jpg\",\"datePublished\":\"2018-11-16T14:33:49+00:00\",\"dateModified\":\"2018-11-30T16:48:15+00:00\",\"description\":\"Foyers Cadieux | Cuisine ext\u00e9rieure | Foyers Cadieux vous offre un service de conception sur mesure pour vos cuisines ext\u00e9rieures, BBQ encastrables, r\u00e9frig\u00e9rateurs en acier inoxydable, et\",\"breadcrumb\":{\"@id\":\"https:\/\/foyerscadieux.com\/fr\/produit\/cuisine-exterieure-sur-mesure\/#breadcrumb\"},\"inLanguage\":\"fr-FR\",\"potentialAction\":[{\"@type\":\"ReadAction\",\"target\":[\"https:\/\/foyerscadieux.com\/fr\/produit\/cuisine-exterieure-sur-mesure\/\"]}]},{\"@type\":\"ImageObject\",\"inLanguage\":\"fr-FR\",\"@id\":\"https:\/\/foyerscadieux.com\/fr\/produit\/cuisine-exterieure-sur-mesure\/#primaryimage\",\"url\":\"https:\/\/foyerscadieux.com\/wp-content\/uploads\/2018\/11\/aog_built-in_lifestyle_sm.jpg\",\"contentUrl\":\"https:\/\/foyerscadieux.com\/wp-content\/uploads\/2018\/11\/aog_built-in_lifestyle_sm.jpg\",\"width\":447,\"height\":246},{\"@type\":\"BreadcrumbList\",\"@id\":\"https:\/\/foyerscadieux.com\/fr\/produit\/cuisine-exterieure-sur-mesure\/#breadcrumb\",\"itemListElement\":[{\"@type\":\"ListItem\",\"position\":1,\"name\":\"Home\",\"item\":\"https:\/\/foyerscadieux.com\/fr\/\"},{\"@type\":\"ListItem\",\"position\":2,\"name\":\"produits\",\"item\":\"https:\/\/foyerscadieux.com\/fr\/produits\/\"},{\"@type\":\"ListItem\",\"position\":3,\"name\":\"Cuisine ext\u00e9rieure sur mesure\"}]},{\"@type\":\"WebSite\",\"@id\":\"https:\/\/foyerscadieux.com\/fr\/#website\",\"url\":\"https:\/\/foyerscadieux.com\/fr\/\",\"name\":\"Foyers Cadieux\",\"description\":\"Foyers Cadieux\",\"potentialAction\":[{\"@type\":\"SearchAction\",\"target\":{\"@type\":\"EntryPoint\",\"urlTemplate\":\"https:\/\/foyerscadieux.com\/fr\/?s={search_term_string}\"},\"query-input\":{\"@type\":\"PropertyValueSpecification\",\"valueRequired\":true,\"valueName\":\"search_term_string\"}}],\"inLanguage\":\"fr-FR\"}]}<\/script>\n<!-- \/ Yoast SEO plugin. -->","yoast_head_json":{"title":"Foyers Cadieux | Cuisine ext\u00e9rieure | Cuisine ext\u00e9rieure sur mesure","description":"Foyers Cadieux | Cuisine ext\u00e9rieure | Foyers Cadieux vous offre un service de conception sur mesure pour vos cuisines ext\u00e9rieures, BBQ encastrables, r\u00e9frig\u00e9rateurs en acier inoxydable, et","robots":{"index":"index","follow":"follow","max-snippet":"max-snippet:-1","max-image-preview":"max-image-preview:large","max-video-preview":"max-video-preview:-1"},"canonical":"https:\/\/foyerscadieux.com\/fr\/produit\/cuisine-exterieure-sur-mesure\/","og_locale":"fr_FR","og_type":"article","og_title":"Foyers Cadieux | Cuisine ext\u00e9rieure | Cuisine ext\u00e9rieure sur mesure","og_description":"Foyers Cadieux | Cuisine ext\u00e9rieure | Foyers Cadieux vous offre un service de conception sur mesure pour vos cuisines ext\u00e9rieures, BBQ encastrables, r\u00e9frig\u00e9rateurs en acier inoxydable, et","og_url":"https:\/\/foyerscadieux.com\/fr\/produit\/cuisine-exterieure-sur-mesure\/","og_site_name":"Foyers Cadieux","article_modified_time":"2018-11-30T16:48:15+00:00","og_image":[{"width":447,"height":246,"url":"https:\/\/foyerscadieux.com\/wp-content\/uploads\/2018\/11\/aog_built-in_lifestyle_sm.jpg","type":"image\/jpeg"}],"twitter_card":"summary_large_image","schema":{"@context":"https:\/\/schema.org","@graph":[{"@type":"WebPage","@id":"https:\/\/foyerscadieux.com\/fr\/produit\/cuisine-exterieure-sur-mesure\/","url":"https:\/\/foyerscadieux.com\/fr\/produit\/cuisine-exterieure-sur-mesure\/","name":"Foyers Cadieux | Cuisine ext\u00e9rieure | Cuisine ext\u00e9rieure sur mesure","isPartOf":{"@id":"https:\/\/foyerscadieux.com\/fr\/#website"},"primaryImageOfPage":{"@id":"https:\/\/foyerscadieux.com\/fr\/produit\/cuisine-exterieure-sur-mesure\/#primaryimage"},"image":{"@id":"https:\/\/foyerscadieux.com\/fr\/produit\/cuisine-exterieure-sur-mesure\/#primaryimage"},"thumbnailUrl":"https:\/\/foyerscadieux.com\/wp-content\/uploads\/2018\/11\/aog_built-in_lifestyle_sm.jpg","datePublished":"2018-11-16T14:33:49+00:00","dateModified":"2018-11-30T16:48:15+00:00","description":"Foyers Cadieux | Cuisine ext\u00e9rieure | Foyers Cadieux vous offre un service de conception sur mesure pour vos cuisines ext\u00e9rieures, BBQ encastrables, r\u00e9frig\u00e9rateurs en acier inoxydable, et","breadcrumb":{"@id":"https:\/\/foyerscadieux.com\/fr\/produit\/cuisine-exterieure-sur-mesure\/#breadcrumb"},"inLanguage":"fr-FR","potentialAction":[{"@type":"ReadAction","target":["https:\/\/foyerscadieux.com\/fr\/produit\/cuisine-exterieure-sur-mesure\/"]}]},{"@type":"ImageObject","inLanguage":"fr-FR","@id":"https:\/\/foyerscadieux.com\/fr\/produit\/cuisine-exterieure-sur-mesure\/#primaryimage","url":"https:\/\/foyerscadieux.com\/wp-content\/uploads\/2018\/11\/aog_built-in_lifestyle_sm.jpg","contentUrl":"https:\/\/foyerscadieux.com\/wp-content\/uploads\/2018\/11\/aog_built-in_lifestyle_sm.jpg","width":447,"height":246},{"@type":"BreadcrumbList","@id":"https:\/\/foyerscadieux.com\/fr\/produit\/cuisine-exterieure-sur-mesure\/#breadcrumb","itemListElement":[{"@type":"ListItem","position":1,"name":"Home","item":"https:\/\/foyerscadieux.com\/fr\/"},{"@type":"ListItem","position":2,"name":"produits","item":"https:\/\/foyerscadieux.com\/fr\/produits\/"},{"@type":"ListItem","position":3,"name":"Cuisine ext\u00e9rieure sur mesure"}]},{"@type":"WebSite","@id":"https:\/\/foyerscadieux.com\/fr\/#website","url":"https:\/\/foyerscadieux.com\/fr\/","name":"Foyers Cadieux","description":"Foyers Cadieux","potentialAction":[{"@type":"SearchAction","target":{"@type":"EntryPoint","urlTemplate":"https:\/\/foyerscadieux.com\/fr\/?s={search_term_string}"},"query-input":{"@type":"PropertyValueSpecification","valueRequired":true,"valueName":"search_term_string"}}],"inLanguage":"fr-FR"}]}},"brands":[{"id":50,"name":"Sur mesure","slug":"sur-mesure"}],"_links":{"self":[{"href":"https:\/\/foyerscadieux.com\/fr\/wp-json\/wp\/v2\/product\/6572","targetHints":{"allow":["GET"]}}],"collection":[{"href":"https:\/\/foyerscadieux.com\/fr\/wp-json\/wp\/v2\/product"}],"about":[{"href":"https:\/\/foyerscadieux.com\/fr\/wp-json\/wp\/v2\/types\/product"}],"wp:featuredmedia":[{"embeddable":true,"href":"https:\/\/foyerscadieux.com\/fr\/wp-json\/wp\/v2\/media\/6570"}],"wp:attachment":[{"href":"https:\/\/foyerscadieux.com\/fr\/wp-json\/wp\/v2\/media?parent=6572"}],"wp:term":[{"taxonomy":"pwb-brand","embeddable":true,"href":"https:\/\/foyerscadieux.com\/fr\/wp-json\/wp\/v2\/pwb-brand?post=6572"},{"taxonomy":"product_brand","embeddable":true,"href":"https:\/\/foyerscadieux.com\/fr\/wp-json\/wp\/v2\/product_brand?post=6572"},{"taxonomy":"product_cat","embeddable":true,"href":"https:\/\/foyerscadieux.com\/fr\/wp-json\/wp\/v2\/product_cat?post=6572"},{"taxonomy":"product_tag","embeddable":true,"href":"https:\/\/foyerscadieux.com\/fr\/wp-json\/wp\/v2\/product_tag?post=6572"}],"curies":[{"name":"wp","href":"https:\/\/api.w.org\/{rel}","templated":true}]}}