{"id":6760,"date":"2018-11-16T14:38:00","date_gmt":"2018-11-16T14:38:00","guid":{"rendered":"https:\/\/beta.foyerscadieux.com\/produit\/rl50\/"},"modified":"2018-11-30T16:46:47","modified_gmt":"2018-11-30T16:46:47","slug":"rl50","status":"publish","type":"product","link":"https:\/\/foyerscadieux.com\/fr\/produit\/rl50\/","title":{"rendered":"RL50"},"content":{"rendered":"<p>Foyers Renaissance d\u00e9sire vous faire d\u00e9couvrir le chauffage au bois \u00e0 l\u2019aide d\u2019une d\u00e9marche innovante et passionnante qui vise \u00e0 pr\u00e9server la nostalgie qui s\u2019\u00e9veille au son des cr\u00e9pitements d\u2019un feu. Le feu mur \u00e0 mur du RL50 constitue une exp\u00e9rience hors pair.<\/p>\n","protected":false},"excerpt":{"rendered":"<p>Foyers Renaissance d\u00e9sire vous faire d\u00e9couvrir le chauffage au bois \u00e0 l\u2019aide d\u2019une d\u00e9marche innovante et passionnante qui vise \u00e0 pr\u00e9server la nostalgie qui s\u2019\u00e9veille au son des cr\u00e9pitements d\u2019un feu. <\/p>\n","protected":false},"featured_media":6758,"template":"","meta":{"_acf_changed":false},"pwb-brand":[54],"product_brand":[],"product_cat":[25,33],"product_tag":[],"class_list":{"0":"post-6760","1":"product","2":"type-product","3":"status-publish","4":"has-post-thumbnail","6":"pwb-brand-renaissances","7":"product_cat-bois","8":"product_cat-foyers","10":"first","11":"instock","12":"shipping-taxable","13":"product-type-simple"},"acf":[],"yoast_head":"<!-- This site is optimized with the Yoast SEO plugin v27.2 - https:\/\/yoast.com\/product\/yoast-seo-wordpress\/ -->\n<title>Foyers Cadieux | Bois, Foyers | RL50<\/title>\n<meta name=\"description\" content=\"Foyers Cadieux | Bois, Foyers | Foyers Renaissance d\u00e9sire vous faire d\u00e9couvrir le chauffage au bois \u00e0 l\u2019aide d\u2019une d\u00e9marche innovante et passionnante qui vise \u00e0 pr\u00e9server la nostalgie\" \/>\n<meta name=\"robots\" content=\"index, follow, max-snippet:-1, max-image-preview:large, max-video-preview:-1\" \/>\n<link rel=\"canonical\" href=\"https:\/\/foyerscadieux.com\/fr\/produit\/rl50\/\" \/>\n<meta property=\"og:locale\" content=\"fr_FR\" \/>\n<meta property=\"og:type\" content=\"article\" \/>\n<meta property=\"og:title\" content=\"Foyers Cadieux | Bois, Foyers | RL50\" \/>\n<meta property=\"og:description\" content=\"Foyers Cadieux | Bois, Foyers | Foyers Renaissance d\u00e9sire vous faire d\u00e9couvrir le chauffage au bois \u00e0 l\u2019aide d\u2019une d\u00e9marche innovante et passionnante qui vise \u00e0 pr\u00e9server la nostalgie\" \/>\n<meta property=\"og:url\" content=\"https:\/\/foyerscadieux.com\/fr\/produit\/rl50\/\" \/>\n<meta property=\"og:site_name\" content=\"Foyers Cadieux\" \/>\n<meta property=\"article:modified_time\" content=\"2018-11-30T16:46:47+00:00\" \/>\n<meta property=\"og:image\" content=\"https:\/\/foyerscadieux.com\/wp-content\/uploads\/2018\/11\/rl50.jpg\" \/>\n\t<meta property=\"og:image:width\" content=\"400\" \/>\n\t<meta property=\"og:image:height\" content=\"400\" \/>\n\t<meta property=\"og:image:type\" content=\"image\/jpeg\" \/>\n<meta name=\"twitter:card\" content=\"summary_large_image\" \/>\n<script type=\"application\/ld+json\" class=\"yoast-schema-graph\">{\"@context\":\"https:\/\/schema.org\",\"@graph\":[{\"@type\":\"WebPage\",\"@id\":\"https:\/\/foyerscadieux.com\/fr\/produit\/rl50\/\",\"url\":\"https:\/\/foyerscadieux.com\/fr\/produit\/rl50\/\",\"name\":\"Foyers Cadieux | Bois, Foyers | RL50\",\"isPartOf\":{\"@id\":\"https:\/\/foyerscadieux.com\/fr\/#website\"},\"primaryImageOfPage\":{\"@id\":\"https:\/\/foyerscadieux.com\/fr\/produit\/rl50\/#primaryimage\"},\"image\":{\"@id\":\"https:\/\/foyerscadieux.com\/fr\/produit\/rl50\/#primaryimage\"},\"thumbnailUrl\":\"https:\/\/foyerscadieux.com\/wp-content\/uploads\/2018\/11\/rl50.jpg\",\"datePublished\":\"2018-11-16T14:38:00+00:00\",\"dateModified\":\"2018-11-30T16:46:47+00:00\",\"description\":\"Foyers Cadieux | Bois, Foyers | Foyers Renaissance d\u00e9sire vous faire d\u00e9couvrir le chauffage au bois \u00e0 l\u2019aide d\u2019une d\u00e9marche innovante et passionnante qui vise \u00e0 pr\u00e9server la nostalgie\",\"breadcrumb\":{\"@id\":\"https:\/\/foyerscadieux.com\/fr\/produit\/rl50\/#breadcrumb\"},\"inLanguage\":\"fr-FR\",\"potentialAction\":[{\"@type\":\"ReadAction\",\"target\":[\"https:\/\/foyerscadieux.com\/fr\/produit\/rl50\/\"]}]},{\"@type\":\"ImageObject\",\"inLanguage\":\"fr-FR\",\"@id\":\"https:\/\/foyerscadieux.com\/fr\/produit\/rl50\/#primaryimage\",\"url\":\"https:\/\/foyerscadieux.com\/wp-content\/uploads\/2018\/11\/rl50.jpg\",\"contentUrl\":\"https:\/\/foyerscadieux.com\/wp-content\/uploads\/2018\/11\/rl50.jpg\",\"width\":400,\"height\":400},{\"@type\":\"BreadcrumbList\",\"@id\":\"https:\/\/foyerscadieux.com\/fr\/produit\/rl50\/#breadcrumb\",\"itemListElement\":[{\"@type\":\"ListItem\",\"position\":1,\"name\":\"Home\",\"item\":\"https:\/\/foyerscadieux.com\/fr\/\"},{\"@type\":\"ListItem\",\"position\":2,\"name\":\"produits\",\"item\":\"https:\/\/foyerscadieux.com\/fr\/produits\/\"},{\"@type\":\"ListItem\",\"position\":3,\"name\":\"RL50\"}]},{\"@type\":\"WebSite\",\"@id\":\"https:\/\/foyerscadieux.com\/fr\/#website\",\"url\":\"https:\/\/foyerscadieux.com\/fr\/\",\"name\":\"Foyers Cadieux\",\"description\":\"Foyers Cadieux\",\"potentialAction\":[{\"@type\":\"SearchAction\",\"target\":{\"@type\":\"EntryPoint\",\"urlTemplate\":\"https:\/\/foyerscadieux.com\/fr\/?s={search_term_string}\"},\"query-input\":{\"@type\":\"PropertyValueSpecification\",\"valueRequired\":true,\"valueName\":\"search_term_string\"}}],\"inLanguage\":\"fr-FR\"}]}<\/script>\n<!-- \/ Yoast SEO plugin. -->","yoast_head_json":{"title":"Foyers Cadieux | Bois, Foyers | RL50","description":"Foyers Cadieux | Bois, Foyers | Foyers Renaissance d\u00e9sire vous faire d\u00e9couvrir le chauffage au bois \u00e0 l\u2019aide d\u2019une d\u00e9marche innovante et passionnante qui vise \u00e0 pr\u00e9server la nostalgie","robots":{"index":"index","follow":"follow","max-snippet":"max-snippet:-1","max-image-preview":"max-image-preview:large","max-video-preview":"max-video-preview:-1"},"canonical":"https:\/\/foyerscadieux.com\/fr\/produit\/rl50\/","og_locale":"fr_FR","og_type":"article","og_title":"Foyers Cadieux | Bois, Foyers | RL50","og_description":"Foyers Cadieux | Bois, Foyers | Foyers Renaissance d\u00e9sire vous faire d\u00e9couvrir le chauffage au bois \u00e0 l\u2019aide d\u2019une d\u00e9marche innovante et passionnante qui vise \u00e0 pr\u00e9server la nostalgie","og_url":"https:\/\/foyerscadieux.com\/fr\/produit\/rl50\/","og_site_name":"Foyers Cadieux","article_modified_time":"2018-11-30T16:46:47+00:00","og_image":[{"width":400,"height":400,"url":"https:\/\/foyerscadieux.com\/wp-content\/uploads\/2018\/11\/rl50.jpg","type":"image\/jpeg"}],"twitter_card":"summary_large_image","schema":{"@context":"https:\/\/schema.org","@graph":[{"@type":"WebPage","@id":"https:\/\/foyerscadieux.com\/fr\/produit\/rl50\/","url":"https:\/\/foyerscadieux.com\/fr\/produit\/rl50\/","name":"Foyers Cadieux | Bois, Foyers | RL50","isPartOf":{"@id":"https:\/\/foyerscadieux.com\/fr\/#website"},"primaryImageOfPage":{"@id":"https:\/\/foyerscadieux.com\/fr\/produit\/rl50\/#primaryimage"},"image":{"@id":"https:\/\/foyerscadieux.com\/fr\/produit\/rl50\/#primaryimage"},"thumbnailUrl":"https:\/\/foyerscadieux.com\/wp-content\/uploads\/2018\/11\/rl50.jpg","datePublished":"2018-11-16T14:38:00+00:00","dateModified":"2018-11-30T16:46:47+00:00","description":"Foyers Cadieux | Bois, Foyers | Foyers Renaissance d\u00e9sire vous faire d\u00e9couvrir le chauffage au bois \u00e0 l\u2019aide d\u2019une d\u00e9marche innovante et passionnante qui vise \u00e0 pr\u00e9server la nostalgie","breadcrumb":{"@id":"https:\/\/foyerscadieux.com\/fr\/produit\/rl50\/#breadcrumb"},"inLanguage":"fr-FR","potentialAction":[{"@type":"ReadAction","target":["https:\/\/foyerscadieux.com\/fr\/produit\/rl50\/"]}]},{"@type":"ImageObject","inLanguage":"fr-FR","@id":"https:\/\/foyerscadieux.com\/fr\/produit\/rl50\/#primaryimage","url":"https:\/\/foyerscadieux.com\/wp-content\/uploads\/2018\/11\/rl50.jpg","contentUrl":"https:\/\/foyerscadieux.com\/wp-content\/uploads\/2018\/11\/rl50.jpg","width":400,"height":400},{"@type":"BreadcrumbList","@id":"https:\/\/foyerscadieux.com\/fr\/produit\/rl50\/#breadcrumb","itemListElement":[{"@type":"ListItem","position":1,"name":"Home","item":"https:\/\/foyerscadieux.com\/fr\/"},{"@type":"ListItem","position":2,"name":"produits","item":"https:\/\/foyerscadieux.com\/fr\/produits\/"},{"@type":"ListItem","position":3,"name":"RL50"}]},{"@type":"WebSite","@id":"https:\/\/foyerscadieux.com\/fr\/#website","url":"https:\/\/foyerscadieux.com\/fr\/","name":"Foyers Cadieux","description":"Foyers Cadieux","potentialAction":[{"@type":"SearchAction","target":{"@type":"EntryPoint","urlTemplate":"https:\/\/foyerscadieux.com\/fr\/?s={search_term_string}"},"query-input":{"@type":"PropertyValueSpecification","valueRequired":true,"valueName":"search_term_string"}}],"inLanguage":"fr-FR"}]}},"brands":[{"id":54,"name":"Renaissances","slug":"renaissances"}],"_links":{"self":[{"href":"https:\/\/foyerscadieux.com\/fr\/wp-json\/wp\/v2\/product\/6760","targetHints":{"allow":["GET"]}}],"collection":[{"href":"https:\/\/foyerscadieux.com\/fr\/wp-json\/wp\/v2\/product"}],"about":[{"href":"https:\/\/foyerscadieux.com\/fr\/wp-json\/wp\/v2\/types\/product"}],"wp:featuredmedia":[{"embeddable":true,"href":"https:\/\/foyerscadieux.com\/fr\/wp-json\/wp\/v2\/media\/6758"}],"wp:attachment":[{"href":"https:\/\/foyerscadieux.com\/fr\/wp-json\/wp\/v2\/media?parent=6760"}],"wp:term":[{"taxonomy":"pwb-brand","embeddable":true,"href":"https:\/\/foyerscadieux.com\/fr\/wp-json\/wp\/v2\/pwb-brand?post=6760"},{"taxonomy":"product_brand","embeddable":true,"href":"https:\/\/foyerscadieux.com\/fr\/wp-json\/wp\/v2\/product_brand?post=6760"},{"taxonomy":"product_cat","embeddable":true,"href":"https:\/\/foyerscadieux.com\/fr\/wp-json\/wp\/v2\/product_cat?post=6760"},{"taxonomy":"product_tag","embeddable":true,"href":"https:\/\/foyerscadieux.com\/fr\/wp-json\/wp\/v2\/product_tag?post=6760"}],"curies":[{"name":"wp","href":"https:\/\/api.w.org\/{rel}","templated":true}]}}