{"id":6767,"date":"2018-11-16T14:38:09","date_gmt":"2018-11-16T14:38:09","guid":{"rendered":"https:\/\/beta.foyerscadieux.com\/produit\/rumford-1500\/"},"modified":"2018-11-30T16:46:44","modified_gmt":"2018-11-30T16:46:44","slug":"rumford-1500","status":"publish","type":"product","link":"https:\/\/foyerscadieux.com\/fr\/produit\/rumford-1500\/","title":{"rendered":"RUMFORD 1500"},"content":{"rendered":"<p>Le mod\u00e8le Renaissance RumfordMC fut le tout premier \u00e0 \u00eatre certifi\u00e9 comme foyer \u00e0 \u00e2tre ouvert \u00e0 combustion propre. Sa conception est celle d\u2019un authentique foyer Rumford, ce qui lui donne cette hauteur plus importante qu\u2019un foyer traditionnel. La forme d\u2019un foyer Rumford est connue pour son niveau de performance in\u00e9gal\u00e9. Notre conception brevet\u00e9e du Rumford r\u00e9unit les composants d\u2019un foyer Rumford traditionnel aux atouts d\u2019une ing\u00e9nierie sp\u00e9cialis\u00e9e, d\u2019une fabrication rigoureuse et de mat\u00e9riaux haut de gamme.<\/p>\n","protected":false},"excerpt":{"rendered":"<p>Le mod\u00e8le Renaissance RumfordMC fut le tout premier \u00e0 \u00eatre certifi\u00e9 comme foyer \u00e0 \u00e2tre ouvert \u00e0 combustion propre. Sa conception est celle d\u2019un authentique foyer Rumford, ce qui lui donne cette hauteur plus importante qu\u2019un foyer traditionnel. <\/p>\n","protected":false},"featured_media":6765,"template":"","meta":{"_acf_changed":false},"pwb-brand":[54],"product_brand":[],"product_cat":[25,33],"product_tag":[],"class_list":{"0":"post-6767","1":"product","2":"type-product","3":"status-publish","4":"has-post-thumbnail","6":"pwb-brand-renaissances","7":"product_cat-bois","8":"product_cat-foyers","10":"first","11":"instock","12":"shipping-taxable","13":"product-type-simple"},"acf":[],"yoast_head":"<!-- This site is optimized with the Yoast SEO plugin v27.2 - https:\/\/yoast.com\/product\/yoast-seo-wordpress\/ -->\n<title>Foyers Cadieux | Bois, Foyers | RUMFORD 1500<\/title>\n<meta name=\"description\" content=\"Foyers Cadieux | Bois, Foyers | Le mod\u00e8le Renaissance RumfordMC fut le tout premier \u00e0 \u00eatre certifi\u00e9 comme foyer \u00e0 \u00e2tre ouvert \u00e0 combustion propre. Sa conception est celle d\u2019un\" \/>\n<meta name=\"robots\" content=\"index, follow, max-snippet:-1, max-image-preview:large, max-video-preview:-1\" \/>\n<link rel=\"canonical\" href=\"https:\/\/foyerscadieux.com\/fr\/produit\/rumford-1500\/\" \/>\n<meta property=\"og:locale\" content=\"fr_FR\" \/>\n<meta property=\"og:type\" content=\"article\" \/>\n<meta property=\"og:title\" content=\"Foyers Cadieux | Bois, Foyers | RUMFORD 1500\" \/>\n<meta property=\"og:description\" content=\"Foyers Cadieux | Bois, Foyers | Le mod\u00e8le Renaissance RumfordMC fut le tout premier \u00e0 \u00eatre certifi\u00e9 comme foyer \u00e0 \u00e2tre ouvert \u00e0 combustion propre. Sa conception est celle d\u2019un\" \/>\n<meta property=\"og:url\" content=\"https:\/\/foyerscadieux.com\/fr\/produit\/rumford-1500\/\" \/>\n<meta property=\"og:site_name\" content=\"Foyers Cadieux\" \/>\n<meta property=\"article:modified_time\" content=\"2018-11-30T16:46:44+00:00\" \/>\n<meta property=\"og:image\" content=\"https:\/\/foyerscadieux.com\/wp-content\/uploads\/2018\/11\/rumford1500.jpg\" \/>\n\t<meta property=\"og:image:width\" content=\"400\" \/>\n\t<meta property=\"og:image:height\" content=\"400\" \/>\n\t<meta property=\"og:image:type\" content=\"image\/jpeg\" \/>\n<meta name=\"twitter:card\" content=\"summary_large_image\" \/>\n<script type=\"application\/ld+json\" class=\"yoast-schema-graph\">{\"@context\":\"https:\/\/schema.org\",\"@graph\":[{\"@type\":\"WebPage\",\"@id\":\"https:\/\/foyerscadieux.com\/fr\/produit\/rumford-1500\/\",\"url\":\"https:\/\/foyerscadieux.com\/fr\/produit\/rumford-1500\/\",\"name\":\"Foyers Cadieux | Bois, Foyers | RUMFORD 1500\",\"isPartOf\":{\"@id\":\"https:\/\/foyerscadieux.com\/fr\/#website\"},\"primaryImageOfPage\":{\"@id\":\"https:\/\/foyerscadieux.com\/fr\/produit\/rumford-1500\/#primaryimage\"},\"image\":{\"@id\":\"https:\/\/foyerscadieux.com\/fr\/produit\/rumford-1500\/#primaryimage\"},\"thumbnailUrl\":\"https:\/\/foyerscadieux.com\/wp-content\/uploads\/2018\/11\/rumford1500.jpg\",\"datePublished\":\"2018-11-16T14:38:09+00:00\",\"dateModified\":\"2018-11-30T16:46:44+00:00\",\"description\":\"Foyers Cadieux | Bois, Foyers | Le mod\u00e8le Renaissance RumfordMC fut le tout premier \u00e0 \u00eatre certifi\u00e9 comme foyer \u00e0 \u00e2tre ouvert \u00e0 combustion propre. Sa conception est celle d\u2019un\",\"breadcrumb\":{\"@id\":\"https:\/\/foyerscadieux.com\/fr\/produit\/rumford-1500\/#breadcrumb\"},\"inLanguage\":\"fr-FR\",\"potentialAction\":[{\"@type\":\"ReadAction\",\"target\":[\"https:\/\/foyerscadieux.com\/fr\/produit\/rumford-1500\/\"]}]},{\"@type\":\"ImageObject\",\"inLanguage\":\"fr-FR\",\"@id\":\"https:\/\/foyerscadieux.com\/fr\/produit\/rumford-1500\/#primaryimage\",\"url\":\"https:\/\/foyerscadieux.com\/wp-content\/uploads\/2018\/11\/rumford1500.jpg\",\"contentUrl\":\"https:\/\/foyerscadieux.com\/wp-content\/uploads\/2018\/11\/rumford1500.jpg\",\"width\":400,\"height\":400},{\"@type\":\"BreadcrumbList\",\"@id\":\"https:\/\/foyerscadieux.com\/fr\/produit\/rumford-1500\/#breadcrumb\",\"itemListElement\":[{\"@type\":\"ListItem\",\"position\":1,\"name\":\"Home\",\"item\":\"https:\/\/foyerscadieux.com\/fr\/\"},{\"@type\":\"ListItem\",\"position\":2,\"name\":\"produits\",\"item\":\"https:\/\/foyerscadieux.com\/fr\/produits\/\"},{\"@type\":\"ListItem\",\"position\":3,\"name\":\"RUMFORD 1500\"}]},{\"@type\":\"WebSite\",\"@id\":\"https:\/\/foyerscadieux.com\/fr\/#website\",\"url\":\"https:\/\/foyerscadieux.com\/fr\/\",\"name\":\"Foyers Cadieux\",\"description\":\"Foyers Cadieux\",\"potentialAction\":[{\"@type\":\"SearchAction\",\"target\":{\"@type\":\"EntryPoint\",\"urlTemplate\":\"https:\/\/foyerscadieux.com\/fr\/?s={search_term_string}\"},\"query-input\":{\"@type\":\"PropertyValueSpecification\",\"valueRequired\":true,\"valueName\":\"search_term_string\"}}],\"inLanguage\":\"fr-FR\"}]}<\/script>\n<!-- \/ Yoast SEO plugin. -->","yoast_head_json":{"title":"Foyers Cadieux | Bois, Foyers | RUMFORD 1500","description":"Foyers Cadieux | Bois, Foyers | Le mod\u00e8le Renaissance RumfordMC fut le tout premier \u00e0 \u00eatre certifi\u00e9 comme foyer \u00e0 \u00e2tre ouvert \u00e0 combustion propre. Sa conception est celle d\u2019un","robots":{"index":"index","follow":"follow","max-snippet":"max-snippet:-1","max-image-preview":"max-image-preview:large","max-video-preview":"max-video-preview:-1"},"canonical":"https:\/\/foyerscadieux.com\/fr\/produit\/rumford-1500\/","og_locale":"fr_FR","og_type":"article","og_title":"Foyers Cadieux | Bois, Foyers | RUMFORD 1500","og_description":"Foyers Cadieux | Bois, Foyers | Le mod\u00e8le Renaissance RumfordMC fut le tout premier \u00e0 \u00eatre certifi\u00e9 comme foyer \u00e0 \u00e2tre ouvert \u00e0 combustion propre. Sa conception est celle d\u2019un","og_url":"https:\/\/foyerscadieux.com\/fr\/produit\/rumford-1500\/","og_site_name":"Foyers Cadieux","article_modified_time":"2018-11-30T16:46:44+00:00","og_image":[{"width":400,"height":400,"url":"https:\/\/foyerscadieux.com\/wp-content\/uploads\/2018\/11\/rumford1500.jpg","type":"image\/jpeg"}],"twitter_card":"summary_large_image","schema":{"@context":"https:\/\/schema.org","@graph":[{"@type":"WebPage","@id":"https:\/\/foyerscadieux.com\/fr\/produit\/rumford-1500\/","url":"https:\/\/foyerscadieux.com\/fr\/produit\/rumford-1500\/","name":"Foyers Cadieux | Bois, Foyers | RUMFORD 1500","isPartOf":{"@id":"https:\/\/foyerscadieux.com\/fr\/#website"},"primaryImageOfPage":{"@id":"https:\/\/foyerscadieux.com\/fr\/produit\/rumford-1500\/#primaryimage"},"image":{"@id":"https:\/\/foyerscadieux.com\/fr\/produit\/rumford-1500\/#primaryimage"},"thumbnailUrl":"https:\/\/foyerscadieux.com\/wp-content\/uploads\/2018\/11\/rumford1500.jpg","datePublished":"2018-11-16T14:38:09+00:00","dateModified":"2018-11-30T16:46:44+00:00","description":"Foyers Cadieux | Bois, Foyers | Le mod\u00e8le Renaissance RumfordMC fut le tout premier \u00e0 \u00eatre certifi\u00e9 comme foyer \u00e0 \u00e2tre ouvert \u00e0 combustion propre. Sa conception est celle d\u2019un","breadcrumb":{"@id":"https:\/\/foyerscadieux.com\/fr\/produit\/rumford-1500\/#breadcrumb"},"inLanguage":"fr-FR","potentialAction":[{"@type":"ReadAction","target":["https:\/\/foyerscadieux.com\/fr\/produit\/rumford-1500\/"]}]},{"@type":"ImageObject","inLanguage":"fr-FR","@id":"https:\/\/foyerscadieux.com\/fr\/produit\/rumford-1500\/#primaryimage","url":"https:\/\/foyerscadieux.com\/wp-content\/uploads\/2018\/11\/rumford1500.jpg","contentUrl":"https:\/\/foyerscadieux.com\/wp-content\/uploads\/2018\/11\/rumford1500.jpg","width":400,"height":400},{"@type":"BreadcrumbList","@id":"https:\/\/foyerscadieux.com\/fr\/produit\/rumford-1500\/#breadcrumb","itemListElement":[{"@type":"ListItem","position":1,"name":"Home","item":"https:\/\/foyerscadieux.com\/fr\/"},{"@type":"ListItem","position":2,"name":"produits","item":"https:\/\/foyerscadieux.com\/fr\/produits\/"},{"@type":"ListItem","position":3,"name":"RUMFORD 1500"}]},{"@type":"WebSite","@id":"https:\/\/foyerscadieux.com\/fr\/#website","url":"https:\/\/foyerscadieux.com\/fr\/","name":"Foyers Cadieux","description":"Foyers Cadieux","potentialAction":[{"@type":"SearchAction","target":{"@type":"EntryPoint","urlTemplate":"https:\/\/foyerscadieux.com\/fr\/?s={search_term_string}"},"query-input":{"@type":"PropertyValueSpecification","valueRequired":true,"valueName":"search_term_string"}}],"inLanguage":"fr-FR"}]}},"brands":[{"id":54,"name":"Renaissances","slug":"renaissances"}],"_links":{"self":[{"href":"https:\/\/foyerscadieux.com\/fr\/wp-json\/wp\/v2\/product\/6767","targetHints":{"allow":["GET"]}}],"collection":[{"href":"https:\/\/foyerscadieux.com\/fr\/wp-json\/wp\/v2\/product"}],"about":[{"href":"https:\/\/foyerscadieux.com\/fr\/wp-json\/wp\/v2\/types\/product"}],"wp:featuredmedia":[{"embeddable":true,"href":"https:\/\/foyerscadieux.com\/fr\/wp-json\/wp\/v2\/media\/6765"}],"wp:attachment":[{"href":"https:\/\/foyerscadieux.com\/fr\/wp-json\/wp\/v2\/media?parent=6767"}],"wp:term":[{"taxonomy":"pwb-brand","embeddable":true,"href":"https:\/\/foyerscadieux.com\/fr\/wp-json\/wp\/v2\/pwb-brand?post=6767"},{"taxonomy":"product_brand","embeddable":true,"href":"https:\/\/foyerscadieux.com\/fr\/wp-json\/wp\/v2\/product_brand?post=6767"},{"taxonomy":"product_cat","embeddable":true,"href":"https:\/\/foyerscadieux.com\/fr\/wp-json\/wp\/v2\/product_cat?post=6767"},{"taxonomy":"product_tag","embeddable":true,"href":"https:\/\/foyerscadieux.com\/fr\/wp-json\/wp\/v2\/product_tag?post=6767"}],"curies":[{"name":"wp","href":"https:\/\/api.w.org\/{rel}","templated":true}]}}