{"id":6788,"date":"2018-11-16T14:38:31","date_gmt":"2018-11-16T14:38:31","guid":{"rendered":"https:\/\/beta.foyerscadieux.com\/produit\/delta-fusion\/"},"modified":"2020-06-08T15:55:33","modified_gmt":"2020-06-08T19:55:33","slug":"delta-fusion","status":"publish","type":"product","link":"https:\/\/foyerscadieux.com\/fr\/produit\/delta-fusion\/","title":{"rendered":"Delta Fusion"},"content":{"rendered":"<p>Gr\u00e2ce \u00e0 son taux de combustion unique et \u00e0 son registre automatique, le foyer Fusion ne requiert aucun ajustement de votre part, il ne suffit que d\u2019y placer la charge de bois d\u00e9sir\u00e9e. Gagnant du prix Vesta 2016 attribu\u00e9 par la revue professionnelle Hearth &amp; Home, le Delta Fusion non catalytique est le tout dernier mod\u00e8le de la gamme de foyers RSF. Son registre bim\u00e9tallique exclusif r\u00e9gule de fa\u00e7on constante l\u2019apport d\u2019air \u00e0 combustion et offre un feu d\u2019une beaut\u00e9 \u00e9blouissante ainsi qu\u2019une combustion optimale d\u00e9gageant un minimum d\u2019\u00e9missions. Que vous soyez exp\u00e9riment\u00e9 ou non avec les foyers au bois, vous appr\u00e9cierez le feu \u00e0 la fois magnifique et \u00e9cologique que vous offre infailliblement le foyer Fusion, et ce, avec une capacit\u00e9 de chauffage de plus de 3 000 pieds carr\u00e9s. \u00c0 titre d\u2019appareil de chauffage, son faible taux d\u2019\u00e9missions (1,3 g\/h) est sans pareil. Si le Delta Fusion offre un feu parmi les plus propres, c\u2019est parce qu\u2019il tire parti d\u2019une forte combustion secondaire, soit le m\u00eame principe \u00e0 l\u2019\u0153uvre derri\u00e8re ces flammes des plus ravissantes. Ce foyer est certifi\u00e9 conforme exclusivement pour utilisation avec la chemin\u00e9e EXCEL de 8 po.<\/p>\n","protected":false},"excerpt":{"rendered":"<p>Gr\u00e2ce \u00e0 son taux de combustion unique et \u00e0 son registre automatique, le foyer Fusion ne requiert aucun ajustement de votre part, il ne suffit que d\u2019y placer la charge de bois d\u00e9sir\u00e9e. <\/p>\n","protected":false},"featured_media":6786,"template":"","meta":{"_acf_changed":false},"pwb-brand":[38],"product_brand":[],"product_cat":[25,33],"product_tag":[],"class_list":{"0":"post-6788","1":"product","2":"type-product","3":"status-publish","4":"has-post-thumbnail","6":"pwb-brand-rsf","7":"product_cat-bois","8":"product_cat-foyers","10":"first","11":"instock","12":"shipping-taxable","13":"product-type-simple"},"acf":[],"yoast_head":"<!-- This site is optimized with the Yoast SEO plugin v27.2 - https:\/\/yoast.com\/product\/yoast-seo-wordpress\/ -->\n<title>Foyers Cadieux | Bois, Foyers | Delta Fusion<\/title>\n<meta name=\"description\" content=\"Foyers Cadieux | Bois, Foyers | Gr\u00e2ce \u00e0 son taux de combustion unique et \u00e0 son registre automatique, le foyer Fusion ne requiert aucun ajustement de votre part, il ne suffit que d\u2019y\" \/>\n<meta name=\"robots\" content=\"index, follow, max-snippet:-1, max-image-preview:large, max-video-preview:-1\" \/>\n<link rel=\"canonical\" href=\"https:\/\/foyerscadieux.com\/fr\/produit\/delta-fusion\/\" \/>\n<meta property=\"og:locale\" content=\"fr_FR\" \/>\n<meta property=\"og:type\" content=\"article\" \/>\n<meta property=\"og:title\" content=\"Foyers Cadieux | Bois, Foyers | Delta Fusion\" \/>\n<meta property=\"og:description\" content=\"Foyers Cadieux | Bois, Foyers | Gr\u00e2ce \u00e0 son taux de combustion unique et \u00e0 son registre automatique, le foyer Fusion ne requiert aucun ajustement de votre part, il ne suffit que d\u2019y\" \/>\n<meta property=\"og:url\" content=\"https:\/\/foyerscadieux.com\/fr\/produit\/delta-fusion\/\" \/>\n<meta property=\"og:site_name\" content=\"Foyers Cadieux\" \/>\n<meta property=\"article:modified_time\" content=\"2020-06-08T19:55:33+00:00\" \/>\n<meta property=\"og:image\" content=\"https:\/\/foyerscadieux.com\/wp-content\/uploads\/2018\/11\/foyer-delta-fusion.jpg\" \/>\n\t<meta property=\"og:image:width\" content=\"477\" \/>\n\t<meta property=\"og:image:height\" content=\"462\" \/>\n\t<meta property=\"og:image:type\" content=\"image\/jpeg\" \/>\n<meta name=\"twitter:card\" content=\"summary_large_image\" \/>\n<meta name=\"twitter:label1\" content=\"Dur\u00e9e de lecture estim\u00e9e\" \/>\n\t<meta name=\"twitter:data1\" content=\"1 minute\" \/>\n<script type=\"application\/ld+json\" class=\"yoast-schema-graph\">{\"@context\":\"https:\/\/schema.org\",\"@graph\":[{\"@type\":\"WebPage\",\"@id\":\"https:\/\/foyerscadieux.com\/fr\/produit\/delta-fusion\/\",\"url\":\"https:\/\/foyerscadieux.com\/fr\/produit\/delta-fusion\/\",\"name\":\"Foyers Cadieux | Bois, Foyers | Delta Fusion\",\"isPartOf\":{\"@id\":\"https:\/\/foyerscadieux.com\/fr\/#website\"},\"primaryImageOfPage\":{\"@id\":\"https:\/\/foyerscadieux.com\/fr\/produit\/delta-fusion\/#primaryimage\"},\"image\":{\"@id\":\"https:\/\/foyerscadieux.com\/fr\/produit\/delta-fusion\/#primaryimage\"},\"thumbnailUrl\":\"https:\/\/foyerscadieux.com\/wp-content\/uploads\/2018\/11\/foyer-delta-fusion.jpg\",\"datePublished\":\"2018-11-16T14:38:31+00:00\",\"dateModified\":\"2020-06-08T19:55:33+00:00\",\"description\":\"Foyers Cadieux | Bois, Foyers | Gr\u00e2ce \u00e0 son taux de combustion unique et \u00e0 son registre automatique, le foyer Fusion ne requiert aucun ajustement de votre part, il ne suffit que d\u2019y\",\"breadcrumb\":{\"@id\":\"https:\/\/foyerscadieux.com\/fr\/produit\/delta-fusion\/#breadcrumb\"},\"inLanguage\":\"fr-FR\",\"potentialAction\":[{\"@type\":\"ReadAction\",\"target\":[\"https:\/\/foyerscadieux.com\/fr\/produit\/delta-fusion\/\"]}]},{\"@type\":\"ImageObject\",\"inLanguage\":\"fr-FR\",\"@id\":\"https:\/\/foyerscadieux.com\/fr\/produit\/delta-fusion\/#primaryimage\",\"url\":\"https:\/\/foyerscadieux.com\/wp-content\/uploads\/2018\/11\/foyer-delta-fusion.jpg\",\"contentUrl\":\"https:\/\/foyerscadieux.com\/wp-content\/uploads\/2018\/11\/foyer-delta-fusion.jpg\",\"width\":477,\"height\":462},{\"@type\":\"BreadcrumbList\",\"@id\":\"https:\/\/foyerscadieux.com\/fr\/produit\/delta-fusion\/#breadcrumb\",\"itemListElement\":[{\"@type\":\"ListItem\",\"position\":1,\"name\":\"Home\",\"item\":\"https:\/\/foyerscadieux.com\/fr\/\"},{\"@type\":\"ListItem\",\"position\":2,\"name\":\"produits\",\"item\":\"https:\/\/foyerscadieux.com\/fr\/produits\/\"},{\"@type\":\"ListItem\",\"position\":3,\"name\":\"Delta Fusion\"}]},{\"@type\":\"WebSite\",\"@id\":\"https:\/\/foyerscadieux.com\/fr\/#website\",\"url\":\"https:\/\/foyerscadieux.com\/fr\/\",\"name\":\"Foyers Cadieux\",\"description\":\"Foyers Cadieux\",\"potentialAction\":[{\"@type\":\"SearchAction\",\"target\":{\"@type\":\"EntryPoint\",\"urlTemplate\":\"https:\/\/foyerscadieux.com\/fr\/?s={search_term_string}\"},\"query-input\":{\"@type\":\"PropertyValueSpecification\",\"valueRequired\":true,\"valueName\":\"search_term_string\"}}],\"inLanguage\":\"fr-FR\"}]}<\/script>\n<!-- \/ Yoast SEO plugin. -->","yoast_head_json":{"title":"Foyers Cadieux | Bois, Foyers | Delta Fusion","description":"Foyers Cadieux | Bois, Foyers | Gr\u00e2ce \u00e0 son taux de combustion unique et \u00e0 son registre automatique, le foyer Fusion ne requiert aucun ajustement de votre part, il ne suffit que d\u2019y","robots":{"index":"index","follow":"follow","max-snippet":"max-snippet:-1","max-image-preview":"max-image-preview:large","max-video-preview":"max-video-preview:-1"},"canonical":"https:\/\/foyerscadieux.com\/fr\/produit\/delta-fusion\/","og_locale":"fr_FR","og_type":"article","og_title":"Foyers Cadieux | Bois, Foyers | Delta Fusion","og_description":"Foyers Cadieux | Bois, Foyers | Gr\u00e2ce \u00e0 son taux de combustion unique et \u00e0 son registre automatique, le foyer Fusion ne requiert aucun ajustement de votre part, il ne suffit que d\u2019y","og_url":"https:\/\/foyerscadieux.com\/fr\/produit\/delta-fusion\/","og_site_name":"Foyers Cadieux","article_modified_time":"2020-06-08T19:55:33+00:00","og_image":[{"width":477,"height":462,"url":"https:\/\/foyerscadieux.com\/wp-content\/uploads\/2018\/11\/foyer-delta-fusion.jpg","type":"image\/jpeg"}],"twitter_card":"summary_large_image","twitter_misc":{"Dur\u00e9e de lecture estim\u00e9e":"1 minute"},"schema":{"@context":"https:\/\/schema.org","@graph":[{"@type":"WebPage","@id":"https:\/\/foyerscadieux.com\/fr\/produit\/delta-fusion\/","url":"https:\/\/foyerscadieux.com\/fr\/produit\/delta-fusion\/","name":"Foyers Cadieux | Bois, Foyers | Delta Fusion","isPartOf":{"@id":"https:\/\/foyerscadieux.com\/fr\/#website"},"primaryImageOfPage":{"@id":"https:\/\/foyerscadieux.com\/fr\/produit\/delta-fusion\/#primaryimage"},"image":{"@id":"https:\/\/foyerscadieux.com\/fr\/produit\/delta-fusion\/#primaryimage"},"thumbnailUrl":"https:\/\/foyerscadieux.com\/wp-content\/uploads\/2018\/11\/foyer-delta-fusion.jpg","datePublished":"2018-11-16T14:38:31+00:00","dateModified":"2020-06-08T19:55:33+00:00","description":"Foyers Cadieux | Bois, Foyers | Gr\u00e2ce \u00e0 son taux de combustion unique et \u00e0 son registre automatique, le foyer Fusion ne requiert aucun ajustement de votre part, il ne suffit que d\u2019y","breadcrumb":{"@id":"https:\/\/foyerscadieux.com\/fr\/produit\/delta-fusion\/#breadcrumb"},"inLanguage":"fr-FR","potentialAction":[{"@type":"ReadAction","target":["https:\/\/foyerscadieux.com\/fr\/produit\/delta-fusion\/"]}]},{"@type":"ImageObject","inLanguage":"fr-FR","@id":"https:\/\/foyerscadieux.com\/fr\/produit\/delta-fusion\/#primaryimage","url":"https:\/\/foyerscadieux.com\/wp-content\/uploads\/2018\/11\/foyer-delta-fusion.jpg","contentUrl":"https:\/\/foyerscadieux.com\/wp-content\/uploads\/2018\/11\/foyer-delta-fusion.jpg","width":477,"height":462},{"@type":"BreadcrumbList","@id":"https:\/\/foyerscadieux.com\/fr\/produit\/delta-fusion\/#breadcrumb","itemListElement":[{"@type":"ListItem","position":1,"name":"Home","item":"https:\/\/foyerscadieux.com\/fr\/"},{"@type":"ListItem","position":2,"name":"produits","item":"https:\/\/foyerscadieux.com\/fr\/produits\/"},{"@type":"ListItem","position":3,"name":"Delta Fusion"}]},{"@type":"WebSite","@id":"https:\/\/foyerscadieux.com\/fr\/#website","url":"https:\/\/foyerscadieux.com\/fr\/","name":"Foyers Cadieux","description":"Foyers Cadieux","potentialAction":[{"@type":"SearchAction","target":{"@type":"EntryPoint","urlTemplate":"https:\/\/foyerscadieux.com\/fr\/?s={search_term_string}"},"query-input":{"@type":"PropertyValueSpecification","valueRequired":true,"valueName":"search_term_string"}}],"inLanguage":"fr-FR"}]}},"brands":[{"id":38,"name":"RSF","slug":"rsf"}],"_links":{"self":[{"href":"https:\/\/foyerscadieux.com\/fr\/wp-json\/wp\/v2\/product\/6788","targetHints":{"allow":["GET"]}}],"collection":[{"href":"https:\/\/foyerscadieux.com\/fr\/wp-json\/wp\/v2\/product"}],"about":[{"href":"https:\/\/foyerscadieux.com\/fr\/wp-json\/wp\/v2\/types\/product"}],"wp:featuredmedia":[{"embeddable":true,"href":"https:\/\/foyerscadieux.com\/fr\/wp-json\/wp\/v2\/media\/6786"}],"wp:attachment":[{"href":"https:\/\/foyerscadieux.com\/fr\/wp-json\/wp\/v2\/media?parent=6788"}],"wp:term":[{"taxonomy":"pwb-brand","embeddable":true,"href":"https:\/\/foyerscadieux.com\/fr\/wp-json\/wp\/v2\/pwb-brand?post=6788"},{"taxonomy":"product_brand","embeddable":true,"href":"https:\/\/foyerscadieux.com\/fr\/wp-json\/wp\/v2\/product_brand?post=6788"},{"taxonomy":"product_cat","embeddable":true,"href":"https:\/\/foyerscadieux.com\/fr\/wp-json\/wp\/v2\/product_cat?post=6788"},{"taxonomy":"product_tag","embeddable":true,"href":"https:\/\/foyerscadieux.com\/fr\/wp-json\/wp\/v2\/product_tag?post=6788"}],"curies":[{"name":"wp","href":"https:\/\/api.w.org\/{rel}","templated":true}]}}