{"id":6929,"date":"2018-11-16T14:40:56","date_gmt":"2018-11-16T14:40:56","guid":{"rendered":"https:\/\/beta.foyerscadieux.com\/produit\/foyer-electrique-encastrable-de-30-po\/"},"modified":"2018-11-30T16:44:11","modified_gmt":"2018-11-30T16:44:11","slug":"foyer-electrique-encastrable-de-30-po","status":"publish","type":"product","link":"https:\/\/foyerscadieux.com\/fr\/produit\/foyer-electrique-encastrable-de-30-po\/","title":{"rendered":"Foyer \u00e9lectrique encastrable de 30 po"},"content":{"rendered":"<p>Revillusion, un tout nouveau concept de foyer, modifie la norme des foyers \u00e9lectriques. Une vue claire de flammes r\u00e9alistes, jusqu\u2019\u00e0 l\u2019int\u00e9rieur enti\u00e8rement en brique, refl\u00e8te le charme d\u2019un feu de bois. ptez pour l\u2019apparence d\u2019un foyer d\u00e9coup\u00e9 directement des pages d\u2019un magazine en adoptant Revillusion&#8230; nettement un meilleur foyer.<\/p>\n","protected":false},"excerpt":{"rendered":"<p>Revillusion, un tout nouveau concept de foyer, modifie la norme des foyers \u00e9lectriques. Une vue claire de flammes r\u00e9alistes, jusqu\u2019\u00e0 l\u2019int\u00e9rieur enti\u00e8rement en brique, refl\u00e8te le charme d\u2019un feu de bois. <\/p>\n","protected":false},"featured_media":6927,"template":"","meta":{"_acf_changed":false},"pwb-brand":[48],"product_brand":[],"product_cat":[26,33],"product_tag":[],"class_list":{"0":"post-6929","1":"product","2":"type-product","3":"status-publish","4":"has-post-thumbnail","6":"pwb-brand-dimplex","7":"product_cat-electriques","8":"product_cat-foyers","10":"first","11":"instock","12":"shipping-taxable","13":"product-type-simple"},"acf":[],"yoast_head":"<!-- This site is optimized with the Yoast SEO plugin v27.2 - https:\/\/yoast.com\/product\/yoast-seo-wordpress\/ -->\n<title>Foyers Cadieux | \u00c9lectriques, Foyers | Foyer \u00e9lectrique encastrable de 30 po<\/title>\n<meta name=\"description\" content=\"Foyers Cadieux | \u00c9lectriques, Foyers | Revillusion, un tout nouveau concept de foyer, modifie la norme des foyers \u00e9lectriques. Une vue claire de flammes r\u00e9alistes, jusqu\u2019\u00e0 l\u2019int\u00e9rieur\" \/>\n<meta name=\"robots\" content=\"index, follow, max-snippet:-1, max-image-preview:large, max-video-preview:-1\" \/>\n<link rel=\"canonical\" href=\"https:\/\/foyerscadieux.com\/fr\/produit\/foyer-electrique-encastrable-de-30-po\/\" \/>\n<meta property=\"og:locale\" content=\"fr_FR\" \/>\n<meta property=\"og:type\" content=\"article\" \/>\n<meta property=\"og:title\" content=\"Foyers Cadieux | \u00c9lectriques, Foyers | Foyer \u00e9lectrique encastrable de 30 po\" \/>\n<meta property=\"og:description\" content=\"Foyers Cadieux | \u00c9lectriques, Foyers | Revillusion, un tout nouveau concept de foyer, modifie la norme des foyers \u00e9lectriques. Une vue claire de flammes r\u00e9alistes, jusqu\u2019\u00e0 l\u2019int\u00e9rieur\" \/>\n<meta property=\"og:url\" content=\"https:\/\/foyerscadieux.com\/fr\/produit\/foyer-electrique-encastrable-de-30-po\/\" \/>\n<meta property=\"og:site_name\" content=\"Foyers Cadieux\" \/>\n<meta property=\"article:modified_time\" content=\"2018-11-30T16:44:11+00:00\" \/>\n<meta property=\"og:image\" content=\"https:\/\/foyerscadieux.com\/wp-content\/uploads\/2018\/11\/RBF30_Angled_r2L_1280.jpg\" \/>\n\t<meta property=\"og:image:width\" content=\"475\" \/>\n\t<meta property=\"og:image:height\" content=\"440\" \/>\n\t<meta property=\"og:image:type\" content=\"image\/jpeg\" \/>\n<meta name=\"twitter:card\" content=\"summary_large_image\" \/>\n<script type=\"application\/ld+json\" class=\"yoast-schema-graph\">{\"@context\":\"https:\/\/schema.org\",\"@graph\":[{\"@type\":\"WebPage\",\"@id\":\"https:\/\/foyerscadieux.com\/fr\/produit\/foyer-electrique-encastrable-de-30-po\/\",\"url\":\"https:\/\/foyerscadieux.com\/fr\/produit\/foyer-electrique-encastrable-de-30-po\/\",\"name\":\"Foyers Cadieux | \u00c9lectriques, Foyers | Foyer \u00e9lectrique encastrable de 30 po\",\"isPartOf\":{\"@id\":\"https:\/\/foyerscadieux.com\/fr\/#website\"},\"primaryImageOfPage\":{\"@id\":\"https:\/\/foyerscadieux.com\/fr\/produit\/foyer-electrique-encastrable-de-30-po\/#primaryimage\"},\"image\":{\"@id\":\"https:\/\/foyerscadieux.com\/fr\/produit\/foyer-electrique-encastrable-de-30-po\/#primaryimage\"},\"thumbnailUrl\":\"https:\/\/foyerscadieux.com\/wp-content\/uploads\/2018\/11\/RBF30_Angled_r2L_1280.jpg\",\"datePublished\":\"2018-11-16T14:40:56+00:00\",\"dateModified\":\"2018-11-30T16:44:11+00:00\",\"description\":\"Foyers Cadieux | \u00c9lectriques, Foyers | Revillusion, un tout nouveau concept de foyer, modifie la norme des foyers \u00e9lectriques. Une vue claire de flammes r\u00e9alistes, jusqu\u2019\u00e0 l\u2019int\u00e9rieur\",\"breadcrumb\":{\"@id\":\"https:\/\/foyerscadieux.com\/fr\/produit\/foyer-electrique-encastrable-de-30-po\/#breadcrumb\"},\"inLanguage\":\"fr-FR\",\"potentialAction\":[{\"@type\":\"ReadAction\",\"target\":[\"https:\/\/foyerscadieux.com\/fr\/produit\/foyer-electrique-encastrable-de-30-po\/\"]}]},{\"@type\":\"ImageObject\",\"inLanguage\":\"fr-FR\",\"@id\":\"https:\/\/foyerscadieux.com\/fr\/produit\/foyer-electrique-encastrable-de-30-po\/#primaryimage\",\"url\":\"https:\/\/foyerscadieux.com\/wp-content\/uploads\/2018\/11\/RBF30_Angled_r2L_1280.jpg\",\"contentUrl\":\"https:\/\/foyerscadieux.com\/wp-content\/uploads\/2018\/11\/RBF30_Angled_r2L_1280.jpg\",\"width\":475,\"height\":440},{\"@type\":\"BreadcrumbList\",\"@id\":\"https:\/\/foyerscadieux.com\/fr\/produit\/foyer-electrique-encastrable-de-30-po\/#breadcrumb\",\"itemListElement\":[{\"@type\":\"ListItem\",\"position\":1,\"name\":\"Home\",\"item\":\"https:\/\/foyerscadieux.com\/fr\/\"},{\"@type\":\"ListItem\",\"position\":2,\"name\":\"produits\",\"item\":\"https:\/\/foyerscadieux.com\/fr\/produits\/\"},{\"@type\":\"ListItem\",\"position\":3,\"name\":\"Foyer \u00e9lectrique encastrable de 30 po\"}]},{\"@type\":\"WebSite\",\"@id\":\"https:\/\/foyerscadieux.com\/fr\/#website\",\"url\":\"https:\/\/foyerscadieux.com\/fr\/\",\"name\":\"Foyers Cadieux\",\"description\":\"Foyers Cadieux\",\"potentialAction\":[{\"@type\":\"SearchAction\",\"target\":{\"@type\":\"EntryPoint\",\"urlTemplate\":\"https:\/\/foyerscadieux.com\/fr\/?s={search_term_string}\"},\"query-input\":{\"@type\":\"PropertyValueSpecification\",\"valueRequired\":true,\"valueName\":\"search_term_string\"}}],\"inLanguage\":\"fr-FR\"}]}<\/script>\n<!-- \/ Yoast SEO plugin. -->","yoast_head_json":{"title":"Foyers Cadieux | \u00c9lectriques, Foyers | Foyer \u00e9lectrique encastrable de 30 po","description":"Foyers Cadieux | \u00c9lectriques, Foyers | Revillusion, un tout nouveau concept de foyer, modifie la norme des foyers \u00e9lectriques. Une vue claire de flammes r\u00e9alistes, jusqu\u2019\u00e0 l\u2019int\u00e9rieur","robots":{"index":"index","follow":"follow","max-snippet":"max-snippet:-1","max-image-preview":"max-image-preview:large","max-video-preview":"max-video-preview:-1"},"canonical":"https:\/\/foyerscadieux.com\/fr\/produit\/foyer-electrique-encastrable-de-30-po\/","og_locale":"fr_FR","og_type":"article","og_title":"Foyers Cadieux | \u00c9lectriques, Foyers | Foyer \u00e9lectrique encastrable de 30 po","og_description":"Foyers Cadieux | \u00c9lectriques, Foyers | Revillusion, un tout nouveau concept de foyer, modifie la norme des foyers \u00e9lectriques. Une vue claire de flammes r\u00e9alistes, jusqu\u2019\u00e0 l\u2019int\u00e9rieur","og_url":"https:\/\/foyerscadieux.com\/fr\/produit\/foyer-electrique-encastrable-de-30-po\/","og_site_name":"Foyers Cadieux","article_modified_time":"2018-11-30T16:44:11+00:00","og_image":[{"width":475,"height":440,"url":"https:\/\/foyerscadieux.com\/wp-content\/uploads\/2018\/11\/RBF30_Angled_r2L_1280.jpg","type":"image\/jpeg"}],"twitter_card":"summary_large_image","schema":{"@context":"https:\/\/schema.org","@graph":[{"@type":"WebPage","@id":"https:\/\/foyerscadieux.com\/fr\/produit\/foyer-electrique-encastrable-de-30-po\/","url":"https:\/\/foyerscadieux.com\/fr\/produit\/foyer-electrique-encastrable-de-30-po\/","name":"Foyers Cadieux | \u00c9lectriques, Foyers | Foyer \u00e9lectrique encastrable de 30 po","isPartOf":{"@id":"https:\/\/foyerscadieux.com\/fr\/#website"},"primaryImageOfPage":{"@id":"https:\/\/foyerscadieux.com\/fr\/produit\/foyer-electrique-encastrable-de-30-po\/#primaryimage"},"image":{"@id":"https:\/\/foyerscadieux.com\/fr\/produit\/foyer-electrique-encastrable-de-30-po\/#primaryimage"},"thumbnailUrl":"https:\/\/foyerscadieux.com\/wp-content\/uploads\/2018\/11\/RBF30_Angled_r2L_1280.jpg","datePublished":"2018-11-16T14:40:56+00:00","dateModified":"2018-11-30T16:44:11+00:00","description":"Foyers Cadieux | \u00c9lectriques, Foyers | Revillusion, un tout nouveau concept de foyer, modifie la norme des foyers \u00e9lectriques. Une vue claire de flammes r\u00e9alistes, jusqu\u2019\u00e0 l\u2019int\u00e9rieur","breadcrumb":{"@id":"https:\/\/foyerscadieux.com\/fr\/produit\/foyer-electrique-encastrable-de-30-po\/#breadcrumb"},"inLanguage":"fr-FR","potentialAction":[{"@type":"ReadAction","target":["https:\/\/foyerscadieux.com\/fr\/produit\/foyer-electrique-encastrable-de-30-po\/"]}]},{"@type":"ImageObject","inLanguage":"fr-FR","@id":"https:\/\/foyerscadieux.com\/fr\/produit\/foyer-electrique-encastrable-de-30-po\/#primaryimage","url":"https:\/\/foyerscadieux.com\/wp-content\/uploads\/2018\/11\/RBF30_Angled_r2L_1280.jpg","contentUrl":"https:\/\/foyerscadieux.com\/wp-content\/uploads\/2018\/11\/RBF30_Angled_r2L_1280.jpg","width":475,"height":440},{"@type":"BreadcrumbList","@id":"https:\/\/foyerscadieux.com\/fr\/produit\/foyer-electrique-encastrable-de-30-po\/#breadcrumb","itemListElement":[{"@type":"ListItem","position":1,"name":"Home","item":"https:\/\/foyerscadieux.com\/fr\/"},{"@type":"ListItem","position":2,"name":"produits","item":"https:\/\/foyerscadieux.com\/fr\/produits\/"},{"@type":"ListItem","position":3,"name":"Foyer \u00e9lectrique encastrable de 30 po"}]},{"@type":"WebSite","@id":"https:\/\/foyerscadieux.com\/fr\/#website","url":"https:\/\/foyerscadieux.com\/fr\/","name":"Foyers Cadieux","description":"Foyers Cadieux","potentialAction":[{"@type":"SearchAction","target":{"@type":"EntryPoint","urlTemplate":"https:\/\/foyerscadieux.com\/fr\/?s={search_term_string}"},"query-input":{"@type":"PropertyValueSpecification","valueRequired":true,"valueName":"search_term_string"}}],"inLanguage":"fr-FR"}]}},"brands":[{"id":48,"name":"Dimplex","slug":"dimplex"}],"_links":{"self":[{"href":"https:\/\/foyerscadieux.com\/fr\/wp-json\/wp\/v2\/product\/6929","targetHints":{"allow":["GET"]}}],"collection":[{"href":"https:\/\/foyerscadieux.com\/fr\/wp-json\/wp\/v2\/product"}],"about":[{"href":"https:\/\/foyerscadieux.com\/fr\/wp-json\/wp\/v2\/types\/product"}],"wp:featuredmedia":[{"embeddable":true,"href":"https:\/\/foyerscadieux.com\/fr\/wp-json\/wp\/v2\/media\/6927"}],"wp:attachment":[{"href":"https:\/\/foyerscadieux.com\/fr\/wp-json\/wp\/v2\/media?parent=6929"}],"wp:term":[{"taxonomy":"pwb-brand","embeddable":true,"href":"https:\/\/foyerscadieux.com\/fr\/wp-json\/wp\/v2\/pwb-brand?post=6929"},{"taxonomy":"product_brand","embeddable":true,"href":"https:\/\/foyerscadieux.com\/fr\/wp-json\/wp\/v2\/product_brand?post=6929"},{"taxonomy":"product_cat","embeddable":true,"href":"https:\/\/foyerscadieux.com\/fr\/wp-json\/wp\/v2\/product_cat?post=6929"},{"taxonomy":"product_tag","embeddable":true,"href":"https:\/\/foyerscadieux.com\/fr\/wp-json\/wp\/v2\/product_tag?post=6929"}],"curies":[{"name":"wp","href":"https:\/\/api.w.org\/{rel}","templated":true}]}}