{"id":6932,"date":"2018-11-16T14:40:59","date_gmt":"2018-11-16T14:40:59","guid":{"rendered":"https:\/\/beta.foyerscadieux.com\/produit\/revillusion-ensemble-de-buches-electrique-pret-a-brancher-de-20\/"},"modified":"2018-11-30T16:44:10","modified_gmt":"2018-11-30T16:44:10","slug":"revillusion-ensemble-de-buches-electrique-pret-a-brancher-de-20","status":"publish","type":"product","link":"https:\/\/foyerscadieux.com\/fr\/produit\/revillusion-ensemble-de-buches-electrique-pret-a-brancher-de-20\/","title":{"rendered":"Revillusion Ensemble de b\u00fbches \u00e9lectrique pr\u00eat \u00e0 brancher de 20"},"content":{"rendered":"<p>Plus qu&rsquo;un ajout de nouvelles caract\u00e9ristiques, le Revillusion est un tout nouveau concept de foyer. Admirez les flammes r\u00e9alistes \u00e0 l&rsquo;arri\u00e8re du foyer, qui r\u00e9v\u00e8lent le caract\u00e8re naturel faisant le charme d&rsquo;un feu de bois. Optez pour l&rsquo;apparence d&rsquo;un foyer d\u00e9coup\u00e9 directement des pages d&rsquo;un magazine en adoptant Revillusion&#8230; nettement un meilleur foyer.<\/p>\n","protected":false},"excerpt":{"rendered":"<p>Plus qu&rsquo;un ajout de nouvelles caract\u00e9ristiques, le Revillusion est un tout nouveau concept de foyer. Admirez les flammes r\u00e9alistes \u00e0 l&rsquo;arri\u00e8re du foyer, qui r\u00e9v\u00e8lent le caract\u00e8re naturel faisant le charme d&rsquo;un feu de bois. <\/p>\n","protected":false},"featured_media":6930,"template":"","meta":{"_acf_changed":false},"pwb-brand":[48],"product_brand":[],"product_cat":[26,33],"product_tag":[],"class_list":{"0":"post-6932","1":"product","2":"type-product","3":"status-publish","4":"has-post-thumbnail","6":"pwb-brand-dimplex","7":"product_cat-electriques","8":"product_cat-foyers","10":"first","11":"instock","12":"shipping-taxable","13":"product-type-simple"},"acf":[],"yoast_head":"<!-- This site is optimized with the Yoast SEO plugin v27.2 - https:\/\/yoast.com\/product\/yoast-seo-wordpress\/ -->\n<title>Foyers Cadieux | \u00c9lectriques, Foyers | Revillusion Ensemble de b\u00fbches \u00e9lectrique pr\u00eat \u00e0 brancher de 20<\/title>\n<meta name=\"description\" content=\"Foyers Cadieux | \u00c9lectriques, Foyers | Plus qu&#039;un ajout de nouvelles caract\u00e9ristiques, le Revillusion est un tout nouveau concept de foyer. Admirez les flammes r\u00e9alistes \u00e0 l&#039;arri\u00e8re du foyer,\" \/>\n<meta name=\"robots\" content=\"index, follow, max-snippet:-1, max-image-preview:large, max-video-preview:-1\" \/>\n<link rel=\"canonical\" href=\"https:\/\/foyerscadieux.com\/fr\/produit\/revillusion-ensemble-de-buches-electrique-pret-a-brancher-de-20\/\" \/>\n<meta property=\"og:locale\" content=\"fr_FR\" \/>\n<meta property=\"og:type\" content=\"article\" \/>\n<meta property=\"og:title\" content=\"Foyers Cadieux | \u00c9lectriques, Foyers | Revillusion Ensemble de b\u00fbches \u00e9lectrique pr\u00eat \u00e0 brancher de 20\" \/>\n<meta property=\"og:description\" content=\"Foyers Cadieux | \u00c9lectriques, Foyers | Plus qu&#039;un ajout de nouvelles caract\u00e9ristiques, le Revillusion est un tout nouveau concept de foyer. Admirez les flammes r\u00e9alistes \u00e0 l&#039;arri\u00e8re du foyer,\" \/>\n<meta property=\"og:url\" content=\"https:\/\/foyerscadieux.com\/fr\/produit\/revillusion-ensemble-de-buches-electrique-pret-a-brancher-de-20\/\" \/>\n<meta property=\"og:site_name\" content=\"Foyers Cadieux\" \/>\n<meta property=\"article:modified_time\" content=\"2018-11-30T16:44:10+00:00\" \/>\n<meta property=\"og:image\" content=\"https:\/\/foyerscadieux.com\/wp-content\/uploads\/2018\/11\/RLG20_Angle_1280pixel.jpg\" \/>\n\t<meta property=\"og:image:width\" content=\"475\" \/>\n\t<meta property=\"og:image:height\" content=\"440\" \/>\n\t<meta property=\"og:image:type\" content=\"image\/jpeg\" \/>\n<meta name=\"twitter:card\" content=\"summary_large_image\" \/>\n<script type=\"application\/ld+json\" class=\"yoast-schema-graph\">{\"@context\":\"https:\/\/schema.org\",\"@graph\":[{\"@type\":\"WebPage\",\"@id\":\"https:\/\/foyerscadieux.com\/fr\/produit\/revillusion-ensemble-de-buches-electrique-pret-a-brancher-de-20\/\",\"url\":\"https:\/\/foyerscadieux.com\/fr\/produit\/revillusion-ensemble-de-buches-electrique-pret-a-brancher-de-20\/\",\"name\":\"Foyers Cadieux | \u00c9lectriques, Foyers | Revillusion Ensemble de b\u00fbches \u00e9lectrique pr\u00eat \u00e0 brancher de 20\",\"isPartOf\":{\"@id\":\"https:\/\/foyerscadieux.com\/fr\/#website\"},\"primaryImageOfPage\":{\"@id\":\"https:\/\/foyerscadieux.com\/fr\/produit\/revillusion-ensemble-de-buches-electrique-pret-a-brancher-de-20\/#primaryimage\"},\"image\":{\"@id\":\"https:\/\/foyerscadieux.com\/fr\/produit\/revillusion-ensemble-de-buches-electrique-pret-a-brancher-de-20\/#primaryimage\"},\"thumbnailUrl\":\"https:\/\/foyerscadieux.com\/wp-content\/uploads\/2018\/11\/RLG20_Angle_1280pixel.jpg\",\"datePublished\":\"2018-11-16T14:40:59+00:00\",\"dateModified\":\"2018-11-30T16:44:10+00:00\",\"description\":\"Foyers Cadieux | \u00c9lectriques, Foyers | Plus qu'un ajout de nouvelles caract\u00e9ristiques, le Revillusion est un tout nouveau concept de foyer. Admirez les flammes r\u00e9alistes \u00e0 l'arri\u00e8re du foyer,\",\"breadcrumb\":{\"@id\":\"https:\/\/foyerscadieux.com\/fr\/produit\/revillusion-ensemble-de-buches-electrique-pret-a-brancher-de-20\/#breadcrumb\"},\"inLanguage\":\"fr-FR\",\"potentialAction\":[{\"@type\":\"ReadAction\",\"target\":[\"https:\/\/foyerscadieux.com\/fr\/produit\/revillusion-ensemble-de-buches-electrique-pret-a-brancher-de-20\/\"]}]},{\"@type\":\"ImageObject\",\"inLanguage\":\"fr-FR\",\"@id\":\"https:\/\/foyerscadieux.com\/fr\/produit\/revillusion-ensemble-de-buches-electrique-pret-a-brancher-de-20\/#primaryimage\",\"url\":\"https:\/\/foyerscadieux.com\/wp-content\/uploads\/2018\/11\/RLG20_Angle_1280pixel.jpg\",\"contentUrl\":\"https:\/\/foyerscadieux.com\/wp-content\/uploads\/2018\/11\/RLG20_Angle_1280pixel.jpg\",\"width\":475,\"height\":440},{\"@type\":\"BreadcrumbList\",\"@id\":\"https:\/\/foyerscadieux.com\/fr\/produit\/revillusion-ensemble-de-buches-electrique-pret-a-brancher-de-20\/#breadcrumb\",\"itemListElement\":[{\"@type\":\"ListItem\",\"position\":1,\"name\":\"Home\",\"item\":\"https:\/\/foyerscadieux.com\/fr\/\"},{\"@type\":\"ListItem\",\"position\":2,\"name\":\"produits\",\"item\":\"https:\/\/foyerscadieux.com\/fr\/produits\/\"},{\"@type\":\"ListItem\",\"position\":3,\"name\":\"Revillusion Ensemble de b\u00fbches \u00e9lectrique pr\u00eat \u00e0 brancher de 20\"}]},{\"@type\":\"WebSite\",\"@id\":\"https:\/\/foyerscadieux.com\/fr\/#website\",\"url\":\"https:\/\/foyerscadieux.com\/fr\/\",\"name\":\"Foyers Cadieux\",\"description\":\"Foyers Cadieux\",\"potentialAction\":[{\"@type\":\"SearchAction\",\"target\":{\"@type\":\"EntryPoint\",\"urlTemplate\":\"https:\/\/foyerscadieux.com\/fr\/?s={search_term_string}\"},\"query-input\":{\"@type\":\"PropertyValueSpecification\",\"valueRequired\":true,\"valueName\":\"search_term_string\"}}],\"inLanguage\":\"fr-FR\"}]}<\/script>\n<!-- \/ Yoast SEO plugin. -->","yoast_head_json":{"title":"Foyers Cadieux | \u00c9lectriques, Foyers | Revillusion Ensemble de b\u00fbches \u00e9lectrique pr\u00eat \u00e0 brancher de 20","description":"Foyers Cadieux | \u00c9lectriques, Foyers | Plus qu'un ajout de nouvelles caract\u00e9ristiques, le Revillusion est un tout nouveau concept de foyer. Admirez les flammes r\u00e9alistes \u00e0 l'arri\u00e8re du foyer,","robots":{"index":"index","follow":"follow","max-snippet":"max-snippet:-1","max-image-preview":"max-image-preview:large","max-video-preview":"max-video-preview:-1"},"canonical":"https:\/\/foyerscadieux.com\/fr\/produit\/revillusion-ensemble-de-buches-electrique-pret-a-brancher-de-20\/","og_locale":"fr_FR","og_type":"article","og_title":"Foyers Cadieux | \u00c9lectriques, Foyers | Revillusion Ensemble de b\u00fbches \u00e9lectrique pr\u00eat \u00e0 brancher de 20","og_description":"Foyers Cadieux | \u00c9lectriques, Foyers | Plus qu'un ajout de nouvelles caract\u00e9ristiques, le Revillusion est un tout nouveau concept de foyer. Admirez les flammes r\u00e9alistes \u00e0 l'arri\u00e8re du foyer,","og_url":"https:\/\/foyerscadieux.com\/fr\/produit\/revillusion-ensemble-de-buches-electrique-pret-a-brancher-de-20\/","og_site_name":"Foyers Cadieux","article_modified_time":"2018-11-30T16:44:10+00:00","og_image":[{"width":475,"height":440,"url":"https:\/\/foyerscadieux.com\/wp-content\/uploads\/2018\/11\/RLG20_Angle_1280pixel.jpg","type":"image\/jpeg"}],"twitter_card":"summary_large_image","schema":{"@context":"https:\/\/schema.org","@graph":[{"@type":"WebPage","@id":"https:\/\/foyerscadieux.com\/fr\/produit\/revillusion-ensemble-de-buches-electrique-pret-a-brancher-de-20\/","url":"https:\/\/foyerscadieux.com\/fr\/produit\/revillusion-ensemble-de-buches-electrique-pret-a-brancher-de-20\/","name":"Foyers Cadieux | \u00c9lectriques, Foyers | Revillusion Ensemble de b\u00fbches \u00e9lectrique pr\u00eat \u00e0 brancher de 20","isPartOf":{"@id":"https:\/\/foyerscadieux.com\/fr\/#website"},"primaryImageOfPage":{"@id":"https:\/\/foyerscadieux.com\/fr\/produit\/revillusion-ensemble-de-buches-electrique-pret-a-brancher-de-20\/#primaryimage"},"image":{"@id":"https:\/\/foyerscadieux.com\/fr\/produit\/revillusion-ensemble-de-buches-electrique-pret-a-brancher-de-20\/#primaryimage"},"thumbnailUrl":"https:\/\/foyerscadieux.com\/wp-content\/uploads\/2018\/11\/RLG20_Angle_1280pixel.jpg","datePublished":"2018-11-16T14:40:59+00:00","dateModified":"2018-11-30T16:44:10+00:00","description":"Foyers Cadieux | \u00c9lectriques, Foyers | Plus qu'un ajout de nouvelles caract\u00e9ristiques, le Revillusion est un tout nouveau concept de foyer. Admirez les flammes r\u00e9alistes \u00e0 l'arri\u00e8re du foyer,","breadcrumb":{"@id":"https:\/\/foyerscadieux.com\/fr\/produit\/revillusion-ensemble-de-buches-electrique-pret-a-brancher-de-20\/#breadcrumb"},"inLanguage":"fr-FR","potentialAction":[{"@type":"ReadAction","target":["https:\/\/foyerscadieux.com\/fr\/produit\/revillusion-ensemble-de-buches-electrique-pret-a-brancher-de-20\/"]}]},{"@type":"ImageObject","inLanguage":"fr-FR","@id":"https:\/\/foyerscadieux.com\/fr\/produit\/revillusion-ensemble-de-buches-electrique-pret-a-brancher-de-20\/#primaryimage","url":"https:\/\/foyerscadieux.com\/wp-content\/uploads\/2018\/11\/RLG20_Angle_1280pixel.jpg","contentUrl":"https:\/\/foyerscadieux.com\/wp-content\/uploads\/2018\/11\/RLG20_Angle_1280pixel.jpg","width":475,"height":440},{"@type":"BreadcrumbList","@id":"https:\/\/foyerscadieux.com\/fr\/produit\/revillusion-ensemble-de-buches-electrique-pret-a-brancher-de-20\/#breadcrumb","itemListElement":[{"@type":"ListItem","position":1,"name":"Home","item":"https:\/\/foyerscadieux.com\/fr\/"},{"@type":"ListItem","position":2,"name":"produits","item":"https:\/\/foyerscadieux.com\/fr\/produits\/"},{"@type":"ListItem","position":3,"name":"Revillusion Ensemble de b\u00fbches \u00e9lectrique pr\u00eat \u00e0 brancher de 20"}]},{"@type":"WebSite","@id":"https:\/\/foyerscadieux.com\/fr\/#website","url":"https:\/\/foyerscadieux.com\/fr\/","name":"Foyers Cadieux","description":"Foyers Cadieux","potentialAction":[{"@type":"SearchAction","target":{"@type":"EntryPoint","urlTemplate":"https:\/\/foyerscadieux.com\/fr\/?s={search_term_string}"},"query-input":{"@type":"PropertyValueSpecification","valueRequired":true,"valueName":"search_term_string"}}],"inLanguage":"fr-FR"}]}},"brands":[{"id":48,"name":"Dimplex","slug":"dimplex"}],"_links":{"self":[{"href":"https:\/\/foyerscadieux.com\/fr\/wp-json\/wp\/v2\/product\/6932","targetHints":{"allow":["GET"]}}],"collection":[{"href":"https:\/\/foyerscadieux.com\/fr\/wp-json\/wp\/v2\/product"}],"about":[{"href":"https:\/\/foyerscadieux.com\/fr\/wp-json\/wp\/v2\/types\/product"}],"wp:featuredmedia":[{"embeddable":true,"href":"https:\/\/foyerscadieux.com\/fr\/wp-json\/wp\/v2\/media\/6930"}],"wp:attachment":[{"href":"https:\/\/foyerscadieux.com\/fr\/wp-json\/wp\/v2\/media?parent=6932"}],"wp:term":[{"taxonomy":"pwb-brand","embeddable":true,"href":"https:\/\/foyerscadieux.com\/fr\/wp-json\/wp\/v2\/pwb-brand?post=6932"},{"taxonomy":"product_brand","embeddable":true,"href":"https:\/\/foyerscadieux.com\/fr\/wp-json\/wp\/v2\/product_brand?post=6932"},{"taxonomy":"product_cat","embeddable":true,"href":"https:\/\/foyerscadieux.com\/fr\/wp-json\/wp\/v2\/product_cat?post=6932"},{"taxonomy":"product_tag","embeddable":true,"href":"https:\/\/foyerscadieux.com\/fr\/wp-json\/wp\/v2\/product_tag?post=6932"}],"curies":[{"name":"wp","href":"https:\/\/api.w.org\/{rel}","templated":true}]}}