{"id":7478,"date":"2019-06-18T11:00:47","date_gmt":"2019-06-18T15:00:47","guid":{"rendered":"https:\/\/foyerscadieux.com\/?post_type=product&#038;p=7478"},"modified":"2019-06-18T11:30:33","modified_gmt":"2019-06-18T15:30:33","slug":"space-grill","status":"publish","type":"product","link":"https:\/\/foyerscadieux.com\/fr\/produit\/space-grill\/","title":{"rendered":"SPACE GRILL"},"content":{"rendered":"<p>Le Space Grill est un barbecue pleine grandeur en inox haut de gamme qui se plie en moins de 10 secondes. R\u00e9compens\u00e9 par de nombreux prix, dont le Vesta Award 2018 dans la cat\u00e9gorie BBQ au gaz, il est con\u00e7u pour occuper un minimum d\u2019espace, tout en procurant une grande surface de cuisson lorsque vous l\u2019utilisez. Consulter le site web pour en savoir davantage sur ce barbecue de 37 500 Btu. https:\/\/us.space-grill.com\/\/<\/p>\n","protected":false},"excerpt":{"rendered":"<p>Le Space Grill est un barbecue pleine grandeur en inox haut de gamme qui se plie en moins de 10 secondes. R\u00e9compens\u00e9 par de nombreux prix, dont le Vesta Award 2018 dans la cat\u00e9gorie BBQ au gaz, il est con\u00e7u pour occuper un minimum d\u2019espace, tout en procurant une grande surface de cuisson lorsque vous l\u2019utilisez. <\/p>\n","protected":false},"featured_media":7479,"template":"","meta":{"_acf_changed":false},"pwb-brand":[48],"product_brand":[],"product_cat":[58],"product_tag":[],"class_list":{"0":"post-7478","1":"product","2":"type-product","3":"status-publish","4":"has-post-thumbnail","6":"pwb-brand-dimplex","7":"product_cat-bbq-grills","9":"first","10":"instock","11":"shipping-taxable","12":"product-type-simple"},"acf":[],"yoast_head":"<!-- This site is optimized with the Yoast SEO plugin v27.2 - https:\/\/yoast.com\/product\/yoast-seo-wordpress\/ -->\n<title>Foyers Cadieux | BBQ\/Grills | SPACE GRILL<\/title>\n<meta name=\"description\" content=\"Foyers Cadieux | BBQ\/Grills | Le Space Grill est un barbecue pleine grandeur en inox haut de gamme qui se plie en moins de 10 secondes. R\u00e9compens\u00e9 par de nombreux prix, dont le Vesta\" \/>\n<meta name=\"robots\" content=\"index, follow, max-snippet:-1, max-image-preview:large, max-video-preview:-1\" \/>\n<link rel=\"canonical\" href=\"https:\/\/foyerscadieux.com\/fr\/produit\/space-grill\/\" \/>\n<meta property=\"og:locale\" content=\"fr_FR\" \/>\n<meta property=\"og:type\" content=\"article\" \/>\n<meta property=\"og:title\" content=\"Foyers Cadieux | BBQ\/Grills | SPACE GRILL\" \/>\n<meta property=\"og:description\" content=\"Foyers Cadieux | BBQ\/Grills | Le Space Grill est un barbecue pleine grandeur en inox haut de gamme qui se plie en moins de 10 secondes. R\u00e9compens\u00e9 par de nombreux prix, dont le Vesta\" \/>\n<meta property=\"og:url\" content=\"https:\/\/foyerscadieux.com\/fr\/produit\/space-grill\/\" \/>\n<meta property=\"og:site_name\" content=\"Foyers Cadieux\" \/>\n<meta property=\"article:modified_time\" content=\"2019-06-18T15:30:33+00:00\" \/>\n<meta property=\"og:image\" content=\"https:\/\/foyerscadieux.com\/wp-content\/uploads\/2019\/06\/spacegrill.jpg\" \/>\n\t<meta property=\"og:image:width\" content=\"300\" \/>\n\t<meta property=\"og:image:height\" content=\"274\" \/>\n\t<meta property=\"og:image:type\" content=\"image\/jpeg\" \/>\n<meta name=\"twitter:card\" content=\"summary_large_image\" \/>\n<script type=\"application\/ld+json\" class=\"yoast-schema-graph\">{\"@context\":\"https:\/\/schema.org\",\"@graph\":[{\"@type\":\"WebPage\",\"@id\":\"https:\/\/foyerscadieux.com\/fr\/produit\/space-grill\/\",\"url\":\"https:\/\/foyerscadieux.com\/fr\/produit\/space-grill\/\",\"name\":\"Foyers Cadieux | BBQ\/Grills | SPACE GRILL\",\"isPartOf\":{\"@id\":\"https:\/\/foyerscadieux.com\/fr\/#website\"},\"primaryImageOfPage\":{\"@id\":\"https:\/\/foyerscadieux.com\/fr\/produit\/space-grill\/#primaryimage\"},\"image\":{\"@id\":\"https:\/\/foyerscadieux.com\/fr\/produit\/space-grill\/#primaryimage\"},\"thumbnailUrl\":\"https:\/\/foyerscadieux.com\/wp-content\/uploads\/2019\/06\/spacegrill.jpg\",\"datePublished\":\"2019-06-18T15:00:47+00:00\",\"dateModified\":\"2019-06-18T15:30:33+00:00\",\"description\":\"Foyers Cadieux | BBQ\/Grills | Le Space Grill est un barbecue pleine grandeur en inox haut de gamme qui se plie en moins de 10 secondes. R\u00e9compens\u00e9 par de nombreux prix, dont le Vesta\",\"breadcrumb\":{\"@id\":\"https:\/\/foyerscadieux.com\/fr\/produit\/space-grill\/#breadcrumb\"},\"inLanguage\":\"fr-FR\",\"potentialAction\":[{\"@type\":\"ReadAction\",\"target\":[\"https:\/\/foyerscadieux.com\/fr\/produit\/space-grill\/\"]}]},{\"@type\":\"ImageObject\",\"inLanguage\":\"fr-FR\",\"@id\":\"https:\/\/foyerscadieux.com\/fr\/produit\/space-grill\/#primaryimage\",\"url\":\"https:\/\/foyerscadieux.com\/wp-content\/uploads\/2019\/06\/spacegrill.jpg\",\"contentUrl\":\"https:\/\/foyerscadieux.com\/wp-content\/uploads\/2019\/06\/spacegrill.jpg\",\"width\":300,\"height\":274},{\"@type\":\"BreadcrumbList\",\"@id\":\"https:\/\/foyerscadieux.com\/fr\/produit\/space-grill\/#breadcrumb\",\"itemListElement\":[{\"@type\":\"ListItem\",\"position\":1,\"name\":\"Home\",\"item\":\"https:\/\/foyerscadieux.com\/fr\/\"},{\"@type\":\"ListItem\",\"position\":2,\"name\":\"produits\",\"item\":\"https:\/\/foyerscadieux.com\/fr\/produits\/\"},{\"@type\":\"ListItem\",\"position\":3,\"name\":\"SPACE GRILL\"}]},{\"@type\":\"WebSite\",\"@id\":\"https:\/\/foyerscadieux.com\/fr\/#website\",\"url\":\"https:\/\/foyerscadieux.com\/fr\/\",\"name\":\"Foyers Cadieux\",\"description\":\"Foyers Cadieux\",\"potentialAction\":[{\"@type\":\"SearchAction\",\"target\":{\"@type\":\"EntryPoint\",\"urlTemplate\":\"https:\/\/foyerscadieux.com\/fr\/?s={search_term_string}\"},\"query-input\":{\"@type\":\"PropertyValueSpecification\",\"valueRequired\":true,\"valueName\":\"search_term_string\"}}],\"inLanguage\":\"fr-FR\"}]}<\/script>\n<!-- \/ Yoast SEO plugin. -->","yoast_head_json":{"title":"Foyers Cadieux | BBQ\/Grills | SPACE GRILL","description":"Foyers Cadieux | BBQ\/Grills | Le Space Grill est un barbecue pleine grandeur en inox haut de gamme qui se plie en moins de 10 secondes. R\u00e9compens\u00e9 par de nombreux prix, dont le Vesta","robots":{"index":"index","follow":"follow","max-snippet":"max-snippet:-1","max-image-preview":"max-image-preview:large","max-video-preview":"max-video-preview:-1"},"canonical":"https:\/\/foyerscadieux.com\/fr\/produit\/space-grill\/","og_locale":"fr_FR","og_type":"article","og_title":"Foyers Cadieux | BBQ\/Grills | SPACE GRILL","og_description":"Foyers Cadieux | BBQ\/Grills | Le Space Grill est un barbecue pleine grandeur en inox haut de gamme qui se plie en moins de 10 secondes. R\u00e9compens\u00e9 par de nombreux prix, dont le Vesta","og_url":"https:\/\/foyerscadieux.com\/fr\/produit\/space-grill\/","og_site_name":"Foyers Cadieux","article_modified_time":"2019-06-18T15:30:33+00:00","og_image":[{"width":300,"height":274,"url":"https:\/\/foyerscadieux.com\/wp-content\/uploads\/2019\/06\/spacegrill.jpg","type":"image\/jpeg"}],"twitter_card":"summary_large_image","schema":{"@context":"https:\/\/schema.org","@graph":[{"@type":"WebPage","@id":"https:\/\/foyerscadieux.com\/fr\/produit\/space-grill\/","url":"https:\/\/foyerscadieux.com\/fr\/produit\/space-grill\/","name":"Foyers Cadieux | BBQ\/Grills | SPACE GRILL","isPartOf":{"@id":"https:\/\/foyerscadieux.com\/fr\/#website"},"primaryImageOfPage":{"@id":"https:\/\/foyerscadieux.com\/fr\/produit\/space-grill\/#primaryimage"},"image":{"@id":"https:\/\/foyerscadieux.com\/fr\/produit\/space-grill\/#primaryimage"},"thumbnailUrl":"https:\/\/foyerscadieux.com\/wp-content\/uploads\/2019\/06\/spacegrill.jpg","datePublished":"2019-06-18T15:00:47+00:00","dateModified":"2019-06-18T15:30:33+00:00","description":"Foyers Cadieux | BBQ\/Grills | Le Space Grill est un barbecue pleine grandeur en inox haut de gamme qui se plie en moins de 10 secondes. R\u00e9compens\u00e9 par de nombreux prix, dont le Vesta","breadcrumb":{"@id":"https:\/\/foyerscadieux.com\/fr\/produit\/space-grill\/#breadcrumb"},"inLanguage":"fr-FR","potentialAction":[{"@type":"ReadAction","target":["https:\/\/foyerscadieux.com\/fr\/produit\/space-grill\/"]}]},{"@type":"ImageObject","inLanguage":"fr-FR","@id":"https:\/\/foyerscadieux.com\/fr\/produit\/space-grill\/#primaryimage","url":"https:\/\/foyerscadieux.com\/wp-content\/uploads\/2019\/06\/spacegrill.jpg","contentUrl":"https:\/\/foyerscadieux.com\/wp-content\/uploads\/2019\/06\/spacegrill.jpg","width":300,"height":274},{"@type":"BreadcrumbList","@id":"https:\/\/foyerscadieux.com\/fr\/produit\/space-grill\/#breadcrumb","itemListElement":[{"@type":"ListItem","position":1,"name":"Home","item":"https:\/\/foyerscadieux.com\/fr\/"},{"@type":"ListItem","position":2,"name":"produits","item":"https:\/\/foyerscadieux.com\/fr\/produits\/"},{"@type":"ListItem","position":3,"name":"SPACE GRILL"}]},{"@type":"WebSite","@id":"https:\/\/foyerscadieux.com\/fr\/#website","url":"https:\/\/foyerscadieux.com\/fr\/","name":"Foyers Cadieux","description":"Foyers Cadieux","potentialAction":[{"@type":"SearchAction","target":{"@type":"EntryPoint","urlTemplate":"https:\/\/foyerscadieux.com\/fr\/?s={search_term_string}"},"query-input":{"@type":"PropertyValueSpecification","valueRequired":true,"valueName":"search_term_string"}}],"inLanguage":"fr-FR"}]}},"brands":[{"id":48,"name":"Dimplex","slug":"dimplex"}],"_links":{"self":[{"href":"https:\/\/foyerscadieux.com\/fr\/wp-json\/wp\/v2\/product\/7478","targetHints":{"allow":["GET"]}}],"collection":[{"href":"https:\/\/foyerscadieux.com\/fr\/wp-json\/wp\/v2\/product"}],"about":[{"href":"https:\/\/foyerscadieux.com\/fr\/wp-json\/wp\/v2\/types\/product"}],"wp:featuredmedia":[{"embeddable":true,"href":"https:\/\/foyerscadieux.com\/fr\/wp-json\/wp\/v2\/media\/7479"}],"wp:attachment":[{"href":"https:\/\/foyerscadieux.com\/fr\/wp-json\/wp\/v2\/media?parent=7478"}],"wp:term":[{"taxonomy":"pwb-brand","embeddable":true,"href":"https:\/\/foyerscadieux.com\/fr\/wp-json\/wp\/v2\/pwb-brand?post=7478"},{"taxonomy":"product_brand","embeddable":true,"href":"https:\/\/foyerscadieux.com\/fr\/wp-json\/wp\/v2\/product_brand?post=7478"},{"taxonomy":"product_cat","embeddable":true,"href":"https:\/\/foyerscadieux.com\/fr\/wp-json\/wp\/v2\/product_cat?post=7478"},{"taxonomy":"product_tag","embeddable":true,"href":"https:\/\/foyerscadieux.com\/fr\/wp-json\/wp\/v2\/product_tag?post=7478"}],"curies":[{"name":"wp","href":"https:\/\/api.w.org\/{rel}","templated":true}]}}