{"id":7673,"date":"2020-06-08T16:01:20","date_gmt":"2020-06-08T20:01:20","guid":{"rendered":"https:\/\/foyerscadieux.com\/?post_type=product&#038;p=7673"},"modified":"2020-06-08T16:08:32","modified_gmt":"2020-06-08T20:08:32","slug":"focus-sbr","status":"publish","type":"product","link":"https:\/\/foyerscadieux.com\/fr\/produit\/focus-sbr\/","title":{"rendered":"Focus SBR"},"content":{"rendered":"<p><span style=\"color: #252525;font-family: 'Open Sans', Helvetica, Arial, sans-serif;font-size: 14px\">La conception \u00e9pur\u00e9e et sophistiqu\u00e9e du mod\u00e8le Focus 320, de m\u00eame que sa capacit\u00e9 \u00e0 offrir des feux magnifiques, en fait l\u2019un de nos foyers les plus populaires. C\u2019est pourquoi nous lui avons int\u00e9gr\u00e9 un tout nouvel engin : le syst\u00e8me SBR (Smart BurnRate). Ce syst\u00e8me permet au Focus 320 de surpasser les normes nordam\u00e9ricaines les plus exigeantes en mati\u00e8re d\u2019\u00e9missions, soit avec un taux d\u2019\u00e9missions de 1.4 g\/h certifi\u00e9 par l\u2019EPA ce qui est 44 % plus propre que ce qu\u2019exige la norme EPA 2020. Profitez du tr\u00e8s convivial m\u00e9canisme d\u2019allumage par infusion d\u2019air et laissez-vous s\u00e9duire par les somptueuses flammes ardentes de ce foyer \u00e0 combustion propre.<\/span><\/p>\n","protected":false},"excerpt":{"rendered":"<p>La conception \u00e9pur\u00e9e et sophistiqu\u00e9e du mod\u00e8le Focus 320, de m\u00eame que sa capacit\u00e9 \u00e0 offrir des feux magnifiques, en fait l\u2019un de nos foyers les plus populaires. C\u2019est pourquoi nous lui avons int\u00e9gr\u00e9 un tout nouvel engin : le syst\u00e8me SBR (Smart BurnRate). <\/p>\n","protected":false},"featured_media":7675,"template":"","meta":{"_acf_changed":false},"pwb-brand":[38],"product_brand":[],"product_cat":[25,33],"product_tag":[],"class_list":{"0":"post-7673","1":"product","2":"type-product","3":"status-publish","4":"has-post-thumbnail","6":"pwb-brand-rsf","7":"product_cat-bois","8":"product_cat-foyers","10":"first","11":"instock","12":"shipping-taxable","13":"product-type-simple"},"acf":[],"yoast_head":"<!-- This site is optimized with the Yoast SEO plugin v27.2 - https:\/\/yoast.com\/product\/yoast-seo-wordpress\/ -->\n<title>Foyers Cadieux | Bois, Foyers | Focus SBR<\/title>\n<meta name=\"description\" content=\"Foyers Cadieux | Bois, Foyers | La conception \u00e9pur\u00e9e et sophistiqu\u00e9e du mod\u00e8le Focus 320, de m\u00eame que sa capacit\u00e9 \u00e0 offrir des feux magnifiques, en fait l\u2019un de nos foyers les plus\" \/>\n<meta name=\"robots\" content=\"index, follow, max-snippet:-1, max-image-preview:large, max-video-preview:-1\" \/>\n<link rel=\"canonical\" href=\"https:\/\/foyerscadieux.com\/fr\/produit\/focus-sbr\/\" \/>\n<meta property=\"og:locale\" content=\"fr_FR\" \/>\n<meta property=\"og:type\" content=\"article\" \/>\n<meta property=\"og:title\" content=\"Foyers Cadieux | Bois, Foyers | Focus SBR\" \/>\n<meta property=\"og:description\" content=\"Foyers Cadieux | Bois, Foyers | La conception \u00e9pur\u00e9e et sophistiqu\u00e9e du mod\u00e8le Focus 320, de m\u00eame que sa capacit\u00e9 \u00e0 offrir des feux magnifiques, en fait l\u2019un de nos foyers les plus\" \/>\n<meta property=\"og:url\" content=\"https:\/\/foyerscadieux.com\/fr\/produit\/focus-sbr\/\" \/>\n<meta property=\"og:site_name\" content=\"Foyers Cadieux\" \/>\n<meta property=\"article:modified_time\" content=\"2020-06-08T20:08:32+00:00\" \/>\n<meta property=\"og:image\" content=\"https:\/\/foyerscadieux.com\/wp-content\/uploads\/2020\/06\/Focus-SBR_image-principale.jpg\" \/>\n\t<meta property=\"og:image:width\" content=\"349\" \/>\n\t<meta property=\"og:image:height\" content=\"303\" \/>\n\t<meta property=\"og:image:type\" content=\"image\/jpeg\" \/>\n<meta name=\"twitter:card\" content=\"summary_large_image\" \/>\n<meta name=\"twitter:label1\" content=\"Dur\u00e9e de lecture estim\u00e9e\" \/>\n\t<meta name=\"twitter:data1\" content=\"1 minute\" \/>\n<script type=\"application\/ld+json\" class=\"yoast-schema-graph\">{\"@context\":\"https:\/\/schema.org\",\"@graph\":[{\"@type\":\"WebPage\",\"@id\":\"https:\/\/foyerscadieux.com\/fr\/produit\/focus-sbr\/\",\"url\":\"https:\/\/foyerscadieux.com\/fr\/produit\/focus-sbr\/\",\"name\":\"Foyers Cadieux | Bois, Foyers | Focus SBR\",\"isPartOf\":{\"@id\":\"https:\/\/foyerscadieux.com\/fr\/#website\"},\"primaryImageOfPage\":{\"@id\":\"https:\/\/foyerscadieux.com\/fr\/produit\/focus-sbr\/#primaryimage\"},\"image\":{\"@id\":\"https:\/\/foyerscadieux.com\/fr\/produit\/focus-sbr\/#primaryimage\"},\"thumbnailUrl\":\"https:\/\/foyerscadieux.com\/wp-content\/uploads\/2020\/06\/Focus-SBR_image-principale.jpg\",\"datePublished\":\"2020-06-08T20:01:20+00:00\",\"dateModified\":\"2020-06-08T20:08:32+00:00\",\"description\":\"Foyers Cadieux | Bois, Foyers | La conception \u00e9pur\u00e9e et sophistiqu\u00e9e du mod\u00e8le Focus 320, de m\u00eame que sa capacit\u00e9 \u00e0 offrir des feux magnifiques, en fait l\u2019un de nos foyers les plus\",\"breadcrumb\":{\"@id\":\"https:\/\/foyerscadieux.com\/fr\/produit\/focus-sbr\/#breadcrumb\"},\"inLanguage\":\"fr-FR\",\"potentialAction\":[{\"@type\":\"ReadAction\",\"target\":[\"https:\/\/foyerscadieux.com\/fr\/produit\/focus-sbr\/\"]}]},{\"@type\":\"ImageObject\",\"inLanguage\":\"fr-FR\",\"@id\":\"https:\/\/foyerscadieux.com\/fr\/produit\/focus-sbr\/#primaryimage\",\"url\":\"https:\/\/foyerscadieux.com\/wp-content\/uploads\/2020\/06\/Focus-SBR_image-principale.jpg\",\"contentUrl\":\"https:\/\/foyerscadieux.com\/wp-content\/uploads\/2020\/06\/Focus-SBR_image-principale.jpg\",\"width\":349,\"height\":303},{\"@type\":\"BreadcrumbList\",\"@id\":\"https:\/\/foyerscadieux.com\/fr\/produit\/focus-sbr\/#breadcrumb\",\"itemListElement\":[{\"@type\":\"ListItem\",\"position\":1,\"name\":\"Home\",\"item\":\"https:\/\/foyerscadieux.com\/fr\/\"},{\"@type\":\"ListItem\",\"position\":2,\"name\":\"produits\",\"item\":\"https:\/\/foyerscadieux.com\/fr\/produits\/\"},{\"@type\":\"ListItem\",\"position\":3,\"name\":\"Focus SBR\"}]},{\"@type\":\"WebSite\",\"@id\":\"https:\/\/foyerscadieux.com\/fr\/#website\",\"url\":\"https:\/\/foyerscadieux.com\/fr\/\",\"name\":\"Foyers Cadieux\",\"description\":\"Foyers Cadieux\",\"potentialAction\":[{\"@type\":\"SearchAction\",\"target\":{\"@type\":\"EntryPoint\",\"urlTemplate\":\"https:\/\/foyerscadieux.com\/fr\/?s={search_term_string}\"},\"query-input\":{\"@type\":\"PropertyValueSpecification\",\"valueRequired\":true,\"valueName\":\"search_term_string\"}}],\"inLanguage\":\"fr-FR\"}]}<\/script>\n<!-- \/ Yoast SEO plugin. -->","yoast_head_json":{"title":"Foyers Cadieux | Bois, Foyers | Focus SBR","description":"Foyers Cadieux | Bois, Foyers | La conception \u00e9pur\u00e9e et sophistiqu\u00e9e du mod\u00e8le Focus 320, de m\u00eame que sa capacit\u00e9 \u00e0 offrir des feux magnifiques, en fait l\u2019un de nos foyers les plus","robots":{"index":"index","follow":"follow","max-snippet":"max-snippet:-1","max-image-preview":"max-image-preview:large","max-video-preview":"max-video-preview:-1"},"canonical":"https:\/\/foyerscadieux.com\/fr\/produit\/focus-sbr\/","og_locale":"fr_FR","og_type":"article","og_title":"Foyers Cadieux | Bois, Foyers | Focus SBR","og_description":"Foyers Cadieux | Bois, Foyers | La conception \u00e9pur\u00e9e et sophistiqu\u00e9e du mod\u00e8le Focus 320, de m\u00eame que sa capacit\u00e9 \u00e0 offrir des feux magnifiques, en fait l\u2019un de nos foyers les plus","og_url":"https:\/\/foyerscadieux.com\/fr\/produit\/focus-sbr\/","og_site_name":"Foyers Cadieux","article_modified_time":"2020-06-08T20:08:32+00:00","og_image":[{"width":349,"height":303,"url":"https:\/\/foyerscadieux.com\/wp-content\/uploads\/2020\/06\/Focus-SBR_image-principale.jpg","type":"image\/jpeg"}],"twitter_card":"summary_large_image","twitter_misc":{"Dur\u00e9e de lecture estim\u00e9e":"1 minute"},"schema":{"@context":"https:\/\/schema.org","@graph":[{"@type":"WebPage","@id":"https:\/\/foyerscadieux.com\/fr\/produit\/focus-sbr\/","url":"https:\/\/foyerscadieux.com\/fr\/produit\/focus-sbr\/","name":"Foyers Cadieux | Bois, Foyers | Focus SBR","isPartOf":{"@id":"https:\/\/foyerscadieux.com\/fr\/#website"},"primaryImageOfPage":{"@id":"https:\/\/foyerscadieux.com\/fr\/produit\/focus-sbr\/#primaryimage"},"image":{"@id":"https:\/\/foyerscadieux.com\/fr\/produit\/focus-sbr\/#primaryimage"},"thumbnailUrl":"https:\/\/foyerscadieux.com\/wp-content\/uploads\/2020\/06\/Focus-SBR_image-principale.jpg","datePublished":"2020-06-08T20:01:20+00:00","dateModified":"2020-06-08T20:08:32+00:00","description":"Foyers Cadieux | Bois, Foyers | La conception \u00e9pur\u00e9e et sophistiqu\u00e9e du mod\u00e8le Focus 320, de m\u00eame que sa capacit\u00e9 \u00e0 offrir des feux magnifiques, en fait l\u2019un de nos foyers les plus","breadcrumb":{"@id":"https:\/\/foyerscadieux.com\/fr\/produit\/focus-sbr\/#breadcrumb"},"inLanguage":"fr-FR","potentialAction":[{"@type":"ReadAction","target":["https:\/\/foyerscadieux.com\/fr\/produit\/focus-sbr\/"]}]},{"@type":"ImageObject","inLanguage":"fr-FR","@id":"https:\/\/foyerscadieux.com\/fr\/produit\/focus-sbr\/#primaryimage","url":"https:\/\/foyerscadieux.com\/wp-content\/uploads\/2020\/06\/Focus-SBR_image-principale.jpg","contentUrl":"https:\/\/foyerscadieux.com\/wp-content\/uploads\/2020\/06\/Focus-SBR_image-principale.jpg","width":349,"height":303},{"@type":"BreadcrumbList","@id":"https:\/\/foyerscadieux.com\/fr\/produit\/focus-sbr\/#breadcrumb","itemListElement":[{"@type":"ListItem","position":1,"name":"Home","item":"https:\/\/foyerscadieux.com\/fr\/"},{"@type":"ListItem","position":2,"name":"produits","item":"https:\/\/foyerscadieux.com\/fr\/produits\/"},{"@type":"ListItem","position":3,"name":"Focus SBR"}]},{"@type":"WebSite","@id":"https:\/\/foyerscadieux.com\/fr\/#website","url":"https:\/\/foyerscadieux.com\/fr\/","name":"Foyers Cadieux","description":"Foyers Cadieux","potentialAction":[{"@type":"SearchAction","target":{"@type":"EntryPoint","urlTemplate":"https:\/\/foyerscadieux.com\/fr\/?s={search_term_string}"},"query-input":{"@type":"PropertyValueSpecification","valueRequired":true,"valueName":"search_term_string"}}],"inLanguage":"fr-FR"}]}},"brands":[{"id":38,"name":"RSF","slug":"rsf"}],"_links":{"self":[{"href":"https:\/\/foyerscadieux.com\/fr\/wp-json\/wp\/v2\/product\/7673","targetHints":{"allow":["GET"]}}],"collection":[{"href":"https:\/\/foyerscadieux.com\/fr\/wp-json\/wp\/v2\/product"}],"about":[{"href":"https:\/\/foyerscadieux.com\/fr\/wp-json\/wp\/v2\/types\/product"}],"wp:featuredmedia":[{"embeddable":true,"href":"https:\/\/foyerscadieux.com\/fr\/wp-json\/wp\/v2\/media\/7675"}],"wp:attachment":[{"href":"https:\/\/foyerscadieux.com\/fr\/wp-json\/wp\/v2\/media?parent=7673"}],"wp:term":[{"taxonomy":"pwb-brand","embeddable":true,"href":"https:\/\/foyerscadieux.com\/fr\/wp-json\/wp\/v2\/pwb-brand?post=7673"},{"taxonomy":"product_brand","embeddable":true,"href":"https:\/\/foyerscadieux.com\/fr\/wp-json\/wp\/v2\/product_brand?post=7673"},{"taxonomy":"product_cat","embeddable":true,"href":"https:\/\/foyerscadieux.com\/fr\/wp-json\/wp\/v2\/product_cat?post=7673"},{"taxonomy":"product_tag","embeddable":true,"href":"https:\/\/foyerscadieux.com\/fr\/wp-json\/wp\/v2\/product_tag?post=7673"}],"curies":[{"name":"wp","href":"https:\/\/api.w.org\/{rel}","templated":true}]}}