{"id":7677,"date":"2020-06-08T16:14:55","date_gmt":"2020-06-08T20:14:55","guid":{"rendered":"https:\/\/foyerscadieux.com\/?post_type=product&#038;p=7677"},"modified":"2020-06-08T16:18:18","modified_gmt":"2020-06-08T20:18:18","slug":"opel-plus-keystone","status":"publish","type":"product","link":"https:\/\/foyerscadieux.com\/fr\/produit\/opel-plus-keystone\/","title":{"rendered":"Opel Plus keystone"},"content":{"rendered":"<p style=\"margin: 0px;padding: 0px;border: 0px;font-size: 14px;line-height: inherit;font-family: 'Open Sans', Helvetica, Arial, sans-serif;vertical-align: baseline;color: #252525\">Dernier n\u00e9 de la famille croissante du foyer Opel, le Keystone est le r\u00e9sultat d\u2019un travail de pr\u00e9cision, inspir\u00e9 par la polyvalence et fabriqu\u00e9 dans le sillage de 30 ann\u00e9es d\u2019efficacit\u00e9 \u00e9prouv\u00e9e en mati\u00e8re de foyer au bois \u00e0 haut rendement.<\/p>\n<p style=\"margin: 1em 0px 0px;padding: 0px;border: 0px;font-size: 14px;line-height: inherit;font-family: 'Open Sans', Helvetica, Arial, sans-serif;vertical-align: baseline;color: #252525\">Le nom Keystone provient de la fa\u00e7ade en cl\u00e9 de vo\u00fbte interchangeable offerte en style de finition semi-neutre ou fa\u00e7ade compl\u00e8te afin d\u2019ajouter une touche moderne sophistiqu\u00e9e et d\u2019offrir des choix de design \u00e0 toute pi\u00e8ce de dimension moyenne.<\/p>\n","protected":false},"excerpt":{"rendered":"<p>Dernier n\u00e9 de la famille croissante du foyer Opel, le Keystone est le r\u00e9sultat d\u2019un travail de pr\u00e9cision, inspir\u00e9 par la polyvalence et fabriqu\u00e9 dans le sillage de 30 ann\u00e9es d\u2019efficacit\u00e9 \u00e9prouv\u00e9e en mati\u00e8re de foyer au bois \u00e0 haut rendement. <\/p>\n","protected":false},"featured_media":7679,"template":"","meta":{"_acf_changed":false},"pwb-brand":[38],"product_brand":[],"product_cat":[25,33],"product_tag":[],"class_list":{"0":"post-7677","1":"product","2":"type-product","3":"status-publish","4":"has-post-thumbnail","6":"pwb-brand-rsf","7":"product_cat-bois","8":"product_cat-foyers","10":"first","11":"instock","12":"shipping-taxable","13":"product-type-simple"},"acf":[],"yoast_head":"<!-- This site is optimized with the Yoast SEO plugin v27.2 - https:\/\/yoast.com\/product\/yoast-seo-wordpress\/ -->\n<title>Foyers Cadieux | Bois, Foyers | Opel Plus keystone<\/title>\n<meta name=\"description\" content=\"Foyers Cadieux | Bois, Foyers | Dernier n\u00e9 de la famille croissante du foyer Opel, le Keystone est le r\u00e9sultat d\u2019un travail de pr\u00e9cision, inspir\u00e9 par la polyvalence et fabriqu\u00e9 dans le\" \/>\n<meta name=\"robots\" content=\"index, follow, max-snippet:-1, max-image-preview:large, max-video-preview:-1\" \/>\n<link rel=\"canonical\" href=\"https:\/\/foyerscadieux.com\/fr\/produit\/opel-plus-keystone\/\" \/>\n<meta property=\"og:locale\" content=\"fr_FR\" \/>\n<meta property=\"og:type\" content=\"article\" \/>\n<meta property=\"og:title\" content=\"Foyers Cadieux | Bois, Foyers | Opel Plus keystone\" \/>\n<meta property=\"og:description\" content=\"Foyers Cadieux | Bois, Foyers | Dernier n\u00e9 de la famille croissante du foyer Opel, le Keystone est le r\u00e9sultat d\u2019un travail de pr\u00e9cision, inspir\u00e9 par la polyvalence et fabriqu\u00e9 dans le\" \/>\n<meta property=\"og:url\" content=\"https:\/\/foyerscadieux.com\/fr\/produit\/opel-plus-keystone\/\" \/>\n<meta property=\"og:site_name\" content=\"Foyers Cadieux\" \/>\n<meta property=\"article:modified_time\" content=\"2020-06-08T20:18:18+00:00\" \/>\n<meta property=\"og:image\" content=\"https:\/\/foyerscadieux.com\/wp-content\/uploads\/2020\/06\/RSF-Opel-Plus-Keystone.jpg\" \/>\n\t<meta property=\"og:image:width\" content=\"2000\" \/>\n\t<meta property=\"og:image:height\" content=\"1200\" \/>\n\t<meta property=\"og:image:type\" content=\"image\/jpeg\" \/>\n<meta name=\"twitter:card\" content=\"summary_large_image\" \/>\n<script type=\"application\/ld+json\" class=\"yoast-schema-graph\">{\"@context\":\"https:\/\/schema.org\",\"@graph\":[{\"@type\":\"WebPage\",\"@id\":\"https:\/\/foyerscadieux.com\/fr\/produit\/opel-plus-keystone\/\",\"url\":\"https:\/\/foyerscadieux.com\/fr\/produit\/opel-plus-keystone\/\",\"name\":\"Foyers Cadieux | Bois, Foyers | Opel Plus keystone\",\"isPartOf\":{\"@id\":\"https:\/\/foyerscadieux.com\/fr\/#website\"},\"primaryImageOfPage\":{\"@id\":\"https:\/\/foyerscadieux.com\/fr\/produit\/opel-plus-keystone\/#primaryimage\"},\"image\":{\"@id\":\"https:\/\/foyerscadieux.com\/fr\/produit\/opel-plus-keystone\/#primaryimage\"},\"thumbnailUrl\":\"https:\/\/foyerscadieux.com\/wp-content\/uploads\/2020\/06\/RSF-Opel-Plus-Keystone.jpg\",\"datePublished\":\"2020-06-08T20:14:55+00:00\",\"dateModified\":\"2020-06-08T20:18:18+00:00\",\"description\":\"Foyers Cadieux | Bois, Foyers | Dernier n\u00e9 de la famille croissante du foyer Opel, le Keystone est le r\u00e9sultat d\u2019un travail de pr\u00e9cision, inspir\u00e9 par la polyvalence et fabriqu\u00e9 dans le\",\"breadcrumb\":{\"@id\":\"https:\/\/foyerscadieux.com\/fr\/produit\/opel-plus-keystone\/#breadcrumb\"},\"inLanguage\":\"fr-FR\",\"potentialAction\":[{\"@type\":\"ReadAction\",\"target\":[\"https:\/\/foyerscadieux.com\/fr\/produit\/opel-plus-keystone\/\"]}]},{\"@type\":\"ImageObject\",\"inLanguage\":\"fr-FR\",\"@id\":\"https:\/\/foyerscadieux.com\/fr\/produit\/opel-plus-keystone\/#primaryimage\",\"url\":\"https:\/\/foyerscadieux.com\/wp-content\/uploads\/2020\/06\/RSF-Opel-Plus-Keystone.jpg\",\"contentUrl\":\"https:\/\/foyerscadieux.com\/wp-content\/uploads\/2020\/06\/RSF-Opel-Plus-Keystone.jpg\",\"width\":2000,\"height\":1200},{\"@type\":\"BreadcrumbList\",\"@id\":\"https:\/\/foyerscadieux.com\/fr\/produit\/opel-plus-keystone\/#breadcrumb\",\"itemListElement\":[{\"@type\":\"ListItem\",\"position\":1,\"name\":\"Home\",\"item\":\"https:\/\/foyerscadieux.com\/fr\/\"},{\"@type\":\"ListItem\",\"position\":2,\"name\":\"produits\",\"item\":\"https:\/\/foyerscadieux.com\/fr\/produits\/\"},{\"@type\":\"ListItem\",\"position\":3,\"name\":\"Opel Plus keystone\"}]},{\"@type\":\"WebSite\",\"@id\":\"https:\/\/foyerscadieux.com\/fr\/#website\",\"url\":\"https:\/\/foyerscadieux.com\/fr\/\",\"name\":\"Foyers Cadieux\",\"description\":\"Foyers Cadieux\",\"potentialAction\":[{\"@type\":\"SearchAction\",\"target\":{\"@type\":\"EntryPoint\",\"urlTemplate\":\"https:\/\/foyerscadieux.com\/fr\/?s={search_term_string}\"},\"query-input\":{\"@type\":\"PropertyValueSpecification\",\"valueRequired\":true,\"valueName\":\"search_term_string\"}}],\"inLanguage\":\"fr-FR\"}]}<\/script>\n<!-- \/ Yoast SEO plugin. -->","yoast_head_json":{"title":"Foyers Cadieux | Bois, Foyers | Opel Plus keystone","description":"Foyers Cadieux | Bois, Foyers | Dernier n\u00e9 de la famille croissante du foyer Opel, le Keystone est le r\u00e9sultat d\u2019un travail de pr\u00e9cision, inspir\u00e9 par la polyvalence et fabriqu\u00e9 dans le","robots":{"index":"index","follow":"follow","max-snippet":"max-snippet:-1","max-image-preview":"max-image-preview:large","max-video-preview":"max-video-preview:-1"},"canonical":"https:\/\/foyerscadieux.com\/fr\/produit\/opel-plus-keystone\/","og_locale":"fr_FR","og_type":"article","og_title":"Foyers Cadieux | Bois, Foyers | Opel Plus keystone","og_description":"Foyers Cadieux | Bois, Foyers | Dernier n\u00e9 de la famille croissante du foyer Opel, le Keystone est le r\u00e9sultat d\u2019un travail de pr\u00e9cision, inspir\u00e9 par la polyvalence et fabriqu\u00e9 dans le","og_url":"https:\/\/foyerscadieux.com\/fr\/produit\/opel-plus-keystone\/","og_site_name":"Foyers Cadieux","article_modified_time":"2020-06-08T20:18:18+00:00","og_image":[{"width":2000,"height":1200,"url":"https:\/\/foyerscadieux.com\/wp-content\/uploads\/2020\/06\/RSF-Opel-Plus-Keystone.jpg","type":"image\/jpeg"}],"twitter_card":"summary_large_image","schema":{"@context":"https:\/\/schema.org","@graph":[{"@type":"WebPage","@id":"https:\/\/foyerscadieux.com\/fr\/produit\/opel-plus-keystone\/","url":"https:\/\/foyerscadieux.com\/fr\/produit\/opel-plus-keystone\/","name":"Foyers Cadieux | Bois, Foyers | Opel Plus keystone","isPartOf":{"@id":"https:\/\/foyerscadieux.com\/fr\/#website"},"primaryImageOfPage":{"@id":"https:\/\/foyerscadieux.com\/fr\/produit\/opel-plus-keystone\/#primaryimage"},"image":{"@id":"https:\/\/foyerscadieux.com\/fr\/produit\/opel-plus-keystone\/#primaryimage"},"thumbnailUrl":"https:\/\/foyerscadieux.com\/wp-content\/uploads\/2020\/06\/RSF-Opel-Plus-Keystone.jpg","datePublished":"2020-06-08T20:14:55+00:00","dateModified":"2020-06-08T20:18:18+00:00","description":"Foyers Cadieux | Bois, Foyers | Dernier n\u00e9 de la famille croissante du foyer Opel, le Keystone est le r\u00e9sultat d\u2019un travail de pr\u00e9cision, inspir\u00e9 par la polyvalence et fabriqu\u00e9 dans le","breadcrumb":{"@id":"https:\/\/foyerscadieux.com\/fr\/produit\/opel-plus-keystone\/#breadcrumb"},"inLanguage":"fr-FR","potentialAction":[{"@type":"ReadAction","target":["https:\/\/foyerscadieux.com\/fr\/produit\/opel-plus-keystone\/"]}]},{"@type":"ImageObject","inLanguage":"fr-FR","@id":"https:\/\/foyerscadieux.com\/fr\/produit\/opel-plus-keystone\/#primaryimage","url":"https:\/\/foyerscadieux.com\/wp-content\/uploads\/2020\/06\/RSF-Opel-Plus-Keystone.jpg","contentUrl":"https:\/\/foyerscadieux.com\/wp-content\/uploads\/2020\/06\/RSF-Opel-Plus-Keystone.jpg","width":2000,"height":1200},{"@type":"BreadcrumbList","@id":"https:\/\/foyerscadieux.com\/fr\/produit\/opel-plus-keystone\/#breadcrumb","itemListElement":[{"@type":"ListItem","position":1,"name":"Home","item":"https:\/\/foyerscadieux.com\/fr\/"},{"@type":"ListItem","position":2,"name":"produits","item":"https:\/\/foyerscadieux.com\/fr\/produits\/"},{"@type":"ListItem","position":3,"name":"Opel Plus keystone"}]},{"@type":"WebSite","@id":"https:\/\/foyerscadieux.com\/fr\/#website","url":"https:\/\/foyerscadieux.com\/fr\/","name":"Foyers Cadieux","description":"Foyers Cadieux","potentialAction":[{"@type":"SearchAction","target":{"@type":"EntryPoint","urlTemplate":"https:\/\/foyerscadieux.com\/fr\/?s={search_term_string}"},"query-input":{"@type":"PropertyValueSpecification","valueRequired":true,"valueName":"search_term_string"}}],"inLanguage":"fr-FR"}]}},"brands":[{"id":38,"name":"RSF","slug":"rsf"}],"_links":{"self":[{"href":"https:\/\/foyerscadieux.com\/fr\/wp-json\/wp\/v2\/product\/7677","targetHints":{"allow":["GET"]}}],"collection":[{"href":"https:\/\/foyerscadieux.com\/fr\/wp-json\/wp\/v2\/product"}],"about":[{"href":"https:\/\/foyerscadieux.com\/fr\/wp-json\/wp\/v2\/types\/product"}],"wp:featuredmedia":[{"embeddable":true,"href":"https:\/\/foyerscadieux.com\/fr\/wp-json\/wp\/v2\/media\/7679"}],"wp:attachment":[{"href":"https:\/\/foyerscadieux.com\/fr\/wp-json\/wp\/v2\/media?parent=7677"}],"wp:term":[{"taxonomy":"pwb-brand","embeddable":true,"href":"https:\/\/foyerscadieux.com\/fr\/wp-json\/wp\/v2\/pwb-brand?post=7677"},{"taxonomy":"product_brand","embeddable":true,"href":"https:\/\/foyerscadieux.com\/fr\/wp-json\/wp\/v2\/product_brand?post=7677"},{"taxonomy":"product_cat","embeddable":true,"href":"https:\/\/foyerscadieux.com\/fr\/wp-json\/wp\/v2\/product_cat?post=7677"},{"taxonomy":"product_tag","embeddable":true,"href":"https:\/\/foyerscadieux.com\/fr\/wp-json\/wp\/v2\/product_tag?post=7677"}],"curies":[{"name":"wp","href":"https:\/\/api.w.org\/{rel}","templated":true}]}}