{"id":7683,"date":"2020-06-08T16:20:50","date_gmt":"2020-06-08T20:20:50","guid":{"rendered":"https:\/\/foyerscadieux.com\/?post_type=product&#038;p=7683"},"modified":"2020-06-08T16:24:55","modified_gmt":"2020-06-08T20:24:55","slug":"focus-st","status":"publish","type":"product","link":"https:\/\/foyerscadieux.com\/fr\/produit\/focus-st\/","title":{"rendered":"Focus ST"},"content":{"rendered":"<p style=\"margin: 0px;padding: 0px;border: 0px;font-size: 14px;line-height: inherit;font-family: 'Open Sans', Helvetica, Arial, sans-serif;vertical-align: baseline;color: #252525\">Le Focus ST est un foyer deux faces contemporain \u00e0 haut rendement, qui vous permet de profiter du feu depuis deux pi\u00e8ces s\u00e9par\u00e9es. Chaque c\u00f4t\u00e9 offre une vue sur le feu consid\u00e9rable gr\u00e2ce aux portes vitr\u00e9es.<\/p>\n<p style=\"margin: 1em 0px 0px;padding: 0px;border: 0px;font-size: 14px;line-height: inherit;font-family: 'Open Sans', Helvetica, Arial, sans-serif;vertical-align: baseline;color: #252525\">Le Focus ST, capable de r\u00e9chauffer jusqu&rsquo;\u00e0 1\u00a0000\u00a0pieds carr\u00e9s, est con\u00e7u pour procurer ambiance et confort.<\/p>\n<p style=\"margin: 1em 0px 0px;padding: 0px;border: 0px;font-size: 14px;line-height: inherit;font-family: 'Open Sans', Helvetica, Arial, sans-serif;vertical-align: baseline;color: #252525\">Le Focus ST est exempt\u00e9 de la norme EPA en raison du taux de combustion, mais a \u00e9t\u00e9 certifi\u00e9 par un laboratoire ind\u00e9pendant pour satisfaire les normes de l&rsquo;EPA avec un taux d&rsquo;\u00e9mission de 7,5 g\/h.<\/p>\n","protected":false},"excerpt":{"rendered":"<p>Le Focus ST est un foyer deux faces contemporain \u00e0 haut rendement, qui vous permet de profiter du feu depuis deux pi\u00e8ces s\u00e9par\u00e9es. Chaque c\u00f4t\u00e9 offre une vue sur le feu consid\u00e9rable gr\u00e2ce aux portes vitr\u00e9es. <\/p>\n","protected":false},"featured_media":7685,"template":"","meta":{"_acf_changed":false},"pwb-brand":[38],"product_brand":[],"product_cat":[25,33],"product_tag":[],"class_list":{"0":"post-7683","1":"product","2":"type-product","3":"status-publish","4":"has-post-thumbnail","6":"pwb-brand-rsf","7":"product_cat-bois","8":"product_cat-foyers","10":"first","11":"instock","12":"shipping-taxable","13":"product-type-simple"},"acf":[],"yoast_head":"<!-- This site is optimized with the Yoast SEO plugin v27.2 - https:\/\/yoast.com\/product\/yoast-seo-wordpress\/ -->\n<title>Foyers Cadieux | Bois, Foyers | Focus ST<\/title>\n<meta name=\"description\" content=\"Foyers Cadieux | Bois, Foyers | Le Focus ST est un foyer deux faces contemporain \u00e0 haut rendement, qui vous permet de profiter du feu depuis deux pi\u00e8ces s\u00e9par\u00e9es. Chaque c\u00f4t\u00e9 offre une\" \/>\n<meta name=\"robots\" content=\"index, follow, max-snippet:-1, max-image-preview:large, max-video-preview:-1\" \/>\n<link rel=\"canonical\" href=\"https:\/\/foyerscadieux.com\/fr\/produit\/focus-st\/\" \/>\n<meta property=\"og:locale\" content=\"fr_FR\" \/>\n<meta property=\"og:type\" content=\"article\" \/>\n<meta property=\"og:title\" content=\"Foyers Cadieux | Bois, Foyers | Focus ST\" \/>\n<meta property=\"og:description\" content=\"Foyers Cadieux | Bois, Foyers | Le Focus ST est un foyer deux faces contemporain \u00e0 haut rendement, qui vous permet de profiter du feu depuis deux pi\u00e8ces s\u00e9par\u00e9es. Chaque c\u00f4t\u00e9 offre une\" \/>\n<meta property=\"og:url\" content=\"https:\/\/foyerscadieux.com\/fr\/produit\/focus-st\/\" \/>\n<meta property=\"og:site_name\" content=\"Foyers Cadieux\" \/>\n<meta property=\"article:modified_time\" content=\"2020-06-08T20:24:55+00:00\" \/>\n<meta property=\"og:image\" content=\"https:\/\/foyerscadieux.com\/wp-content\/uploads\/2020\/06\/focus-st.jpg\" \/>\n\t<meta property=\"og:image:width\" content=\"650\" \/>\n\t<meta property=\"og:image:height\" content=\"650\" \/>\n\t<meta property=\"og:image:type\" content=\"image\/jpeg\" \/>\n<meta name=\"twitter:card\" content=\"summary_large_image\" \/>\n<script type=\"application\/ld+json\" class=\"yoast-schema-graph\">{\"@context\":\"https:\/\/schema.org\",\"@graph\":[{\"@type\":\"WebPage\",\"@id\":\"https:\/\/foyerscadieux.com\/fr\/produit\/focus-st\/\",\"url\":\"https:\/\/foyerscadieux.com\/fr\/produit\/focus-st\/\",\"name\":\"Foyers Cadieux | Bois, Foyers | Focus ST\",\"isPartOf\":{\"@id\":\"https:\/\/foyerscadieux.com\/fr\/#website\"},\"primaryImageOfPage\":{\"@id\":\"https:\/\/foyerscadieux.com\/fr\/produit\/focus-st\/#primaryimage\"},\"image\":{\"@id\":\"https:\/\/foyerscadieux.com\/fr\/produit\/focus-st\/#primaryimage\"},\"thumbnailUrl\":\"https:\/\/foyerscadieux.com\/wp-content\/uploads\/2020\/06\/focus-st.jpg\",\"datePublished\":\"2020-06-08T20:20:50+00:00\",\"dateModified\":\"2020-06-08T20:24:55+00:00\",\"description\":\"Foyers Cadieux | Bois, Foyers | Le Focus ST est un foyer deux faces contemporain \u00e0 haut rendement, qui vous permet de profiter du feu depuis deux pi\u00e8ces s\u00e9par\u00e9es. Chaque c\u00f4t\u00e9 offre une\",\"breadcrumb\":{\"@id\":\"https:\/\/foyerscadieux.com\/fr\/produit\/focus-st\/#breadcrumb\"},\"inLanguage\":\"fr-FR\",\"potentialAction\":[{\"@type\":\"ReadAction\",\"target\":[\"https:\/\/foyerscadieux.com\/fr\/produit\/focus-st\/\"]}]},{\"@type\":\"ImageObject\",\"inLanguage\":\"fr-FR\",\"@id\":\"https:\/\/foyerscadieux.com\/fr\/produit\/focus-st\/#primaryimage\",\"url\":\"https:\/\/foyerscadieux.com\/wp-content\/uploads\/2020\/06\/focus-st.jpg\",\"contentUrl\":\"https:\/\/foyerscadieux.com\/wp-content\/uploads\/2020\/06\/focus-st.jpg\",\"width\":650,\"height\":650},{\"@type\":\"BreadcrumbList\",\"@id\":\"https:\/\/foyerscadieux.com\/fr\/produit\/focus-st\/#breadcrumb\",\"itemListElement\":[{\"@type\":\"ListItem\",\"position\":1,\"name\":\"Home\",\"item\":\"https:\/\/foyerscadieux.com\/fr\/\"},{\"@type\":\"ListItem\",\"position\":2,\"name\":\"produits\",\"item\":\"https:\/\/foyerscadieux.com\/fr\/produits\/\"},{\"@type\":\"ListItem\",\"position\":3,\"name\":\"Focus ST\"}]},{\"@type\":\"WebSite\",\"@id\":\"https:\/\/foyerscadieux.com\/fr\/#website\",\"url\":\"https:\/\/foyerscadieux.com\/fr\/\",\"name\":\"Foyers Cadieux\",\"description\":\"Foyers Cadieux\",\"potentialAction\":[{\"@type\":\"SearchAction\",\"target\":{\"@type\":\"EntryPoint\",\"urlTemplate\":\"https:\/\/foyerscadieux.com\/fr\/?s={search_term_string}\"},\"query-input\":{\"@type\":\"PropertyValueSpecification\",\"valueRequired\":true,\"valueName\":\"search_term_string\"}}],\"inLanguage\":\"fr-FR\"}]}<\/script>\n<!-- \/ Yoast SEO plugin. -->","yoast_head_json":{"title":"Foyers Cadieux | Bois, Foyers | Focus ST","description":"Foyers Cadieux | Bois, Foyers | Le Focus ST est un foyer deux faces contemporain \u00e0 haut rendement, qui vous permet de profiter du feu depuis deux pi\u00e8ces s\u00e9par\u00e9es. Chaque c\u00f4t\u00e9 offre une","robots":{"index":"index","follow":"follow","max-snippet":"max-snippet:-1","max-image-preview":"max-image-preview:large","max-video-preview":"max-video-preview:-1"},"canonical":"https:\/\/foyerscadieux.com\/fr\/produit\/focus-st\/","og_locale":"fr_FR","og_type":"article","og_title":"Foyers Cadieux | Bois, Foyers | Focus ST","og_description":"Foyers Cadieux | Bois, Foyers | Le Focus ST est un foyer deux faces contemporain \u00e0 haut rendement, qui vous permet de profiter du feu depuis deux pi\u00e8ces s\u00e9par\u00e9es. Chaque c\u00f4t\u00e9 offre une","og_url":"https:\/\/foyerscadieux.com\/fr\/produit\/focus-st\/","og_site_name":"Foyers Cadieux","article_modified_time":"2020-06-08T20:24:55+00:00","og_image":[{"width":650,"height":650,"url":"https:\/\/foyerscadieux.com\/wp-content\/uploads\/2020\/06\/focus-st.jpg","type":"image\/jpeg"}],"twitter_card":"summary_large_image","schema":{"@context":"https:\/\/schema.org","@graph":[{"@type":"WebPage","@id":"https:\/\/foyerscadieux.com\/fr\/produit\/focus-st\/","url":"https:\/\/foyerscadieux.com\/fr\/produit\/focus-st\/","name":"Foyers Cadieux | Bois, Foyers | Focus ST","isPartOf":{"@id":"https:\/\/foyerscadieux.com\/fr\/#website"},"primaryImageOfPage":{"@id":"https:\/\/foyerscadieux.com\/fr\/produit\/focus-st\/#primaryimage"},"image":{"@id":"https:\/\/foyerscadieux.com\/fr\/produit\/focus-st\/#primaryimage"},"thumbnailUrl":"https:\/\/foyerscadieux.com\/wp-content\/uploads\/2020\/06\/focus-st.jpg","datePublished":"2020-06-08T20:20:50+00:00","dateModified":"2020-06-08T20:24:55+00:00","description":"Foyers Cadieux | Bois, Foyers | Le Focus ST est un foyer deux faces contemporain \u00e0 haut rendement, qui vous permet de profiter du feu depuis deux pi\u00e8ces s\u00e9par\u00e9es. Chaque c\u00f4t\u00e9 offre une","breadcrumb":{"@id":"https:\/\/foyerscadieux.com\/fr\/produit\/focus-st\/#breadcrumb"},"inLanguage":"fr-FR","potentialAction":[{"@type":"ReadAction","target":["https:\/\/foyerscadieux.com\/fr\/produit\/focus-st\/"]}]},{"@type":"ImageObject","inLanguage":"fr-FR","@id":"https:\/\/foyerscadieux.com\/fr\/produit\/focus-st\/#primaryimage","url":"https:\/\/foyerscadieux.com\/wp-content\/uploads\/2020\/06\/focus-st.jpg","contentUrl":"https:\/\/foyerscadieux.com\/wp-content\/uploads\/2020\/06\/focus-st.jpg","width":650,"height":650},{"@type":"BreadcrumbList","@id":"https:\/\/foyerscadieux.com\/fr\/produit\/focus-st\/#breadcrumb","itemListElement":[{"@type":"ListItem","position":1,"name":"Home","item":"https:\/\/foyerscadieux.com\/fr\/"},{"@type":"ListItem","position":2,"name":"produits","item":"https:\/\/foyerscadieux.com\/fr\/produits\/"},{"@type":"ListItem","position":3,"name":"Focus ST"}]},{"@type":"WebSite","@id":"https:\/\/foyerscadieux.com\/fr\/#website","url":"https:\/\/foyerscadieux.com\/fr\/","name":"Foyers Cadieux","description":"Foyers Cadieux","potentialAction":[{"@type":"SearchAction","target":{"@type":"EntryPoint","urlTemplate":"https:\/\/foyerscadieux.com\/fr\/?s={search_term_string}"},"query-input":{"@type":"PropertyValueSpecification","valueRequired":true,"valueName":"search_term_string"}}],"inLanguage":"fr-FR"}]}},"brands":[{"id":38,"name":"RSF","slug":"rsf"}],"_links":{"self":[{"href":"https:\/\/foyerscadieux.com\/fr\/wp-json\/wp\/v2\/product\/7683","targetHints":{"allow":["GET"]}}],"collection":[{"href":"https:\/\/foyerscadieux.com\/fr\/wp-json\/wp\/v2\/product"}],"about":[{"href":"https:\/\/foyerscadieux.com\/fr\/wp-json\/wp\/v2\/types\/product"}],"wp:featuredmedia":[{"embeddable":true,"href":"https:\/\/foyerscadieux.com\/fr\/wp-json\/wp\/v2\/media\/7685"}],"wp:attachment":[{"href":"https:\/\/foyerscadieux.com\/fr\/wp-json\/wp\/v2\/media?parent=7683"}],"wp:term":[{"taxonomy":"pwb-brand","embeddable":true,"href":"https:\/\/foyerscadieux.com\/fr\/wp-json\/wp\/v2\/pwb-brand?post=7683"},{"taxonomy":"product_brand","embeddable":true,"href":"https:\/\/foyerscadieux.com\/fr\/wp-json\/wp\/v2\/product_brand?post=7683"},{"taxonomy":"product_cat","embeddable":true,"href":"https:\/\/foyerscadieux.com\/fr\/wp-json\/wp\/v2\/product_cat?post=7683"},{"taxonomy":"product_tag","embeddable":true,"href":"https:\/\/foyerscadieux.com\/fr\/wp-json\/wp\/v2\/product_tag?post=7683"}],"curies":[{"name":"wp","href":"https:\/\/api.w.org\/{rel}","templated":true}]}}