{"id":7687,"date":"2020-06-08T16:27:11","date_gmt":"2020-06-08T20:27:11","guid":{"rendered":"https:\/\/foyerscadieux.com\/?post_type=product&#038;p=7687"},"modified":"2020-06-08T16:31:20","modified_gmt":"2020-06-08T20:31:20","slug":"uptown-600","status":"publish","type":"product","link":"https:\/\/foyerscadieux.com\/fr\/produit\/uptown-600\/","title":{"rendered":"Uptown 600"},"content":{"rendered":"<p style=\"margin: 0px;padding: 0px;border: 0px;font-size: 14px;line-height: inherit;font-family: 'Open Sans', Helvetica, Arial, sans-serif;vertical-align: baseline;color: #252525\">Le mod\u00e8le Uptown vous offre le cachet d\u2019une conception \u00e9pur\u00e9e, la polyvalence d\u2019un appareil \u00e0 dimensions mod\u00e9r\u00e9es et ainsi d\u2019innombrables styles d&rsquo;expression.<\/p>\n<p style=\"margin: 1em 0px 0px;padding: 0px;border: 0px;font-size: 14px;line-height: inherit;font-family: 'Open Sans', Helvetica, Arial, sans-serif;vertical-align: baseline;color: #252525\">\u00a0<\/p>\n<p style=\"margin: 1em 0px 0px;padding: 0px;border: 0px;font-size: 14px;line-height: inherit;font-family: 'Open Sans', Helvetica, Arial, sans-serif;vertical-align: baseline;color: #252525\">Mont\u00e9s sur des rails verticaux, la porte guillotine et le pare-\u00e9tincelles int\u00e9gr\u00e9s glissent ais\u00e9ment gr\u00e2ce \u00e0 un dispositif de roulement \u00e0 double contrepoids. Le syst\u00e8me d\u2019inclinaison avant de la porte et du pare-\u00e9tincelles fournit cette m\u00eame fluidit\u00e9 de mouvement facilitant ainsi le nettoyage et l\u2019entretien. Ensemble, les syst\u00e8mes de guillotine et d\u2019inclinaison simplifient le chargement, le fonctionnement et l\u2019entretien de l\u2019appareil. Il ne reste qu\u2019\u00e0 admirer en toute s\u00e9curit\u00e9 les flammes splendides ondoyant derri\u00e8re 600 po2 de verre.\u00a0 \u00a0 \u00a0<\/p>\n","protected":false},"excerpt":{"rendered":"<p>Le mod\u00e8le Uptown vous offre le cachet d\u2019une conception \u00e9pur\u00e9e, la polyvalence d\u2019un appareil \u00e0 dimensions mod\u00e9r\u00e9es et ainsi d\u2019innombrables styles d&rsquo;expression. \u00a0 Mont\u00e9s sur des rails verticaux, la porte guillotine et le pare-\u00e9tincelles int\u00e9gr\u00e9s glissent ais\u00e9ment gr\u00e2ce \u00e0 un dispositif de roulement \u00e0 double contrepoids. <\/p>\n","protected":false},"featured_media":7689,"template":"","meta":{"_acf_changed":false},"pwb-brand":[54],"product_brand":[],"product_cat":[25,33],"product_tag":[],"class_list":{"0":"post-7687","1":"product","2":"type-product","3":"status-publish","4":"has-post-thumbnail","6":"pwb-brand-renaissances","7":"product_cat-bois","8":"product_cat-foyers","10":"first","11":"instock","12":"shipping-taxable","13":"product-type-simple"},"acf":[],"yoast_head":"<!-- This site is optimized with the Yoast SEO plugin v27.2 - https:\/\/yoast.com\/product\/yoast-seo-wordpress\/ -->\n<title>Foyers Cadieux | Bois, Foyers | Uptown 600<\/title>\n<meta name=\"description\" content=\"Foyers Cadieux | Bois, Foyers | Le mod\u00e8le Uptown vous offre le cachet d\u2019une conception \u00e9pur\u00e9e, la polyvalence d\u2019un appareil \u00e0 dimensions mod\u00e9r\u00e9es et ainsi d\u2019innombrables styles\" \/>\n<meta name=\"robots\" content=\"index, follow, max-snippet:-1, max-image-preview:large, max-video-preview:-1\" \/>\n<link rel=\"canonical\" href=\"https:\/\/foyerscadieux.com\/fr\/produit\/uptown-600\/\" \/>\n<meta property=\"og:locale\" content=\"fr_FR\" \/>\n<meta property=\"og:type\" content=\"article\" \/>\n<meta property=\"og:title\" content=\"Foyers Cadieux | Bois, Foyers | Uptown 600\" \/>\n<meta property=\"og:description\" content=\"Foyers Cadieux | Bois, Foyers | Le mod\u00e8le Uptown vous offre le cachet d\u2019une conception \u00e9pur\u00e9e, la polyvalence d\u2019un appareil \u00e0 dimensions mod\u00e9r\u00e9es et ainsi d\u2019innombrables styles\" \/>\n<meta property=\"og:url\" content=\"https:\/\/foyerscadieux.com\/fr\/produit\/uptown-600\/\" \/>\n<meta property=\"og:site_name\" content=\"Foyers Cadieux\" \/>\n<meta property=\"article:modified_time\" content=\"2020-06-08T20:31:20+00:00\" \/>\n<meta property=\"og:image\" content=\"https:\/\/foyerscadieux.com\/wp-content\/uploads\/2020\/06\/The-Uptown-600.jpg\" \/>\n\t<meta property=\"og:image:width\" content=\"610\" \/>\n\t<meta property=\"og:image:height\" content=\"339\" \/>\n\t<meta property=\"og:image:type\" content=\"image\/jpeg\" \/>\n<meta name=\"twitter:card\" content=\"summary_large_image\" \/>\n<meta name=\"twitter:label1\" content=\"Dur\u00e9e de lecture estim\u00e9e\" \/>\n\t<meta name=\"twitter:data1\" content=\"1 minute\" \/>\n<script type=\"application\/ld+json\" class=\"yoast-schema-graph\">{\"@context\":\"https:\/\/schema.org\",\"@graph\":[{\"@type\":\"WebPage\",\"@id\":\"https:\/\/foyerscadieux.com\/fr\/produit\/uptown-600\/\",\"url\":\"https:\/\/foyerscadieux.com\/fr\/produit\/uptown-600\/\",\"name\":\"Foyers Cadieux | Bois, Foyers | Uptown 600\",\"isPartOf\":{\"@id\":\"https:\/\/foyerscadieux.com\/fr\/#website\"},\"primaryImageOfPage\":{\"@id\":\"https:\/\/foyerscadieux.com\/fr\/produit\/uptown-600\/#primaryimage\"},\"image\":{\"@id\":\"https:\/\/foyerscadieux.com\/fr\/produit\/uptown-600\/#primaryimage\"},\"thumbnailUrl\":\"https:\/\/foyerscadieux.com\/wp-content\/uploads\/2020\/06\/The-Uptown-600.jpg\",\"datePublished\":\"2020-06-08T20:27:11+00:00\",\"dateModified\":\"2020-06-08T20:31:20+00:00\",\"description\":\"Foyers Cadieux | Bois, Foyers | Le mod\u00e8le Uptown vous offre le cachet d\u2019une conception \u00e9pur\u00e9e, la polyvalence d\u2019un appareil \u00e0 dimensions mod\u00e9r\u00e9es et ainsi d\u2019innombrables styles\",\"breadcrumb\":{\"@id\":\"https:\/\/foyerscadieux.com\/fr\/produit\/uptown-600\/#breadcrumb\"},\"inLanguage\":\"fr-FR\",\"potentialAction\":[{\"@type\":\"ReadAction\",\"target\":[\"https:\/\/foyerscadieux.com\/fr\/produit\/uptown-600\/\"]}]},{\"@type\":\"ImageObject\",\"inLanguage\":\"fr-FR\",\"@id\":\"https:\/\/foyerscadieux.com\/fr\/produit\/uptown-600\/#primaryimage\",\"url\":\"https:\/\/foyerscadieux.com\/wp-content\/uploads\/2020\/06\/The-Uptown-600.jpg\",\"contentUrl\":\"https:\/\/foyerscadieux.com\/wp-content\/uploads\/2020\/06\/The-Uptown-600.jpg\",\"width\":610,\"height\":339},{\"@type\":\"BreadcrumbList\",\"@id\":\"https:\/\/foyerscadieux.com\/fr\/produit\/uptown-600\/#breadcrumb\",\"itemListElement\":[{\"@type\":\"ListItem\",\"position\":1,\"name\":\"Home\",\"item\":\"https:\/\/foyerscadieux.com\/fr\/\"},{\"@type\":\"ListItem\",\"position\":2,\"name\":\"produits\",\"item\":\"https:\/\/foyerscadieux.com\/fr\/produits\/\"},{\"@type\":\"ListItem\",\"position\":3,\"name\":\"Uptown 600\"}]},{\"@type\":\"WebSite\",\"@id\":\"https:\/\/foyerscadieux.com\/fr\/#website\",\"url\":\"https:\/\/foyerscadieux.com\/fr\/\",\"name\":\"Foyers Cadieux\",\"description\":\"Foyers Cadieux\",\"potentialAction\":[{\"@type\":\"SearchAction\",\"target\":{\"@type\":\"EntryPoint\",\"urlTemplate\":\"https:\/\/foyerscadieux.com\/fr\/?s={search_term_string}\"},\"query-input\":{\"@type\":\"PropertyValueSpecification\",\"valueRequired\":true,\"valueName\":\"search_term_string\"}}],\"inLanguage\":\"fr-FR\"}]}<\/script>\n<!-- \/ Yoast SEO plugin. -->","yoast_head_json":{"title":"Foyers Cadieux | Bois, Foyers | Uptown 600","description":"Foyers Cadieux | Bois, Foyers | Le mod\u00e8le Uptown vous offre le cachet d\u2019une conception \u00e9pur\u00e9e, la polyvalence d\u2019un appareil \u00e0 dimensions mod\u00e9r\u00e9es et ainsi d\u2019innombrables styles","robots":{"index":"index","follow":"follow","max-snippet":"max-snippet:-1","max-image-preview":"max-image-preview:large","max-video-preview":"max-video-preview:-1"},"canonical":"https:\/\/foyerscadieux.com\/fr\/produit\/uptown-600\/","og_locale":"fr_FR","og_type":"article","og_title":"Foyers Cadieux | Bois, Foyers | Uptown 600","og_description":"Foyers Cadieux | Bois, Foyers | Le mod\u00e8le Uptown vous offre le cachet d\u2019une conception \u00e9pur\u00e9e, la polyvalence d\u2019un appareil \u00e0 dimensions mod\u00e9r\u00e9es et ainsi d\u2019innombrables styles","og_url":"https:\/\/foyerscadieux.com\/fr\/produit\/uptown-600\/","og_site_name":"Foyers Cadieux","article_modified_time":"2020-06-08T20:31:20+00:00","og_image":[{"width":610,"height":339,"url":"https:\/\/foyerscadieux.com\/wp-content\/uploads\/2020\/06\/The-Uptown-600.jpg","type":"image\/jpeg"}],"twitter_card":"summary_large_image","twitter_misc":{"Dur\u00e9e de lecture estim\u00e9e":"1 minute"},"schema":{"@context":"https:\/\/schema.org","@graph":[{"@type":"WebPage","@id":"https:\/\/foyerscadieux.com\/fr\/produit\/uptown-600\/","url":"https:\/\/foyerscadieux.com\/fr\/produit\/uptown-600\/","name":"Foyers Cadieux | Bois, Foyers | Uptown 600","isPartOf":{"@id":"https:\/\/foyerscadieux.com\/fr\/#website"},"primaryImageOfPage":{"@id":"https:\/\/foyerscadieux.com\/fr\/produit\/uptown-600\/#primaryimage"},"image":{"@id":"https:\/\/foyerscadieux.com\/fr\/produit\/uptown-600\/#primaryimage"},"thumbnailUrl":"https:\/\/foyerscadieux.com\/wp-content\/uploads\/2020\/06\/The-Uptown-600.jpg","datePublished":"2020-06-08T20:27:11+00:00","dateModified":"2020-06-08T20:31:20+00:00","description":"Foyers Cadieux | Bois, Foyers | Le mod\u00e8le Uptown vous offre le cachet d\u2019une conception \u00e9pur\u00e9e, la polyvalence d\u2019un appareil \u00e0 dimensions mod\u00e9r\u00e9es et ainsi d\u2019innombrables styles","breadcrumb":{"@id":"https:\/\/foyerscadieux.com\/fr\/produit\/uptown-600\/#breadcrumb"},"inLanguage":"fr-FR","potentialAction":[{"@type":"ReadAction","target":["https:\/\/foyerscadieux.com\/fr\/produit\/uptown-600\/"]}]},{"@type":"ImageObject","inLanguage":"fr-FR","@id":"https:\/\/foyerscadieux.com\/fr\/produit\/uptown-600\/#primaryimage","url":"https:\/\/foyerscadieux.com\/wp-content\/uploads\/2020\/06\/The-Uptown-600.jpg","contentUrl":"https:\/\/foyerscadieux.com\/wp-content\/uploads\/2020\/06\/The-Uptown-600.jpg","width":610,"height":339},{"@type":"BreadcrumbList","@id":"https:\/\/foyerscadieux.com\/fr\/produit\/uptown-600\/#breadcrumb","itemListElement":[{"@type":"ListItem","position":1,"name":"Home","item":"https:\/\/foyerscadieux.com\/fr\/"},{"@type":"ListItem","position":2,"name":"produits","item":"https:\/\/foyerscadieux.com\/fr\/produits\/"},{"@type":"ListItem","position":3,"name":"Uptown 600"}]},{"@type":"WebSite","@id":"https:\/\/foyerscadieux.com\/fr\/#website","url":"https:\/\/foyerscadieux.com\/fr\/","name":"Foyers Cadieux","description":"Foyers Cadieux","potentialAction":[{"@type":"SearchAction","target":{"@type":"EntryPoint","urlTemplate":"https:\/\/foyerscadieux.com\/fr\/?s={search_term_string}"},"query-input":{"@type":"PropertyValueSpecification","valueRequired":true,"valueName":"search_term_string"}}],"inLanguage":"fr-FR"}]}},"brands":[{"id":54,"name":"Renaissances","slug":"renaissances"}],"_links":{"self":[{"href":"https:\/\/foyerscadieux.com\/fr\/wp-json\/wp\/v2\/product\/7687","targetHints":{"allow":["GET"]}}],"collection":[{"href":"https:\/\/foyerscadieux.com\/fr\/wp-json\/wp\/v2\/product"}],"about":[{"href":"https:\/\/foyerscadieux.com\/fr\/wp-json\/wp\/v2\/types\/product"}],"wp:featuredmedia":[{"embeddable":true,"href":"https:\/\/foyerscadieux.com\/fr\/wp-json\/wp\/v2\/media\/7689"}],"wp:attachment":[{"href":"https:\/\/foyerscadieux.com\/fr\/wp-json\/wp\/v2\/media?parent=7687"}],"wp:term":[{"taxonomy":"pwb-brand","embeddable":true,"href":"https:\/\/foyerscadieux.com\/fr\/wp-json\/wp\/v2\/pwb-brand?post=7687"},{"taxonomy":"product_brand","embeddable":true,"href":"https:\/\/foyerscadieux.com\/fr\/wp-json\/wp\/v2\/product_brand?post=7687"},{"taxonomy":"product_cat","embeddable":true,"href":"https:\/\/foyerscadieux.com\/fr\/wp-json\/wp\/v2\/product_cat?post=7687"},{"taxonomy":"product_tag","embeddable":true,"href":"https:\/\/foyerscadieux.com\/fr\/wp-json\/wp\/v2\/product_tag?post=7687"}],"curies":[{"name":"wp","href":"https:\/\/api.w.org\/{rel}","templated":true}]}}