{"id":7691,"date":"2020-06-08T16:33:01","date_gmt":"2020-06-08T20:33:01","guid":{"rendered":"https:\/\/foyerscadieux.com\/?post_type=product&#038;p=7691"},"modified":"2020-06-08T16:45:56","modified_gmt":"2020-06-08T20:45:56","slug":"lineaire-sp","status":"publish","type":"product","link":"https:\/\/foyerscadieux.com\/fr\/produit\/lineaire-sp\/","title":{"rendered":"Lin\u00e9aire SP"},"content":{"rendered":"<p><span style=\"color: #252525;font-family: 'Open Sans', Helvetica, Arial, sans-serif;font-size: 14px\">Contrairement \u00e0 notre foyer Lin\u00e9aire 50, dot\u00e9 d\u2019une porte guillotine vitr\u00e9e, la vitre du Lin\u00e9aire SP est divis\u00e9e en trois panneaux de verre finement fabriqu\u00e9, log\u00e9s dans un linteau en acier \u00bc po, qui fait saillie de 3 po. Un panneau fixe est dispos\u00e9 de chaque c\u00f4t\u00e9 d\u2019une porte centrale qui s\u2019ouvre discr\u00e8tement gr\u00e2ce \u00e0 une charni\u00e8re dissimul\u00e9e. Normalement, un foyer muni d\u2019une aussi grande vue sur le feu requiert une chemin\u00e9e de 10 po, mais ce foyer a un secret bien gard\u00e9 : il peut \u00eatre install\u00e9 avec une chemin\u00e9e 36% plus petite.Tout comme une quantit\u00e9 d\u2019eau excessive d\u00e9borde d\u2019un enton-noir, la fum\u00e9e refoule d\u2019une chemin\u00e9e trop petite. La conception ing\u00e9nieuse de la porte offre une solution au probl\u00e8me caract\u00e9ristique des foyers \u00e0 grande ouverture qui requi\u00e8rent une chemin\u00e9e d\u2019un plus gros diam\u00e8tre pour bien fonctionner. Le foyer Lin\u00e9aire SP offre la vue sur le feu d\u2019un foyer \u00e0 grande ouverture, tout en \u00e9tant dot\u00e9 d\u2019une porte de la dimension de celle d\u2019un po\u00eale \u00e0 bois.<\/span><\/p>\n","protected":false},"excerpt":{"rendered":"<p>Contrairement \u00e0 notre foyer Lin\u00e9aire 50, dot\u00e9 d\u2019une porte guillotine vitr\u00e9e, la vitre du Lin\u00e9aire SP est divis\u00e9e en trois panneaux de verre finement fabriqu\u00e9, log\u00e9s dans un linteau en acier \u00bc po, qui fait saillie de 3 po. <\/p>\n","protected":false},"featured_media":7693,"template":"","meta":{"_acf_changed":false},"pwb-brand":[54],"product_brand":[],"product_cat":[25,33],"product_tag":[],"class_list":{"0":"post-7691","1":"product","2":"type-product","3":"status-publish","4":"has-post-thumbnail","6":"pwb-brand-renaissances","7":"product_cat-bois","8":"product_cat-foyers","10":"first","11":"instock","12":"shipping-taxable","13":"product-type-simple"},"acf":[],"yoast_head":"<!-- This site is optimized with the Yoast SEO plugin v27.2 - https:\/\/yoast.com\/product\/yoast-seo-wordpress\/ -->\n<title>Foyers Cadieux | Bois, Foyers | Lin\u00e9aire SP<\/title>\n<meta name=\"description\" content=\"Foyers Cadieux | Bois, Foyers | Contrairement \u00e0 notre foyer Lin\u00e9aire 50, dot\u00e9 d\u2019une porte guillotine vitr\u00e9e, la vitre du Lin\u00e9aire SP est divis\u00e9e en trois panneaux de verre finement\" \/>\n<meta name=\"robots\" content=\"index, follow, max-snippet:-1, max-image-preview:large, max-video-preview:-1\" \/>\n<link rel=\"canonical\" href=\"https:\/\/foyerscadieux.com\/fr\/produit\/lineaire-sp\/\" \/>\n<meta property=\"og:locale\" content=\"fr_FR\" \/>\n<meta property=\"og:type\" content=\"article\" \/>\n<meta property=\"og:title\" content=\"Foyers Cadieux | Bois, Foyers | Lin\u00e9aire SP\" \/>\n<meta property=\"og:description\" content=\"Foyers Cadieux | Bois, Foyers | Contrairement \u00e0 notre foyer Lin\u00e9aire 50, dot\u00e9 d\u2019une porte guillotine vitr\u00e9e, la vitre du Lin\u00e9aire SP est divis\u00e9e en trois panneaux de verre finement\" \/>\n<meta property=\"og:url\" content=\"https:\/\/foyerscadieux.com\/fr\/produit\/lineaire-sp\/\" \/>\n<meta property=\"og:site_name\" content=\"Foyers Cadieux\" \/>\n<meta property=\"article:modified_time\" content=\"2020-06-08T20:45:56+00:00\" \/>\n<meta property=\"og:image\" content=\"https:\/\/foyerscadieux.com\/wp-content\/uploads\/2020\/06\/Linear-Split-Pane-600x255.jpg\" \/>\n\t<meta property=\"og:image:width\" content=\"600\" \/>\n\t<meta property=\"og:image:height\" content=\"255\" \/>\n\t<meta property=\"og:image:type\" content=\"image\/jpeg\" \/>\n<meta name=\"twitter:card\" content=\"summary_large_image\" \/>\n<meta name=\"twitter:label1\" content=\"Dur\u00e9e de lecture estim\u00e9e\" \/>\n\t<meta name=\"twitter:data1\" content=\"1 minute\" \/>\n<script type=\"application\/ld+json\" class=\"yoast-schema-graph\">{\"@context\":\"https:\/\/schema.org\",\"@graph\":[{\"@type\":\"WebPage\",\"@id\":\"https:\/\/foyerscadieux.com\/fr\/produit\/lineaire-sp\/\",\"url\":\"https:\/\/foyerscadieux.com\/fr\/produit\/lineaire-sp\/\",\"name\":\"Foyers Cadieux | Bois, Foyers | Lin\u00e9aire SP\",\"isPartOf\":{\"@id\":\"https:\/\/foyerscadieux.com\/fr\/#website\"},\"primaryImageOfPage\":{\"@id\":\"https:\/\/foyerscadieux.com\/fr\/produit\/lineaire-sp\/#primaryimage\"},\"image\":{\"@id\":\"https:\/\/foyerscadieux.com\/fr\/produit\/lineaire-sp\/#primaryimage\"},\"thumbnailUrl\":\"https:\/\/foyerscadieux.com\/wp-content\/uploads\/2020\/06\/Linear-Split-Pane-600x255.jpg\",\"datePublished\":\"2020-06-08T20:33:01+00:00\",\"dateModified\":\"2020-06-08T20:45:56+00:00\",\"description\":\"Foyers Cadieux | Bois, Foyers | Contrairement \u00e0 notre foyer Lin\u00e9aire 50, dot\u00e9 d\u2019une porte guillotine vitr\u00e9e, la vitre du Lin\u00e9aire SP est divis\u00e9e en trois panneaux de verre finement\",\"breadcrumb\":{\"@id\":\"https:\/\/foyerscadieux.com\/fr\/produit\/lineaire-sp\/#breadcrumb\"},\"inLanguage\":\"fr-FR\",\"potentialAction\":[{\"@type\":\"ReadAction\",\"target\":[\"https:\/\/foyerscadieux.com\/fr\/produit\/lineaire-sp\/\"]}]},{\"@type\":\"ImageObject\",\"inLanguage\":\"fr-FR\",\"@id\":\"https:\/\/foyerscadieux.com\/fr\/produit\/lineaire-sp\/#primaryimage\",\"url\":\"https:\/\/foyerscadieux.com\/wp-content\/uploads\/2020\/06\/Linear-Split-Pane-600x255.jpg\",\"contentUrl\":\"https:\/\/foyerscadieux.com\/wp-content\/uploads\/2020\/06\/Linear-Split-Pane-600x255.jpg\",\"width\":600,\"height\":255},{\"@type\":\"BreadcrumbList\",\"@id\":\"https:\/\/foyerscadieux.com\/fr\/produit\/lineaire-sp\/#breadcrumb\",\"itemListElement\":[{\"@type\":\"ListItem\",\"position\":1,\"name\":\"Home\",\"item\":\"https:\/\/foyerscadieux.com\/fr\/\"},{\"@type\":\"ListItem\",\"position\":2,\"name\":\"produits\",\"item\":\"https:\/\/foyerscadieux.com\/fr\/produits\/\"},{\"@type\":\"ListItem\",\"position\":3,\"name\":\"Lin\u00e9aire SP\"}]},{\"@type\":\"WebSite\",\"@id\":\"https:\/\/foyerscadieux.com\/fr\/#website\",\"url\":\"https:\/\/foyerscadieux.com\/fr\/\",\"name\":\"Foyers Cadieux\",\"description\":\"Foyers Cadieux\",\"potentialAction\":[{\"@type\":\"SearchAction\",\"target\":{\"@type\":\"EntryPoint\",\"urlTemplate\":\"https:\/\/foyerscadieux.com\/fr\/?s={search_term_string}\"},\"query-input\":{\"@type\":\"PropertyValueSpecification\",\"valueRequired\":true,\"valueName\":\"search_term_string\"}}],\"inLanguage\":\"fr-FR\"}]}<\/script>\n<!-- \/ Yoast SEO plugin. -->","yoast_head_json":{"title":"Foyers Cadieux | Bois, Foyers | Lin\u00e9aire SP","description":"Foyers Cadieux | Bois, Foyers | Contrairement \u00e0 notre foyer Lin\u00e9aire 50, dot\u00e9 d\u2019une porte guillotine vitr\u00e9e, la vitre du Lin\u00e9aire SP est divis\u00e9e en trois panneaux de verre finement","robots":{"index":"index","follow":"follow","max-snippet":"max-snippet:-1","max-image-preview":"max-image-preview:large","max-video-preview":"max-video-preview:-1"},"canonical":"https:\/\/foyerscadieux.com\/fr\/produit\/lineaire-sp\/","og_locale":"fr_FR","og_type":"article","og_title":"Foyers Cadieux | Bois, Foyers | Lin\u00e9aire SP","og_description":"Foyers Cadieux | Bois, Foyers | Contrairement \u00e0 notre foyer Lin\u00e9aire 50, dot\u00e9 d\u2019une porte guillotine vitr\u00e9e, la vitre du Lin\u00e9aire SP est divis\u00e9e en trois panneaux de verre finement","og_url":"https:\/\/foyerscadieux.com\/fr\/produit\/lineaire-sp\/","og_site_name":"Foyers Cadieux","article_modified_time":"2020-06-08T20:45:56+00:00","og_image":[{"width":600,"height":255,"url":"https:\/\/foyerscadieux.com\/wp-content\/uploads\/2020\/06\/Linear-Split-Pane-600x255.jpg","type":"image\/jpeg"}],"twitter_card":"summary_large_image","twitter_misc":{"Dur\u00e9e de lecture estim\u00e9e":"1 minute"},"schema":{"@context":"https:\/\/schema.org","@graph":[{"@type":"WebPage","@id":"https:\/\/foyerscadieux.com\/fr\/produit\/lineaire-sp\/","url":"https:\/\/foyerscadieux.com\/fr\/produit\/lineaire-sp\/","name":"Foyers Cadieux | Bois, Foyers | Lin\u00e9aire SP","isPartOf":{"@id":"https:\/\/foyerscadieux.com\/fr\/#website"},"primaryImageOfPage":{"@id":"https:\/\/foyerscadieux.com\/fr\/produit\/lineaire-sp\/#primaryimage"},"image":{"@id":"https:\/\/foyerscadieux.com\/fr\/produit\/lineaire-sp\/#primaryimage"},"thumbnailUrl":"https:\/\/foyerscadieux.com\/wp-content\/uploads\/2020\/06\/Linear-Split-Pane-600x255.jpg","datePublished":"2020-06-08T20:33:01+00:00","dateModified":"2020-06-08T20:45:56+00:00","description":"Foyers Cadieux | Bois, Foyers | Contrairement \u00e0 notre foyer Lin\u00e9aire 50, dot\u00e9 d\u2019une porte guillotine vitr\u00e9e, la vitre du Lin\u00e9aire SP est divis\u00e9e en trois panneaux de verre finement","breadcrumb":{"@id":"https:\/\/foyerscadieux.com\/fr\/produit\/lineaire-sp\/#breadcrumb"},"inLanguage":"fr-FR","potentialAction":[{"@type":"ReadAction","target":["https:\/\/foyerscadieux.com\/fr\/produit\/lineaire-sp\/"]}]},{"@type":"ImageObject","inLanguage":"fr-FR","@id":"https:\/\/foyerscadieux.com\/fr\/produit\/lineaire-sp\/#primaryimage","url":"https:\/\/foyerscadieux.com\/wp-content\/uploads\/2020\/06\/Linear-Split-Pane-600x255.jpg","contentUrl":"https:\/\/foyerscadieux.com\/wp-content\/uploads\/2020\/06\/Linear-Split-Pane-600x255.jpg","width":600,"height":255},{"@type":"BreadcrumbList","@id":"https:\/\/foyerscadieux.com\/fr\/produit\/lineaire-sp\/#breadcrumb","itemListElement":[{"@type":"ListItem","position":1,"name":"Home","item":"https:\/\/foyerscadieux.com\/fr\/"},{"@type":"ListItem","position":2,"name":"produits","item":"https:\/\/foyerscadieux.com\/fr\/produits\/"},{"@type":"ListItem","position":3,"name":"Lin\u00e9aire SP"}]},{"@type":"WebSite","@id":"https:\/\/foyerscadieux.com\/fr\/#website","url":"https:\/\/foyerscadieux.com\/fr\/","name":"Foyers Cadieux","description":"Foyers Cadieux","potentialAction":[{"@type":"SearchAction","target":{"@type":"EntryPoint","urlTemplate":"https:\/\/foyerscadieux.com\/fr\/?s={search_term_string}"},"query-input":{"@type":"PropertyValueSpecification","valueRequired":true,"valueName":"search_term_string"}}],"inLanguage":"fr-FR"}]}},"brands":[{"id":54,"name":"Renaissances","slug":"renaissances"}],"_links":{"self":[{"href":"https:\/\/foyerscadieux.com\/fr\/wp-json\/wp\/v2\/product\/7691","targetHints":{"allow":["GET"]}}],"collection":[{"href":"https:\/\/foyerscadieux.com\/fr\/wp-json\/wp\/v2\/product"}],"about":[{"href":"https:\/\/foyerscadieux.com\/fr\/wp-json\/wp\/v2\/types\/product"}],"wp:featuredmedia":[{"embeddable":true,"href":"https:\/\/foyerscadieux.com\/fr\/wp-json\/wp\/v2\/media\/7693"}],"wp:attachment":[{"href":"https:\/\/foyerscadieux.com\/fr\/wp-json\/wp\/v2\/media?parent=7691"}],"wp:term":[{"taxonomy":"pwb-brand","embeddable":true,"href":"https:\/\/foyerscadieux.com\/fr\/wp-json\/wp\/v2\/pwb-brand?post=7691"},{"taxonomy":"product_brand","embeddable":true,"href":"https:\/\/foyerscadieux.com\/fr\/wp-json\/wp\/v2\/product_brand?post=7691"},{"taxonomy":"product_cat","embeddable":true,"href":"https:\/\/foyerscadieux.com\/fr\/wp-json\/wp\/v2\/product_cat?post=7691"},{"taxonomy":"product_tag","embeddable":true,"href":"https:\/\/foyerscadieux.com\/fr\/wp-json\/wp\/v2\/product_tag?post=7691"}],"curies":[{"name":"wp","href":"https:\/\/api.w.org\/{rel}","templated":true}]}}