{"id":7695,"date":"2020-06-08T16:49:01","date_gmt":"2020-06-08T20:49:01","guid":{"rendered":"https:\/\/foyerscadieux.com\/?post_type=product&#038;p=7695"},"modified":"2020-06-08T17:01:04","modified_gmt":"2020-06-08T21:01:04","slug":"alterra","status":"publish","type":"product","link":"https:\/\/foyerscadieux.com\/fr\/produit\/alterra\/","title":{"rendered":"Alterra"},"content":{"rendered":"<p><span style=\"font-family: 'Open Sans', Helvetica-Neue, Arial, sans-serif;font-size: 17px\">Ajoutez une \u00e9l\u00e9gance naturelle \u00e0 n\u2019importe quelle pi\u00e8ce avec le plus grand foyer au bois de style portrait offert par Regency. Con\u00e7u pour mettre en valeur l\u2019ambiance conviviale d\u2019un feu de bois, le Regency Alterra CF780 est un point d&rsquo;attrait magnifique et captivant.<\/span><\/p>\n","protected":false},"excerpt":{"rendered":"<p>Ajoutez une \u00e9l\u00e9gance naturelle \u00e0 n\u2019importe quelle pi\u00e8ce avec le plus grand foyer au bois de style portrait offert par Regency. Con\u00e7u pour mettre en valeur l\u2019ambiance conviviale d\u2019un feu de bois, le Regency Alterra CF780 est un point d&rsquo;attrait magnifique et captivant. <\/p>\n","protected":false},"featured_media":7697,"template":"","meta":{"_acf_changed":false},"pwb-brand":[37],"product_brand":[],"product_cat":[25,33],"product_tag":[],"class_list":{"0":"post-7695","1":"product","2":"type-product","3":"status-publish","4":"has-post-thumbnail","6":"pwb-brand-regency","7":"product_cat-bois","8":"product_cat-foyers","10":"first","11":"instock","12":"shipping-taxable","13":"product-type-simple"},"acf":[],"yoast_head":"<!-- This site is optimized with the Yoast SEO plugin v27.2 - https:\/\/yoast.com\/product\/yoast-seo-wordpress\/ -->\n<title>Foyers Cadieux | Bois, Foyers | Alterra<\/title>\n<meta name=\"description\" content=\"Foyers Cadieux | Bois, Foyers | Ajoutez une \u00e9l\u00e9gance naturelle \u00e0 n\u2019importe quelle pi\u00e8ce avec le plus grand foyer au bois de style portrait offert par Regency. Con\u00e7u pour mettre en valeur\" \/>\n<meta name=\"robots\" content=\"index, follow, max-snippet:-1, max-image-preview:large, max-video-preview:-1\" \/>\n<link rel=\"canonical\" href=\"https:\/\/foyerscadieux.com\/fr\/produit\/alterra\/\" \/>\n<meta property=\"og:locale\" content=\"fr_FR\" \/>\n<meta property=\"og:type\" content=\"article\" \/>\n<meta property=\"og:title\" content=\"Foyers Cadieux | Bois, Foyers | Alterra\" \/>\n<meta property=\"og:description\" content=\"Foyers Cadieux | Bois, Foyers | Ajoutez une \u00e9l\u00e9gance naturelle \u00e0 n\u2019importe quelle pi\u00e8ce avec le plus grand foyer au bois de style portrait offert par Regency. Con\u00e7u pour mettre en valeur\" \/>\n<meta property=\"og:url\" content=\"https:\/\/foyerscadieux.com\/fr\/produit\/alterra\/\" \/>\n<meta property=\"og:site_name\" content=\"Foyers Cadieux\" \/>\n<meta property=\"article:modified_time\" content=\"2020-06-08T21:01:04+00:00\" \/>\n<meta property=\"og:image\" content=\"https:\/\/foyerscadieux.com\/wp-content\/uploads\/2020\/06\/CF780-A-1920x680.jpg\" \/>\n\t<meta property=\"og:image:width\" content=\"450\" \/>\n\t<meta property=\"og:image:height\" content=\"159\" \/>\n\t<meta property=\"og:image:type\" content=\"image\/jpeg\" \/>\n<meta name=\"twitter:card\" content=\"summary_large_image\" \/>\n<script type=\"application\/ld+json\" class=\"yoast-schema-graph\">{\"@context\":\"https:\/\/schema.org\",\"@graph\":[{\"@type\":\"WebPage\",\"@id\":\"https:\/\/foyerscadieux.com\/fr\/produit\/alterra\/\",\"url\":\"https:\/\/foyerscadieux.com\/fr\/produit\/alterra\/\",\"name\":\"Foyers Cadieux | Bois, Foyers | Alterra\",\"isPartOf\":{\"@id\":\"https:\/\/foyerscadieux.com\/fr\/#website\"},\"primaryImageOfPage\":{\"@id\":\"https:\/\/foyerscadieux.com\/fr\/produit\/alterra\/#primaryimage\"},\"image\":{\"@id\":\"https:\/\/foyerscadieux.com\/fr\/produit\/alterra\/#primaryimage\"},\"thumbnailUrl\":\"https:\/\/foyerscadieux.com\/wp-content\/uploads\/2020\/06\/CF780-A-1920x680.jpg\",\"datePublished\":\"2020-06-08T20:49:01+00:00\",\"dateModified\":\"2020-06-08T21:01:04+00:00\",\"description\":\"Foyers Cadieux | Bois, Foyers | Ajoutez une \u00e9l\u00e9gance naturelle \u00e0 n\u2019importe quelle pi\u00e8ce avec le plus grand foyer au bois de style portrait offert par Regency. Con\u00e7u pour mettre en valeur\",\"breadcrumb\":{\"@id\":\"https:\/\/foyerscadieux.com\/fr\/produit\/alterra\/#breadcrumb\"},\"inLanguage\":\"fr-FR\",\"potentialAction\":[{\"@type\":\"ReadAction\",\"target\":[\"https:\/\/foyerscadieux.com\/fr\/produit\/alterra\/\"]}]},{\"@type\":\"ImageObject\",\"inLanguage\":\"fr-FR\",\"@id\":\"https:\/\/foyerscadieux.com\/fr\/produit\/alterra\/#primaryimage\",\"url\":\"https:\/\/foyerscadieux.com\/wp-content\/uploads\/2020\/06\/CF780-A-1920x680.jpg\",\"contentUrl\":\"https:\/\/foyerscadieux.com\/wp-content\/uploads\/2020\/06\/CF780-A-1920x680.jpg\",\"width\":450,\"height\":159},{\"@type\":\"BreadcrumbList\",\"@id\":\"https:\/\/foyerscadieux.com\/fr\/produit\/alterra\/#breadcrumb\",\"itemListElement\":[{\"@type\":\"ListItem\",\"position\":1,\"name\":\"Home\",\"item\":\"https:\/\/foyerscadieux.com\/fr\/\"},{\"@type\":\"ListItem\",\"position\":2,\"name\":\"produits\",\"item\":\"https:\/\/foyerscadieux.com\/fr\/produits\/\"},{\"@type\":\"ListItem\",\"position\":3,\"name\":\"Alterra\"}]},{\"@type\":\"WebSite\",\"@id\":\"https:\/\/foyerscadieux.com\/fr\/#website\",\"url\":\"https:\/\/foyerscadieux.com\/fr\/\",\"name\":\"Foyers Cadieux\",\"description\":\"Foyers Cadieux\",\"potentialAction\":[{\"@type\":\"SearchAction\",\"target\":{\"@type\":\"EntryPoint\",\"urlTemplate\":\"https:\/\/foyerscadieux.com\/fr\/?s={search_term_string}\"},\"query-input\":{\"@type\":\"PropertyValueSpecification\",\"valueRequired\":true,\"valueName\":\"search_term_string\"}}],\"inLanguage\":\"fr-FR\"}]}<\/script>\n<!-- \/ Yoast SEO plugin. -->","yoast_head_json":{"title":"Foyers Cadieux | Bois, Foyers | Alterra","description":"Foyers Cadieux | Bois, Foyers | Ajoutez une \u00e9l\u00e9gance naturelle \u00e0 n\u2019importe quelle pi\u00e8ce avec le plus grand foyer au bois de style portrait offert par Regency. Con\u00e7u pour mettre en valeur","robots":{"index":"index","follow":"follow","max-snippet":"max-snippet:-1","max-image-preview":"max-image-preview:large","max-video-preview":"max-video-preview:-1"},"canonical":"https:\/\/foyerscadieux.com\/fr\/produit\/alterra\/","og_locale":"fr_FR","og_type":"article","og_title":"Foyers Cadieux | Bois, Foyers | Alterra","og_description":"Foyers Cadieux | Bois, Foyers | Ajoutez une \u00e9l\u00e9gance naturelle \u00e0 n\u2019importe quelle pi\u00e8ce avec le plus grand foyer au bois de style portrait offert par Regency. Con\u00e7u pour mettre en valeur","og_url":"https:\/\/foyerscadieux.com\/fr\/produit\/alterra\/","og_site_name":"Foyers Cadieux","article_modified_time":"2020-06-08T21:01:04+00:00","og_image":[{"width":450,"height":159,"url":"https:\/\/foyerscadieux.com\/wp-content\/uploads\/2020\/06\/CF780-A-1920x680.jpg","type":"image\/jpeg"}],"twitter_card":"summary_large_image","schema":{"@context":"https:\/\/schema.org","@graph":[{"@type":"WebPage","@id":"https:\/\/foyerscadieux.com\/fr\/produit\/alterra\/","url":"https:\/\/foyerscadieux.com\/fr\/produit\/alterra\/","name":"Foyers Cadieux | Bois, Foyers | Alterra","isPartOf":{"@id":"https:\/\/foyerscadieux.com\/fr\/#website"},"primaryImageOfPage":{"@id":"https:\/\/foyerscadieux.com\/fr\/produit\/alterra\/#primaryimage"},"image":{"@id":"https:\/\/foyerscadieux.com\/fr\/produit\/alterra\/#primaryimage"},"thumbnailUrl":"https:\/\/foyerscadieux.com\/wp-content\/uploads\/2020\/06\/CF780-A-1920x680.jpg","datePublished":"2020-06-08T20:49:01+00:00","dateModified":"2020-06-08T21:01:04+00:00","description":"Foyers Cadieux | Bois, Foyers | Ajoutez une \u00e9l\u00e9gance naturelle \u00e0 n\u2019importe quelle pi\u00e8ce avec le plus grand foyer au bois de style portrait offert par Regency. Con\u00e7u pour mettre en valeur","breadcrumb":{"@id":"https:\/\/foyerscadieux.com\/fr\/produit\/alterra\/#breadcrumb"},"inLanguage":"fr-FR","potentialAction":[{"@type":"ReadAction","target":["https:\/\/foyerscadieux.com\/fr\/produit\/alterra\/"]}]},{"@type":"ImageObject","inLanguage":"fr-FR","@id":"https:\/\/foyerscadieux.com\/fr\/produit\/alterra\/#primaryimage","url":"https:\/\/foyerscadieux.com\/wp-content\/uploads\/2020\/06\/CF780-A-1920x680.jpg","contentUrl":"https:\/\/foyerscadieux.com\/wp-content\/uploads\/2020\/06\/CF780-A-1920x680.jpg","width":450,"height":159},{"@type":"BreadcrumbList","@id":"https:\/\/foyerscadieux.com\/fr\/produit\/alterra\/#breadcrumb","itemListElement":[{"@type":"ListItem","position":1,"name":"Home","item":"https:\/\/foyerscadieux.com\/fr\/"},{"@type":"ListItem","position":2,"name":"produits","item":"https:\/\/foyerscadieux.com\/fr\/produits\/"},{"@type":"ListItem","position":3,"name":"Alterra"}]},{"@type":"WebSite","@id":"https:\/\/foyerscadieux.com\/fr\/#website","url":"https:\/\/foyerscadieux.com\/fr\/","name":"Foyers Cadieux","description":"Foyers Cadieux","potentialAction":[{"@type":"SearchAction","target":{"@type":"EntryPoint","urlTemplate":"https:\/\/foyerscadieux.com\/fr\/?s={search_term_string}"},"query-input":{"@type":"PropertyValueSpecification","valueRequired":true,"valueName":"search_term_string"}}],"inLanguage":"fr-FR"}]}},"brands":[{"id":37,"name":"Regency","slug":"regency"}],"_links":{"self":[{"href":"https:\/\/foyerscadieux.com\/fr\/wp-json\/wp\/v2\/product\/7695","targetHints":{"allow":["GET"]}}],"collection":[{"href":"https:\/\/foyerscadieux.com\/fr\/wp-json\/wp\/v2\/product"}],"about":[{"href":"https:\/\/foyerscadieux.com\/fr\/wp-json\/wp\/v2\/types\/product"}],"wp:featuredmedia":[{"embeddable":true,"href":"https:\/\/foyerscadieux.com\/fr\/wp-json\/wp\/v2\/media\/7697"}],"wp:attachment":[{"href":"https:\/\/foyerscadieux.com\/fr\/wp-json\/wp\/v2\/media?parent=7695"}],"wp:term":[{"taxonomy":"pwb-brand","embeddable":true,"href":"https:\/\/foyerscadieux.com\/fr\/wp-json\/wp\/v2\/pwb-brand?post=7695"},{"taxonomy":"product_brand","embeddable":true,"href":"https:\/\/foyerscadieux.com\/fr\/wp-json\/wp\/v2\/product_brand?post=7695"},{"taxonomy":"product_cat","embeddable":true,"href":"https:\/\/foyerscadieux.com\/fr\/wp-json\/wp\/v2\/product_cat?post=7695"},{"taxonomy":"product_tag","embeddable":true,"href":"https:\/\/foyerscadieux.com\/fr\/wp-json\/wp\/v2\/product_tag?post=7695"}],"curies":[{"name":"wp","href":"https:\/\/api.w.org\/{rel}","templated":true}]}}