{"id":7704,"date":"2020-06-18T19:48:12","date_gmt":"2020-06-18T23:48:12","guid":{"rendered":"https:\/\/foyerscadieux.com\/?post_type=product&#038;p=7704"},"modified":"2020-06-18T19:55:50","modified_gmt":"2020-06-18T23:55:50","slug":"le-summit-le","status":"publish","type":"product","link":"https:\/\/foyerscadieux.com\/fr\/produit\/le-summit-le\/","title":{"rendered":"Le Summit LE"},"content":{"rendered":"<p>Le po\u00eale \u00e0 bois Summit Classique a le pouvoir de maintenir une chaleur confortable toute la nuit. Avec un choix de neuf couleurs d\u2019\u00e9mail de porcelaine, de styles de porte et de pattes, et trois finis de trivet de cuisson, le Summit Classique est le choix ultime pour chauffer jusqu\u2019\u00e0 3000 pi.ca. de surface de plancher. Caract\u00e9ristiques Technologie non catalytique fiable et durable; Utilisation conviviale par simple touche; Vitre c\u00e9ramique nettoy\u00e9e en continu par balayage d\u2019air; Syst\u00e8me d\u2019\u00e9limination des cendres facile \u00e0 utiliser; Syst\u00e8me d\u2019injection d\u2019air de combustion \u00e0 orifices multiples; Compatible avec prise d\u2019air ext\u00e9rieure et int\u00e9rieure; Caisson flottant pour une dur\u00e9e de vie prolong\u00e9e du po\u00eale; Chargement du bois facile et s\u00e9curitaire, de l\u2019avant \u00e0 l\u2019arri\u00e8re; Fini en \u00e9mail de porcelaine; Plaque d\u2019acier \u00e9paisse sous le dessus d\u00e9coratif; D\u00e9flecteur en acier et couvercle isolant en acier inox 304; Jet d\u2019air propuls\u00e9 pour faciliter l\u2019allumage; Homologu\u00e9 pour maisons mobiles; Combustion prolong\u00e9e EBT (Extended Burn Technology md Disponible Pattes en quatre finis; Porte arqu\u00e9e en quatre finis; Trivet de cuisson classique en trois finis;<\/p>\n","protected":false},"excerpt":{"rendered":"<p>Le po\u00eale \u00e0 bois Summit Classique a le pouvoir de maintenir une chaleur confortable toute la nuit. Avec un choix de neuf couleurs d\u2019\u00e9mail de porcelaine, de styles de porte et de pattes, et trois finis de trivet de cuisson, le Summit Classique est le choix ultime pour chauffer jusqu\u2019\u00e0 3000 pi.ca. <\/p>\n","protected":false},"featured_media":7706,"template":"","meta":{"_acf_changed":false},"pwb-brand":[57],"product_brand":[],"product_cat":[25,34],"product_tag":[],"class_list":{"0":"post-7704","1":"product","2":"type-product","3":"status-publish","4":"has-post-thumbnail","6":"pwb-brand-pacific-energy","7":"product_cat-bois","8":"product_cat-poeles","10":"first","11":"instock","12":"shipping-taxable","13":"product-type-simple"},"acf":[],"yoast_head":"<!-- This site is optimized with the Yoast SEO plugin v27.2 - https:\/\/yoast.com\/product\/yoast-seo-wordpress\/ -->\n<title>Foyers Cadieux | Bois, Po\u00eales | Le Summit LE<\/title>\n<meta name=\"description\" content=\"Foyers Cadieux | Bois, Po\u00eales | Le po\u00eale \u00e0 bois Summit Classique a le pouvoir de maintenir une chaleur confortable toute la nuit. Avec un choix de neuf couleurs d\u2019\u00e9mail de porcelaine, de\" \/>\n<meta name=\"robots\" content=\"index, follow, max-snippet:-1, max-image-preview:large, max-video-preview:-1\" \/>\n<link rel=\"canonical\" href=\"https:\/\/foyerscadieux.com\/fr\/produit\/le-summit-le\/\" \/>\n<meta property=\"og:locale\" content=\"fr_FR\" \/>\n<meta property=\"og:type\" content=\"article\" \/>\n<meta property=\"og:title\" content=\"Foyers Cadieux | Bois, Po\u00eales | Le Summit LE\" \/>\n<meta property=\"og:description\" content=\"Foyers Cadieux | Bois, Po\u00eales | Le po\u00eale \u00e0 bois Summit Classique a le pouvoir de maintenir une chaleur confortable toute la nuit. Avec un choix de neuf couleurs d\u2019\u00e9mail de porcelaine, de\" \/>\n<meta property=\"og:url\" content=\"https:\/\/foyerscadieux.com\/fr\/produit\/le-summit-le\/\" \/>\n<meta property=\"og:site_name\" content=\"Foyers Cadieux\" \/>\n<meta property=\"article:modified_time\" content=\"2020-06-18T23:55:50+00:00\" \/>\n<meta property=\"og:image\" content=\"https:\/\/foyerscadieux.com\/wp-content\/uploads\/2020\/06\/summit_room_HR.jpg\" \/>\n\t<meta property=\"og:image:width\" content=\"2325\" \/>\n\t<meta property=\"og:image:height\" content=\"3238\" \/>\n\t<meta property=\"og:image:type\" content=\"image\/jpeg\" \/>\n<meta name=\"twitter:card\" content=\"summary_large_image\" \/>\n<meta name=\"twitter:label1\" content=\"Dur\u00e9e de lecture estim\u00e9e\" \/>\n\t<meta name=\"twitter:data1\" content=\"1 minute\" \/>\n<script type=\"application\/ld+json\" class=\"yoast-schema-graph\">{\"@context\":\"https:\/\/schema.org\",\"@graph\":[{\"@type\":\"WebPage\",\"@id\":\"https:\/\/foyerscadieux.com\/fr\/produit\/le-summit-le\/\",\"url\":\"https:\/\/foyerscadieux.com\/fr\/produit\/le-summit-le\/\",\"name\":\"Foyers Cadieux | Bois, Po\u00eales | Le Summit LE\",\"isPartOf\":{\"@id\":\"https:\/\/foyerscadieux.com\/fr\/#website\"},\"primaryImageOfPage\":{\"@id\":\"https:\/\/foyerscadieux.com\/fr\/produit\/le-summit-le\/#primaryimage\"},\"image\":{\"@id\":\"https:\/\/foyerscadieux.com\/fr\/produit\/le-summit-le\/#primaryimage\"},\"thumbnailUrl\":\"https:\/\/foyerscadieux.com\/wp-content\/uploads\/2020\/06\/summit_room_HR.jpg\",\"datePublished\":\"2020-06-18T23:48:12+00:00\",\"dateModified\":\"2020-06-18T23:55:50+00:00\",\"description\":\"Foyers Cadieux | Bois, Po\u00eales | Le po\u00eale \u00e0 bois Summit Classique a le pouvoir de maintenir une chaleur confortable toute la nuit. Avec un choix de neuf couleurs d\u2019\u00e9mail de porcelaine, de\",\"breadcrumb\":{\"@id\":\"https:\/\/foyerscadieux.com\/fr\/produit\/le-summit-le\/#breadcrumb\"},\"inLanguage\":\"fr-FR\",\"potentialAction\":[{\"@type\":\"ReadAction\",\"target\":[\"https:\/\/foyerscadieux.com\/fr\/produit\/le-summit-le\/\"]}]},{\"@type\":\"ImageObject\",\"inLanguage\":\"fr-FR\",\"@id\":\"https:\/\/foyerscadieux.com\/fr\/produit\/le-summit-le\/#primaryimage\",\"url\":\"https:\/\/foyerscadieux.com\/wp-content\/uploads\/2020\/06\/summit_room_HR.jpg\",\"contentUrl\":\"https:\/\/foyerscadieux.com\/wp-content\/uploads\/2020\/06\/summit_room_HR.jpg\",\"width\":2325,\"height\":3238},{\"@type\":\"BreadcrumbList\",\"@id\":\"https:\/\/foyerscadieux.com\/fr\/produit\/le-summit-le\/#breadcrumb\",\"itemListElement\":[{\"@type\":\"ListItem\",\"position\":1,\"name\":\"Home\",\"item\":\"https:\/\/foyerscadieux.com\/fr\/\"},{\"@type\":\"ListItem\",\"position\":2,\"name\":\"produits\",\"item\":\"https:\/\/foyerscadieux.com\/fr\/produits\/\"},{\"@type\":\"ListItem\",\"position\":3,\"name\":\"Le Summit LE\"}]},{\"@type\":\"WebSite\",\"@id\":\"https:\/\/foyerscadieux.com\/fr\/#website\",\"url\":\"https:\/\/foyerscadieux.com\/fr\/\",\"name\":\"Foyers Cadieux\",\"description\":\"Foyers Cadieux\",\"potentialAction\":[{\"@type\":\"SearchAction\",\"target\":{\"@type\":\"EntryPoint\",\"urlTemplate\":\"https:\/\/foyerscadieux.com\/fr\/?s={search_term_string}\"},\"query-input\":{\"@type\":\"PropertyValueSpecification\",\"valueRequired\":true,\"valueName\":\"search_term_string\"}}],\"inLanguage\":\"fr-FR\"}]}<\/script>\n<!-- \/ Yoast SEO plugin. -->","yoast_head_json":{"title":"Foyers Cadieux | Bois, Po\u00eales | Le Summit LE","description":"Foyers Cadieux | Bois, Po\u00eales | Le po\u00eale \u00e0 bois Summit Classique a le pouvoir de maintenir une chaleur confortable toute la nuit. Avec un choix de neuf couleurs d\u2019\u00e9mail de porcelaine, de","robots":{"index":"index","follow":"follow","max-snippet":"max-snippet:-1","max-image-preview":"max-image-preview:large","max-video-preview":"max-video-preview:-1"},"canonical":"https:\/\/foyerscadieux.com\/fr\/produit\/le-summit-le\/","og_locale":"fr_FR","og_type":"article","og_title":"Foyers Cadieux | Bois, Po\u00eales | Le Summit LE","og_description":"Foyers Cadieux | Bois, Po\u00eales | Le po\u00eale \u00e0 bois Summit Classique a le pouvoir de maintenir une chaleur confortable toute la nuit. Avec un choix de neuf couleurs d\u2019\u00e9mail de porcelaine, de","og_url":"https:\/\/foyerscadieux.com\/fr\/produit\/le-summit-le\/","og_site_name":"Foyers Cadieux","article_modified_time":"2020-06-18T23:55:50+00:00","og_image":[{"width":2325,"height":3238,"url":"https:\/\/foyerscadieux.com\/wp-content\/uploads\/2020\/06\/summit_room_HR.jpg","type":"image\/jpeg"}],"twitter_card":"summary_large_image","twitter_misc":{"Dur\u00e9e de lecture estim\u00e9e":"1 minute"},"schema":{"@context":"https:\/\/schema.org","@graph":[{"@type":"WebPage","@id":"https:\/\/foyerscadieux.com\/fr\/produit\/le-summit-le\/","url":"https:\/\/foyerscadieux.com\/fr\/produit\/le-summit-le\/","name":"Foyers Cadieux | Bois, Po\u00eales | Le Summit LE","isPartOf":{"@id":"https:\/\/foyerscadieux.com\/fr\/#website"},"primaryImageOfPage":{"@id":"https:\/\/foyerscadieux.com\/fr\/produit\/le-summit-le\/#primaryimage"},"image":{"@id":"https:\/\/foyerscadieux.com\/fr\/produit\/le-summit-le\/#primaryimage"},"thumbnailUrl":"https:\/\/foyerscadieux.com\/wp-content\/uploads\/2020\/06\/summit_room_HR.jpg","datePublished":"2020-06-18T23:48:12+00:00","dateModified":"2020-06-18T23:55:50+00:00","description":"Foyers Cadieux | Bois, Po\u00eales | Le po\u00eale \u00e0 bois Summit Classique a le pouvoir de maintenir une chaleur confortable toute la nuit. Avec un choix de neuf couleurs d\u2019\u00e9mail de porcelaine, de","breadcrumb":{"@id":"https:\/\/foyerscadieux.com\/fr\/produit\/le-summit-le\/#breadcrumb"},"inLanguage":"fr-FR","potentialAction":[{"@type":"ReadAction","target":["https:\/\/foyerscadieux.com\/fr\/produit\/le-summit-le\/"]}]},{"@type":"ImageObject","inLanguage":"fr-FR","@id":"https:\/\/foyerscadieux.com\/fr\/produit\/le-summit-le\/#primaryimage","url":"https:\/\/foyerscadieux.com\/wp-content\/uploads\/2020\/06\/summit_room_HR.jpg","contentUrl":"https:\/\/foyerscadieux.com\/wp-content\/uploads\/2020\/06\/summit_room_HR.jpg","width":2325,"height":3238},{"@type":"BreadcrumbList","@id":"https:\/\/foyerscadieux.com\/fr\/produit\/le-summit-le\/#breadcrumb","itemListElement":[{"@type":"ListItem","position":1,"name":"Home","item":"https:\/\/foyerscadieux.com\/fr\/"},{"@type":"ListItem","position":2,"name":"produits","item":"https:\/\/foyerscadieux.com\/fr\/produits\/"},{"@type":"ListItem","position":3,"name":"Le Summit LE"}]},{"@type":"WebSite","@id":"https:\/\/foyerscadieux.com\/fr\/#website","url":"https:\/\/foyerscadieux.com\/fr\/","name":"Foyers Cadieux","description":"Foyers Cadieux","potentialAction":[{"@type":"SearchAction","target":{"@type":"EntryPoint","urlTemplate":"https:\/\/foyerscadieux.com\/fr\/?s={search_term_string}"},"query-input":{"@type":"PropertyValueSpecification","valueRequired":true,"valueName":"search_term_string"}}],"inLanguage":"fr-FR"}]}},"brands":[{"id":57,"name":"Pacific Energy","slug":"pacific-energy"}],"_links":{"self":[{"href":"https:\/\/foyerscadieux.com\/fr\/wp-json\/wp\/v2\/product\/7704","targetHints":{"allow":["GET"]}}],"collection":[{"href":"https:\/\/foyerscadieux.com\/fr\/wp-json\/wp\/v2\/product"}],"about":[{"href":"https:\/\/foyerscadieux.com\/fr\/wp-json\/wp\/v2\/types\/product"}],"wp:featuredmedia":[{"embeddable":true,"href":"https:\/\/foyerscadieux.com\/fr\/wp-json\/wp\/v2\/media\/7706"}],"wp:attachment":[{"href":"https:\/\/foyerscadieux.com\/fr\/wp-json\/wp\/v2\/media?parent=7704"}],"wp:term":[{"taxonomy":"pwb-brand","embeddable":true,"href":"https:\/\/foyerscadieux.com\/fr\/wp-json\/wp\/v2\/pwb-brand?post=7704"},{"taxonomy":"product_brand","embeddable":true,"href":"https:\/\/foyerscadieux.com\/fr\/wp-json\/wp\/v2\/product_brand?post=7704"},{"taxonomy":"product_cat","embeddable":true,"href":"https:\/\/foyerscadieux.com\/fr\/wp-json\/wp\/v2\/product_cat?post=7704"},{"taxonomy":"product_tag","embeddable":true,"href":"https:\/\/foyerscadieux.com\/fr\/wp-json\/wp\/v2\/product_tag?post=7704"}],"curies":[{"name":"wp","href":"https:\/\/api.w.org\/{rel}","templated":true}]}}